{"id":16952,"date":"2023-09-21T19:52:41","date_gmt":"2023-09-21T17:52:41","guid":{"rendered":"https:\/\/body-n-soul.com\/?post_type=product&#038;p=16952"},"modified":"2025-04-12T18:09:18","modified_gmt":"2025-04-12T16:09:18","slug":"bulldog-grinder","status":"publish","type":"product","link":"https:\/\/body-n-soul.com\/de\/produkt\/bulldog-grinder\/","title":{"rendered":"The Bulldog Original Silver Metal Grinder 40mm \u2013 3 dele"},"content":{"rendered":"<h2>Bulldog Tredelt slidst\u00e6rk metalgrinder<\/h2>\n<p>Bulldog Original Silver Metal Grinder leveres med separate dele. Den har en speciel sk\u00e6rm til sigtning, et slibekammer og et opbevaringskammer til opbevaring af hampblomstharpiks. Dette er et holdbart og smukt stykke v\u00e6rkt\u00f8j og dine enner vil blive gr\u00f8nne af misundelse af den imponerende funktionalitet. Og der er gods i den. Grinderen er tung og ligger godt i h\u00e5nden.<\/p>\n<p>Grindren er slidst\u00e6rkt og yderst funktionelt og ret stilfuld.<\/p>\n<h3>Skarpe, diamantformede t\u00e6nder<\/h3>\n<p>Grinderen har skarpe, diamantformede t\u00e6nder, der giver den glatteste grinding af det du nu skal ryge. N\u00e5r du maler, falder blomsten ned i opbevaringsrummet, hvor den opbevares sikkert. Vores Bulldog kv\u00e6rn er den perfekte kombination af stil og funktionalitet. Den har en mat metalfinish og metallisk bly med et detaljeret indgraveret The Bulldog Amsterdam-logo i fuld st\u00f8rrelse p\u00e5 l\u00e5get. Det ser fedt ud.<\/p>\n<h3>Designet til Connoisseur Roller<\/h3>\n<p>Perfekt til dig, der \u00f8nsker at grinde p\u00e5 farten. Denne grinder er kun 40 mm i diameter. Den er let at bruge og har en magnetisk lukkemekanisme. Det gennemt\u00e6nkte design str\u00e6kker sig ud over \u00e6stetik og b\u00e6rbarhed. I mods\u00e6tning til andre enheder i samme serie, kommer Bulldog Original Silver metalgrinderen med ekstra funktioner som en opbevaringsboks, der kan bruges til at opbevare eventuelle rester af materiale.<\/p>\n<p>&nbsp;<\/p>\n","protected":false},"excerpt":{"rendered":"<h2>Bulldog Tredelt slidst\u00e6rk metalgrinder &#8211; \u00d840mm<\/h2>\n<p>En virkeligt slidst\u00e6rk og l\u00e6kker grinder.<\/p>\n<p>Med skarpe diamantformede t\u00e6nder.<\/p>\n<p>3 delt s\u00e5 alt opsamles n\u00e5r du grinder og intet g\u00e5r til spilde.<\/p>\n<p>Retur til\u00a0<a href=\"\/tilbehoer\/\">Tilbeh\u00f8r<\/a><\/p>\n","protected":false},"featured_media":16965,"comment_status":"open","ping_status":"closed","template":"","meta":{"ocean_post_layout":"","ocean_both_sidebars_style":"","ocean_both_sidebars_content_width":0,"ocean_both_sidebars_sidebars_width":0,"ocean_sidebar":"0","ocean_second_sidebar":"0","ocean_disable_margins":"enable","ocean_add_body_class":"","ocean_shortcode_before_top_bar":"","ocean_shortcode_after_top_bar":"","ocean_shortcode_before_header":"","ocean_shortcode_after_header":"","ocean_has_shortcode":"","ocean_shortcode_after_title":"","ocean_shortcode_before_footer_widgets":"","ocean_shortcode_after_footer_widgets":"","ocean_shortcode_before_footer_bottom":"","ocean_shortcode_after_footer_bottom":"","ocean_display_top_bar":"default","ocean_display_header":"default","ocean_header_style":"","ocean_center_header_left_menu":"0","ocean_custom_header_template":"0","ocean_custom_logo":0,"ocean_custom_retina_logo":0,"ocean_custom_logo_max_width":0,"ocean_custom_logo_tablet_max_width":0,"ocean_custom_logo_mobile_max_width":0,"ocean_custom_logo_max_height":0,"ocean_custom_logo_tablet_max_height":0,"ocean_custom_logo_mobile_max_height":0,"ocean_header_custom_menu":"0","ocean_menu_typo_font_family":"0","ocean_menu_typo_font_subset":"","ocean_menu_typo_font_size":0,"ocean_menu_typo_font_size_tablet":0,"ocean_menu_typo_font_size_mobile":0,"ocean_menu_typo_font_size_unit":"px","ocean_menu_typo_font_weight":"","ocean_menu_typo_font_weight_tablet":"","ocean_menu_typo_font_weight_mobile":"","ocean_menu_typo_transform":"","ocean_menu_typo_transform_tablet":"","ocean_menu_typo_transform_mobile":"","ocean_menu_typo_line_height":0,"ocean_menu_typo_line_height_tablet":0,"ocean_menu_typo_line_height_mobile":0,"ocean_menu_typo_line_height_unit":"","ocean_menu_typo_spacing":0,"ocean_menu_typo_spacing_tablet":0,"ocean_menu_typo_spacing_mobile":0,"ocean_menu_typo_spacing_unit":"","ocean_menu_link_color":"","ocean_menu_link_color_hover":"","ocean_menu_link_color_active":"","ocean_menu_link_background":"","ocean_menu_link_hover_background":"","ocean_menu_link_active_background":"","ocean_menu_social_links_bg":"","ocean_menu_social_hover_links_bg":"","ocean_menu_social_links_color":"","ocean_menu_social_hover_links_color":"","ocean_disable_title":"default","ocean_disable_heading":"default","ocean_post_title":"","ocean_post_subheading":"","ocean_post_title_style":"","ocean_post_title_background_color":"","ocean_post_title_background":0,"ocean_post_title_bg_image_position":"","ocean_post_title_bg_image_attachment":"","ocean_post_title_bg_image_repeat":"","ocean_post_title_bg_image_size":"","ocean_post_title_height":0,"ocean_post_title_bg_overlay":0.5,"ocean_post_title_bg_overlay_color":"","ocean_disable_breadcrumbs":"default","ocean_breadcrumbs_color":"","ocean_breadcrumbs_separator_color":"","ocean_breadcrumbs_links_color":"","ocean_breadcrumbs_links_hover_color":"","ocean_display_footer_widgets":"default","ocean_display_footer_bottom":"default","ocean_custom_footer_template":"0","osh_disable_topbar_sticky":"default","osh_disable_header_sticky":"default","osh_sticky_header_style":"default","osh_sticky_header_effect":"","osh_custom_sticky_logo":0,"osh_custom_retina_sticky_logo":0,"osh_custom_sticky_logo_height":0,"osh_background_color":"","osh_links_color":"","osh_links_hover_color":"","osh_links_active_color":"","osh_links_bg_color":"","osh_links_hover_bg_color":"","osh_links_active_bg_color":"","osh_menu_social_links_color":"","osh_menu_social_hover_links_color":"","iawp_total_views":80},"product_brand":[],"product_cat":[908],"product_tag":[855],"class_list":{"0":"post-16952","1":"product","2":"type-product","3":"status-publish","4":"has-post-thumbnail","6":"product_cat-grinder","7":"product_tag-grinder","9":"entry","10":"has-media","12":"first","13":"instock","14":"taxable","15":"shipping-taxable","16":"purchasable","17":"product-type-simple","18":"has-product-nav","19":"col","20":"span_1_of_4","21":"owp-content-center","22":"item-entry","23":"owp-thumbs-layout-vertical","24":"owp-btn-normal","25":"owp-tabs-layout-vertical","27":"circle-sale"},"_links":{"self":[{"href":"https:\/\/body-n-soul.com\/de\/wp-json\/wp\/v2\/product\/16952","targetHints":{"allow":["GET"]}}],"collection":[{"href":"https:\/\/body-n-soul.com\/de\/wp-json\/wp\/v2\/product"}],"about":[{"href":"https:\/\/body-n-soul.com\/de\/wp-json\/wp\/v2\/types\/product"}],"replies":[{"embeddable":true,"href":"https:\/\/body-n-soul.com\/de\/wp-json\/wp\/v2\/comments?post=16952"}],"wp:featuredmedia":[{"embeddable":true,"href":"https:\/\/body-n-soul.com\/de\/wp-json\/wp\/v2\/media\/16965"}],"wp:attachment":[{"href":"https:\/\/body-n-soul.com\/de\/wp-json\/wp\/v2\/media?parent=16952"}],"wp:term":[{"taxonomy":"product_brand","embeddable":true,"href":"https:\/\/body-n-soul.com\/de\/wp-json\/wp\/v2\/product_brand?post=16952"},{"taxonomy":"product_cat","embeddable":true,"href":"https:\/\/body-n-soul.com\/de\/wp-json\/wp\/v2\/product_cat?post=16952"},{"taxonomy":"product_tag","embeddable":true,"href":"https:\/\/body-n-soul.com\/de\/wp-json\/wp\/v2\/product_tag?post=16952"}],"curies":[{"name":"wp","href":"https:\/\/api.w.org\/{rel}","templated":true}]}}