{"id":14232,"date":"2022-08-02T19:19:11","date_gmt":"2022-08-02T17:19:11","guid":{"rendered":"https:\/\/body-n-soul.com\/?post_type=product&#038;p=14232"},"modified":"2026-04-16T03:54:54","modified_gmt":"2026-04-16T01:54:54","slug":"raw-classic-kingsize-cones","status":"publish","type":"product","link":"https:\/\/body-n-soul.com\/de\/produkt\/raw-classic-kingsize-cones\/","title":{"rendered":"RAW Classic Kingsize Cones"},"content":{"rendered":"<h2><span dir=\"ltr\" role=\"presentation\">RAW Classic Kingsize Cones<\/span><\/h2>\n<p>Den ultimative bekvemmelighed ved at rulle og ryge<\/p>\n<p>En revolutionerende m\u00e5de at nyde din r\u00f8g p\u00e5<\/p>\n<p>Disse RAW Slim Cones 3-pakker er 100% veganske. Hver forrullede cone er lavet af RAWs propriet\u00e6re blanding af ublegede fibre, der giver dig mulighed for at rulle dine cigaretter p\u00e5 f\u00e5 sekunder.<\/p>\n<p>Raw Slim Cones tilbyder den samme fremragende rygeoplevelse som den ikoniske Classic Cone, men er forrullet til en slank kegleform for en hurtigere og mere bekvem r\u00f8g og kommer i pakker med 3.<\/p>\n<p>De tilbyder en langsom, j\u00e6vn forbr\u00e6nding, uden nogen effekt p\u00e5 smagen af r\u00f8gen, pr\u00e6cis hvad de fleste rygere gerne vil have. Tragten leder materialet ubesv\u00e6ret ind i en RAW-cone for at g\u00f8re rygesessionerne enklere og renere end nogensinde f\u00f8r.<\/p>\n<p>St\u00f8rrelse: King Size r\u00e5 kegler er cirka 110 mm lange. De er st\u00f8rre end standard cones, hvilket giver dig mulighed for at fylde dem med en st\u00f8rre m\u00e6ngde t\u00f8rre urter for en l\u00e6ngere r\u00f8g.<\/p>\n<p>Raw Cones King Size Classic indeholder ingen kemiske tils\u00e6tningsstoffer, kunstige farver eller blegemidler. Dette sikrer en renere rygeoplevelse uden at \u00e6ndre den originale smag af de t\u00f8rrede urter. Langsom og ensartet forbr\u00e6nding:<\/p>\n","protected":false},"excerpt":{"rendered":"<h2><span dir=\"ltr\" role=\"presentation\">RAW Classic Kingsize Cones<\/span><\/h2>\n<p>Den ultimative bekvemmelighed ved at rulle og ryge<\/p>\n<p>En revolutionerende m\u00e5de at nyde din r\u00f8g p\u00e5<\/p>\n<p>3 cones pr pakke.<\/p>\n<p>Retur til\u00a0<a href=\"\/tilbehoer\/\">Tilbeh\u00f8r<\/a><\/p>\n","protected":false},"featured_media":17874,"comment_status":"open","ping_status":"closed","template":"","meta":{"ocean_post_layout":"","ocean_both_sidebars_style":"","ocean_both_sidebars_content_width":0,"ocean_both_sidebars_sidebars_width":0,"ocean_sidebar":"0","ocean_second_sidebar":"0","ocean_disable_margins":"enable","ocean_add_body_class":"","ocean_shortcode_before_top_bar":"","ocean_shortcode_after_top_bar":"","ocean_shortcode_before_header":"","ocean_shortcode_after_header":"","ocean_has_shortcode":"","ocean_shortcode_after_title":"","ocean_shortcode_before_footer_widgets":"","ocean_shortcode_after_footer_widgets":"","ocean_shortcode_before_footer_bottom":"","ocean_shortcode_after_footer_bottom":"","ocean_display_top_bar":"default","ocean_display_header":"default","ocean_header_style":"","ocean_center_header_left_menu":"0","ocean_custom_header_template":"0","ocean_custom_logo":0,"ocean_custom_retina_logo":0,"ocean_custom_logo_max_width":0,"ocean_custom_logo_tablet_max_width":0,"ocean_custom_logo_mobile_max_width":0,"ocean_custom_logo_max_height":0,"ocean_custom_logo_tablet_max_height":0,"ocean_custom_logo_mobile_max_height":0,"ocean_header_custom_menu":"0","ocean_menu_typo_font_family":"0","ocean_menu_typo_font_subset":"","ocean_menu_typo_font_size":0,"ocean_menu_typo_font_size_tablet":0,"ocean_menu_typo_font_size_mobile":0,"ocean_menu_typo_font_size_unit":"px","ocean_menu_typo_font_weight":"","ocean_menu_typo_font_weight_tablet":"","ocean_menu_typo_font_weight_mobile":"","ocean_menu_typo_transform":"","ocean_menu_typo_transform_tablet":"","ocean_menu_typo_transform_mobile":"","ocean_menu_typo_line_height":0,"ocean_menu_typo_line_height_tablet":0,"ocean_menu_typo_line_height_mobile":0,"ocean_menu_typo_line_height_unit":"","ocean_menu_typo_spacing":0,"ocean_menu_typo_spacing_tablet":0,"ocean_menu_typo_spacing_mobile":0,"ocean_menu_typo_spacing_unit":"","ocean_menu_link_color":"","ocean_menu_link_color_hover":"","ocean_menu_link_color_active":"","ocean_menu_link_background":"","ocean_menu_link_hover_background":"","ocean_menu_link_active_background":"","ocean_menu_social_links_bg":"","ocean_menu_social_hover_links_bg":"","ocean_menu_social_links_color":"","ocean_menu_social_hover_links_color":"","ocean_disable_title":"default","ocean_disable_heading":"default","ocean_post_title":"","ocean_post_subheading":"","ocean_post_title_style":"","ocean_post_title_background_color":"","ocean_post_title_background":0,"ocean_post_title_bg_image_position":"","ocean_post_title_bg_image_attachment":"","ocean_post_title_bg_image_repeat":"","ocean_post_title_bg_image_size":"","ocean_post_title_height":0,"ocean_post_title_bg_overlay":0.5,"ocean_post_title_bg_overlay_color":"","ocean_disable_breadcrumbs":"default","ocean_breadcrumbs_color":"","ocean_breadcrumbs_separator_color":"","ocean_breadcrumbs_links_color":"","ocean_breadcrumbs_links_hover_color":"","ocean_display_footer_widgets":"default","ocean_display_footer_bottom":"default","ocean_custom_footer_template":"0","osh_disable_topbar_sticky":"default","osh_disable_header_sticky":"default","osh_sticky_header_style":"default","osh_sticky_header_effect":"","osh_custom_sticky_logo":0,"osh_custom_retina_sticky_logo":0,"osh_custom_sticky_logo_height":0,"osh_background_color":"","osh_links_color":"","osh_links_hover_color":"","osh_links_active_color":"","osh_links_bg_color":"","osh_links_hover_bg_color":"","osh_links_active_bg_color":"","osh_menu_social_links_color":"","osh_menu_social_hover_links_color":"","iawp_total_views":95},"product_brand":[],"product_cat":[622],"product_tag":[850,724],"class_list":{"0":"post-14232","1":"product","2":"type-product","3":"status-publish","4":"has-post-thumbnail","6":"product_cat-tilbehoer-cat","7":"product_tag-joint-paper","8":"product_tag-raw","10":"entry","11":"has-media","13":"first","14":"instock","15":"taxable","16":"shipping-taxable","17":"purchasable","18":"product-type-simple","19":"has-product-nav","20":"col","21":"span_1_of_4","22":"owp-content-center","23":"item-entry","24":"owp-thumbs-layout-vertical","25":"owp-btn-normal","26":"owp-tabs-layout-vertical","28":"circle-sale"},"_links":{"self":[{"href":"https:\/\/body-n-soul.com\/de\/wp-json\/wp\/v2\/product\/14232","targetHints":{"allow":["GET"]}}],"collection":[{"href":"https:\/\/body-n-soul.com\/de\/wp-json\/wp\/v2\/product"}],"about":[{"href":"https:\/\/body-n-soul.com\/de\/wp-json\/wp\/v2\/types\/product"}],"replies":[{"embeddable":true,"href":"https:\/\/body-n-soul.com\/de\/wp-json\/wp\/v2\/comments?post=14232"}],"wp:featuredmedia":[{"embeddable":true,"href":"https:\/\/body-n-soul.com\/de\/wp-json\/wp\/v2\/media\/17874"}],"wp:attachment":[{"href":"https:\/\/body-n-soul.com\/de\/wp-json\/wp\/v2\/media?parent=14232"}],"wp:term":[{"taxonomy":"product_brand","embeddable":true,"href":"https:\/\/body-n-soul.com\/de\/wp-json\/wp\/v2\/product_brand?post=14232"},{"taxonomy":"product_cat","embeddable":true,"href":"https:\/\/body-n-soul.com\/de\/wp-json\/wp\/v2\/product_cat?post=14232"},{"taxonomy":"product_tag","embeddable":true,"href":"https:\/\/body-n-soul.com\/de\/wp-json\/wp\/v2\/product_tag?post=14232"}],"curies":[{"name":"wp","href":"https:\/\/api.w.org\/{rel}","templated":true}]}}