{"id":14228,"date":"2022-08-02T19:12:16","date_gmt":"2022-08-02T17:12:16","guid":{"rendered":"https:\/\/body-n-soul.com\/?post_type=product&#038;p=14228"},"modified":"2025-06-17T17:50:58","modified_gmt":"2025-06-17T15:50:58","slug":"raw-classic-rolling-papers-connoisseur-kingsize","status":"publish","type":"product","link":"https:\/\/body-n-soul.com\/de\/produkt\/raw-classic-rolling-papers-connoisseur-kingsize\/","title":{"rendered":"RAW Classic Rolling Papers Connoisseur Kingsize"},"content":{"rendered":"<h2>RAW Classic Rolling Papers Connoisseur Kingsize<\/h2>\n<p>Det mest naturlige jointpapir p\u00e5 markedet<\/p>\n<p>Disse RAW Connoisseur King Size slim jointpapir + tips er en god mulighed for dig der foretr\u00e6kker l\u00e6ngere rygesessioner eller h\u00e5ndrullende cones.<\/p>\n<p>Dette er en alt-i-\u00e9n-l\u00f8sning, der er nem at have med over alt s\u00e5 du altid har pair og filte ved h\u00e5nden n\u00e5r trangen til et sug kommer.<\/p>\n<p>Pak dine &#8218;urter&#8216; ind i et gennemsigtigt ultratyndt jointpapir der br\u00e6nder langsomt og rent for at give dig den bedste oplevelse<\/p>\n<p>Dette er helt som det plejer at v\u00e6re fra RAW: kompromisl\u00f8s holdning til kvalitet og b\u00e6redygtighed.<\/p>\n<h3>Sikker for veganere og helt naturlige rygere<\/h3>\n<p>Kan du lide det gr\u00f8nt og naturligt? RAW Connoisseur Kingsize slanke rullepapir + tips giver dig den bedste oplevelse og du uds\u00e6ttes ikke eksponering for toksiner her.<\/p>\n<p>Plantefibrene, der bruges i produktionen, dyrkes i milj\u00f8venlige milj\u00f8er ved at bruge vedvarende og b\u00e6redygtige metoder. Endnu bedre, jointpapiret eller filtene indeholder ingen farvestoffer, blegemidler eller tils\u00e6tningsstoffer, hvilket g\u00f8r dem sikre for dig at bruge.<\/p>\n<p>Indeholder 32 jointpapers og filtre<\/p>\n","protected":false},"excerpt":{"rendered":"<h2>RAW Classic Rolling Papers Connoisseur Kingsize<\/h2>\n<p>Det mest naturlige jointpapir p\u00e5 markedet<\/p>\n<p>Indeholder 32 jointpapers og filtre<\/p>\n<p>Retur til\u00a0<a href=\"\/tilbehoer\/\">Tilbeh\u00f8r<\/a><\/p>\n","protected":false},"featured_media":17895,"comment_status":"open","ping_status":"closed","template":"","meta":{"ocean_post_layout":"","ocean_both_sidebars_style":"","ocean_both_sidebars_content_width":0,"ocean_both_sidebars_sidebars_width":0,"ocean_sidebar":"0","ocean_second_sidebar":"0","ocean_disable_margins":"enable","ocean_add_body_class":"","ocean_shortcode_before_top_bar":"","ocean_shortcode_after_top_bar":"","ocean_shortcode_before_header":"","ocean_shortcode_after_header":"","ocean_has_shortcode":"","ocean_shortcode_after_title":"","ocean_shortcode_before_footer_widgets":"","ocean_shortcode_after_footer_widgets":"","ocean_shortcode_before_footer_bottom":"","ocean_shortcode_after_footer_bottom":"","ocean_display_top_bar":"default","ocean_display_header":"default","ocean_header_style":"","ocean_center_header_left_menu":"0","ocean_custom_header_template":"0","ocean_custom_logo":0,"ocean_custom_retina_logo":0,"ocean_custom_logo_max_width":0,"ocean_custom_logo_tablet_max_width":0,"ocean_custom_logo_mobile_max_width":0,"ocean_custom_logo_max_height":0,"ocean_custom_logo_tablet_max_height":0,"ocean_custom_logo_mobile_max_height":0,"ocean_header_custom_menu":"0","ocean_menu_typo_font_family":"0","ocean_menu_typo_font_subset":"","ocean_menu_typo_font_size":0,"ocean_menu_typo_font_size_tablet":0,"ocean_menu_typo_font_size_mobile":0,"ocean_menu_typo_font_size_unit":"px","ocean_menu_typo_font_weight":"","ocean_menu_typo_font_weight_tablet":"","ocean_menu_typo_font_weight_mobile":"","ocean_menu_typo_transform":"","ocean_menu_typo_transform_tablet":"","ocean_menu_typo_transform_mobile":"","ocean_menu_typo_line_height":0,"ocean_menu_typo_line_height_tablet":0,"ocean_menu_typo_line_height_mobile":0,"ocean_menu_typo_line_height_unit":"","ocean_menu_typo_spacing":0,"ocean_menu_typo_spacing_tablet":0,"ocean_menu_typo_spacing_mobile":0,"ocean_menu_typo_spacing_unit":"","ocean_menu_link_color":"","ocean_menu_link_color_hover":"","ocean_menu_link_color_active":"","ocean_menu_link_background":"","ocean_menu_link_hover_background":"","ocean_menu_link_active_background":"","ocean_menu_social_links_bg":"","ocean_menu_social_hover_links_bg":"","ocean_menu_social_links_color":"","ocean_menu_social_hover_links_color":"","ocean_disable_title":"default","ocean_disable_heading":"default","ocean_post_title":"","ocean_post_subheading":"","ocean_post_title_style":"","ocean_post_title_background_color":"","ocean_post_title_background":0,"ocean_post_title_bg_image_position":"","ocean_post_title_bg_image_attachment":"","ocean_post_title_bg_image_repeat":"","ocean_post_title_bg_image_size":"","ocean_post_title_height":0,"ocean_post_title_bg_overlay":0.5,"ocean_post_title_bg_overlay_color":"","ocean_disable_breadcrumbs":"default","ocean_breadcrumbs_color":"","ocean_breadcrumbs_separator_color":"","ocean_breadcrumbs_links_color":"","ocean_breadcrumbs_links_hover_color":"","ocean_display_footer_widgets":"default","ocean_display_footer_bottom":"default","ocean_custom_footer_template":"0","osh_disable_topbar_sticky":"default","osh_disable_header_sticky":"default","osh_sticky_header_style":"default","osh_sticky_header_effect":"","osh_custom_sticky_logo":0,"osh_custom_retina_sticky_logo":0,"osh_custom_sticky_logo_height":0,"osh_background_color":"","osh_links_color":"","osh_links_hover_color":"","osh_links_active_color":"","osh_links_bg_color":"","osh_links_hover_bg_color":"","osh_links_active_bg_color":"","osh_menu_social_links_color":"","osh_menu_social_hover_links_color":"","iawp_total_views":45},"product_brand":[],"product_cat":[622],"product_tag":[850,724],"class_list":{"0":"post-14228","1":"product","2":"type-product","3":"status-publish","4":"has-post-thumbnail","6":"product_cat-tilbehoer-cat","7":"product_tag-joint-paper","8":"product_tag-raw","10":"entry","11":"has-media","13":"first","14":"instock","15":"taxable","16":"shipping-taxable","17":"purchasable","18":"product-type-simple","19":"has-product-nav","20":"col","21":"span_1_of_4","22":"owp-content-center","23":"item-entry","24":"owp-thumbs-layout-vertical","25":"owp-btn-normal","26":"owp-tabs-layout-vertical","28":"circle-sale"},"_links":{"self":[{"href":"https:\/\/body-n-soul.com\/de\/wp-json\/wp\/v2\/product\/14228","targetHints":{"allow":["GET"]}}],"collection":[{"href":"https:\/\/body-n-soul.com\/de\/wp-json\/wp\/v2\/product"}],"about":[{"href":"https:\/\/body-n-soul.com\/de\/wp-json\/wp\/v2\/types\/product"}],"replies":[{"embeddable":true,"href":"https:\/\/body-n-soul.com\/de\/wp-json\/wp\/v2\/comments?post=14228"}],"wp:featuredmedia":[{"embeddable":true,"href":"https:\/\/body-n-soul.com\/de\/wp-json\/wp\/v2\/media\/17895"}],"wp:attachment":[{"href":"https:\/\/body-n-soul.com\/de\/wp-json\/wp\/v2\/media?parent=14228"}],"wp:term":[{"taxonomy":"product_brand","embeddable":true,"href":"https:\/\/body-n-soul.com\/de\/wp-json\/wp\/v2\/product_brand?post=14228"},{"taxonomy":"product_cat","embeddable":true,"href":"https:\/\/body-n-soul.com\/de\/wp-json\/wp\/v2\/product_cat?post=14228"},{"taxonomy":"product_tag","embeddable":true,"href":"https:\/\/body-n-soul.com\/de\/wp-json\/wp\/v2\/product_tag?post=14228"}],"curies":[{"name":"wp","href":"https:\/\/api.w.org\/{rel}","templated":true}]}}