{"id":14108,"date":"2022-07-17T10:24:42","date_gmt":"2022-07-17T08:24:42","guid":{"rendered":"https:\/\/body-n-soul.com\/?post_type=product&#038;p=14108"},"modified":"2023-08-09T08:28:25","modified_gmt":"2023-08-09T06:28:25","slug":"tatoveringsplejecreme-50-ml","status":"publish","type":"product","link":"https:\/\/body-n-soul.com\/de\/produkt\/tatoveringsplejecreme-50-ml\/","title":{"rendered":"Tatoveringsplejecreme &#8211; 50 ml"},"content":{"rendered":"<h2>TATOVERINGSPLEJECREME<\/h2>\n<h3>DAGLIG PLEJE AF EN HELET TATOVERING<\/h3>\n<p>Den helede tatoveringsplejecreme fugter og n\u00e6rer huden intenst.\u00a0N\u00e5r den p\u00e5f\u00f8res, virker tatoveringens farver livligere og mere intense.\u00a0Cremen beskytter tatoveringen mod at falme.<\/p>\n<h3>S\u00c5DAN VIRKER TATOVERINGSCREMEN:<\/h3>\n<ul>\n<li>Mere intense tatoveringsfarver;<\/li>\n<li>Beskytter tatoveringen mod UV-str\u00e5ling;<\/li>\n<li>Fugtet og regenereret hud;<\/li>\n<\/ul>\n<p>Systematisk brugt stimulerer det farverne p\u00e5 selv fler\u00e5rige, ofte falmede tatoveringer.<\/p>\n<p>Tatoveringsplejecremen kan bruges p\u00e5 en helet tatovering efter ca 2-3 uger.<\/p>\n<p>Cremen absorberes hurtigt og pletter ikke p\u00e5 t\u00f8jet.<\/p>\n<h3>AKTIVE INGREDIENSER I TATOVERINGSCREMEN:<\/h3>\n<ul>\n<li>Hampeolie: virker smertestillende og g\u00f8r, at huden ikke f\u00f8les stram;<\/li>\n<li>Sheasm\u00f8r: fugter og regenererer, fremskynder helingsprocessen;<\/li>\n<li>Sojaolie: g\u00f8r huden bl\u00f8d og glat;<\/li>\n<li>Panthenol: har anti-inflammatoriske egenskaber, accelererer regenereringsprocessen af \u200b\u200bepidermis;<\/li>\n<li>Aloe vera: fremskynder helingen af \u200b\u200bs\u00e5r og irritationer, lindrer irritation, svie og kl\u00f8e i huden;<\/li>\n<li>Vitamin E: fremskynder v\u00e6vsregenerering.<\/li>\n<\/ul>\n<p>Meget effektiv, emballagen, afh\u00e6ngig af st\u00f8rrelsen af \u200b\u200btatoveringen, er nok til 1-2 m\u00e5neders regelm\u00e6ssig brug i stedet for tatoveringen.<\/p>\n<p>P\u00e5f\u00f8ring: P\u00e5f\u00f8r et tyndt lag p\u00e5 vasket og t\u00f8rret hud.<br \/>\nOpbevares under 25 \u00b0 C, m\u00e5 ikke fryses.\u00a0Kun til topisk p\u00e5f\u00f8ring p\u00e5 huden.<\/p>\n<p>*\u00a0\u00a0<strong>THC<\/strong>\u00a0&lt;0,2 %<\/p>\n<p><strong>\u00a0 \u00a0<\/strong><strong>CBD\u00a0<\/strong>\u00a0forekommer naturligt i hamp (Cannabis Sativa L).<\/p>\n<p>&nbsp;<\/p>\n<p>Kapacitet: 50 ml<\/p>\n","protected":false},"excerpt":{"rendered":"<h2>TATOVERINGSPLEJECREME<\/h2>\n<p>Creme til vedligehold og beskyttelse af tatoveringer. Indeholder CBD.<\/p>\n<h3>DAGLIG PLEJE AF EN HELET TATOVERING<\/h3>\n<p>Den helede tatoveringsplejecreme fugter og n\u00e6rer huden intenst.\u00a0N\u00e5r den p\u00e5f\u00f8res, virker tatoveringens farver livligere og mere intense.\u00a0Cremen beskytter tatoveringen mod at falme.<\/p>\n<p>Opbevares under 25 \u00b0 C, m\u00e5 ikke fryses.\u00a0Kun til topisk p\u00e5f\u00f8ring p\u00e5 huden.<\/p>\n<p>*\u00a0\u00a0<strong>THC<\/strong>\u00a0&lt;0,2 %<\/p>\n<p><strong>\u00a0<\/strong>Kapacitet: 50 ml<\/p>\n<p><a title=\"retur til pleje\" href=\"\/body\/\">retur til pleje<\/a><\/p>\n","protected":false},"featured_media":0,"comment_status":"open","ping_status":"closed","template":"","meta":{"ocean_post_layout":"","ocean_both_sidebars_style":"","ocean_both_sidebars_content_width":0,"ocean_both_sidebars_sidebars_width":0,"ocean_sidebar":"0","ocean_second_sidebar":"0","ocean_disable_margins":"enable","ocean_add_body_class":"","ocean_shortcode_before_top_bar":"","ocean_shortcode_after_top_bar":"","ocean_shortcode_before_header":"","ocean_shortcode_after_header":"","ocean_has_shortcode":"","ocean_shortcode_after_title":"","ocean_shortcode_before_footer_widgets":"","ocean_shortcode_after_footer_widgets":"","ocean_shortcode_before_footer_bottom":"","ocean_shortcode_after_footer_bottom":"","ocean_display_top_bar":"default","ocean_display_header":"default","ocean_header_style":"","ocean_center_header_left_menu":"0","ocean_custom_header_template":"0","ocean_custom_logo":0,"ocean_custom_retina_logo":0,"ocean_custom_logo_max_width":0,"ocean_custom_logo_tablet_max_width":0,"ocean_custom_logo_mobile_max_width":0,"ocean_custom_logo_max_height":0,"ocean_custom_logo_tablet_max_height":0,"ocean_custom_logo_mobile_max_height":0,"ocean_header_custom_menu":"0","ocean_menu_typo_font_family":"0","ocean_menu_typo_font_subset":"","ocean_menu_typo_font_size":0,"ocean_menu_typo_font_size_tablet":0,"ocean_menu_typo_font_size_mobile":0,"ocean_menu_typo_font_size_unit":"px","ocean_menu_typo_font_weight":"","ocean_menu_typo_font_weight_tablet":"","ocean_menu_typo_font_weight_mobile":"","ocean_menu_typo_transform":"","ocean_menu_typo_transform_tablet":"","ocean_menu_typo_transform_mobile":"","ocean_menu_typo_line_height":0,"ocean_menu_typo_line_height_tablet":0,"ocean_menu_typo_line_height_mobile":0,"ocean_menu_typo_line_height_unit":"","ocean_menu_typo_spacing":0,"ocean_menu_typo_spacing_tablet":0,"ocean_menu_typo_spacing_mobile":0,"ocean_menu_typo_spacing_unit":"","ocean_menu_link_color":"","ocean_menu_link_color_hover":"","ocean_menu_link_color_active":"","ocean_menu_link_background":"","ocean_menu_link_hover_background":"","ocean_menu_link_active_background":"","ocean_menu_social_links_bg":"","ocean_menu_social_hover_links_bg":"","ocean_menu_social_links_color":"","ocean_menu_social_hover_links_color":"","ocean_disable_title":"default","ocean_disable_heading":"default","ocean_post_title":"","ocean_post_subheading":"","ocean_post_title_style":"","ocean_post_title_background_color":"","ocean_post_title_background":0,"ocean_post_title_bg_image_position":"","ocean_post_title_bg_image_attachment":"","ocean_post_title_bg_image_repeat":"","ocean_post_title_bg_image_size":"","ocean_post_title_height":0,"ocean_post_title_bg_overlay":0.5,"ocean_post_title_bg_overlay_color":"","ocean_disable_breadcrumbs":"default","ocean_breadcrumbs_color":"","ocean_breadcrumbs_separator_color":"","ocean_breadcrumbs_links_color":"","ocean_breadcrumbs_links_hover_color":"","ocean_display_footer_widgets":"default","ocean_display_footer_bottom":"default","ocean_custom_footer_template":"0","osh_disable_topbar_sticky":"default","osh_disable_header_sticky":"default","osh_sticky_header_style":"default","osh_sticky_header_effect":"","osh_custom_sticky_logo":0,"osh_custom_retina_sticky_logo":0,"osh_custom_sticky_logo_height":0,"osh_background_color":"","osh_links_color":"","osh_links_hover_color":"","osh_links_active_color":"","osh_links_bg_color":"","osh_links_hover_bg_color":"","osh_links_active_bg_color":"","osh_menu_social_links_color":"","osh_menu_social_hover_links_color":"","iawp_total_views":26},"product_brand":[],"product_cat":[596,279,94],"product_tag":[627],"class_list":{"0":"post-14108","1":"product","2":"type-product","3":"status-publish","5":"product_cat-cremer-og-kosmetik-med-cbd","6":"product_cat-india","7":"product_cat-body","8":"product_tag-tatoveringsplejecreme","10":"entry","12":"first","13":"instock","14":"taxable","15":"shipping-taxable","16":"purchasable","17":"product-type-simple","18":"has-product-nav","19":"col","20":"span_1_of_4","21":"owp-content-center","22":"item-entry","23":"owp-thumbs-layout-vertical","24":"owp-btn-normal","25":"owp-tabs-layout-vertical","26":"has-no-thumbnails","28":"circle-sale"},"_links":{"self":[{"href":"https:\/\/body-n-soul.com\/de\/wp-json\/wp\/v2\/product\/14108","targetHints":{"allow":["GET"]}}],"collection":[{"href":"https:\/\/body-n-soul.com\/de\/wp-json\/wp\/v2\/product"}],"about":[{"href":"https:\/\/body-n-soul.com\/de\/wp-json\/wp\/v2\/types\/product"}],"replies":[{"embeddable":true,"href":"https:\/\/body-n-soul.com\/de\/wp-json\/wp\/v2\/comments?post=14108"}],"wp:attachment":[{"href":"https:\/\/body-n-soul.com\/de\/wp-json\/wp\/v2\/media?parent=14108"}],"wp:term":[{"taxonomy":"product_brand","embeddable":true,"href":"https:\/\/body-n-soul.com\/de\/wp-json\/wp\/v2\/product_brand?post=14108"},{"taxonomy":"product_cat","embeddable":true,"href":"https:\/\/body-n-soul.com\/de\/wp-json\/wp\/v2\/product_cat?post=14108"},{"taxonomy":"product_tag","embeddable":true,"href":"https:\/\/body-n-soul.com\/de\/wp-json\/wp\/v2\/product_tag?post=14108"}],"curies":[{"name":"wp","href":"https:\/\/api.w.org\/{rel}","templated":true}]}}