{"id":1384,"date":"2019-06-13T15:26:58","date_gmt":"2019-06-13T13:26:58","guid":{"rendered":"https:\/\/bodynsoul.es\/?post_type=product&#038;p=1384"},"modified":"2025-02-19T10:23:36","modified_gmt":"2025-02-19T09:23:36","slug":"india-shampoo-med-cannabisolie","status":"publish","type":"product","link":"https:\/\/body-n-soul.com\/de\/produkt\/india-shampoo-med-cannabisolie\/","title":{"rendered":"India Shampoo med cannabisolie &#8211; 400 ml"},"content":{"rendered":"<h2>India Shampoo med cannabisolie<\/h2>\n<p class=\"p1\">Cannabis-olien i denne Indiashampoo g\u00f8r h\u00e5ret bl\u00f8dt og naturligt skinnende.<\/p>\n<p class=\"p1\">Olien styrker derudover h\u00e5ret, forebygger spaltede spidser og giver volumen. Et stort plus ved cannabisolien er dets h\u00f8je indhold af keratin, som medvirker til en hurtig absorbering i h\u00e5ret og genopbygning af dette.<\/p>\n<p>Shampooen er ogs\u00e5 en fremragende <em>Shampoo til hunde <\/em>da den er meget lidt parfumeret og ikke udt\u00f8rrer hundens pels. Og s\u00e5 er den meget venligt prissat ift. tilsvarende <strong>Hundeshampooer<\/strong><\/p>\n<p class=\"p1\">Ingredienser:<\/p>\n<p class=\"p1\">cannabisolie: k\u00e6rer for h\u00e5ret og g\u00f8r det lettere at rede ud. Godt for irriteret hovedbund samt forebygger at h\u00e5ret bliver hurtigt fedtet pga. EFA-indhold<\/p>\n<p class=\"p1\">Kollagen: vedligeholder naturlig fugtighed, giver volumen.<\/p>\n<p class=\"p1\">D-panthenol: fugtigg\u00f8r h\u00e5rs\u00e6kkene, giver shine, afhj\u00e6lper spaltede spidser,<\/p>\n<p class=\"p1\">Brugsvejledning: Masser ind i v\u00e5dt h\u00e5r. Rens og skyld.<\/p>\n<p class=\"p1\">Indhold: 400 ml<\/p>\n","protected":false},"excerpt":{"rendered":"<h2>India Shampoo med cannabisolie<\/h2>\n<p>Cannabisolien i denne Indias shampo g\u00f8r h\u00e5ret bl\u00f8dt og naturligt skindende. Olien styrker ogs\u00e5 h\u00e5ret, forebygger spaltede spidser og giver volumen.<\/p>\n<p>Yderst velegnet som <strong>shampoo til hunde<\/strong><\/p>\n","protected":false},"featured_media":0,"comment_status":"open","ping_status":"closed","template":"","meta":{"ocean_post_layout":"","ocean_both_sidebars_style":"","ocean_both_sidebars_content_width":0,"ocean_both_sidebars_sidebars_width":0,"ocean_sidebar":"0","ocean_second_sidebar":"0","ocean_disable_margins":"enable","ocean_add_body_class":"","ocean_shortcode_before_top_bar":"","ocean_shortcode_after_top_bar":"","ocean_shortcode_before_header":"","ocean_shortcode_after_header":"","ocean_has_shortcode":"","ocean_shortcode_after_title":"","ocean_shortcode_before_footer_widgets":"","ocean_shortcode_after_footer_widgets":"","ocean_shortcode_before_footer_bottom":"","ocean_shortcode_after_footer_bottom":"","ocean_display_top_bar":"default","ocean_display_header":"default","ocean_header_style":"","ocean_center_header_left_menu":"0","ocean_custom_header_template":"0","ocean_custom_logo":0,"ocean_custom_retina_logo":0,"ocean_custom_logo_max_width":0,"ocean_custom_logo_tablet_max_width":0,"ocean_custom_logo_mobile_max_width":0,"ocean_custom_logo_max_height":0,"ocean_custom_logo_tablet_max_height":0,"ocean_custom_logo_mobile_max_height":0,"ocean_header_custom_menu":"0","ocean_menu_typo_font_family":"0","ocean_menu_typo_font_subset":"","ocean_menu_typo_font_size":0,"ocean_menu_typo_font_size_tablet":0,"ocean_menu_typo_font_size_mobile":0,"ocean_menu_typo_font_size_unit":"px","ocean_menu_typo_font_weight":"","ocean_menu_typo_font_weight_tablet":"","ocean_menu_typo_font_weight_mobile":"","ocean_menu_typo_transform":"","ocean_menu_typo_transform_tablet":"","ocean_menu_typo_transform_mobile":"","ocean_menu_typo_line_height":0,"ocean_menu_typo_line_height_tablet":0,"ocean_menu_typo_line_height_mobile":0,"ocean_menu_typo_line_height_unit":"","ocean_menu_typo_spacing":0,"ocean_menu_typo_spacing_tablet":0,"ocean_menu_typo_spacing_mobile":0,"ocean_menu_typo_spacing_unit":"","ocean_menu_link_color":"","ocean_menu_link_color_hover":"","ocean_menu_link_color_active":"","ocean_menu_link_background":"","ocean_menu_link_hover_background":"","ocean_menu_link_active_background":"","ocean_menu_social_links_bg":"","ocean_menu_social_hover_links_bg":"","ocean_menu_social_links_color":"","ocean_menu_social_hover_links_color":"","ocean_disable_title":"default","ocean_disable_heading":"default","ocean_post_title":"","ocean_post_subheading":"","ocean_post_title_style":"","ocean_post_title_background_color":"","ocean_post_title_background":0,"ocean_post_title_bg_image_position":"","ocean_post_title_bg_image_attachment":"","ocean_post_title_bg_image_repeat":"","ocean_post_title_bg_image_size":"","ocean_post_title_height":0,"ocean_post_title_bg_overlay":0.5,"ocean_post_title_bg_overlay_color":"","ocean_disable_breadcrumbs":"default","ocean_breadcrumbs_color":"","ocean_breadcrumbs_separator_color":"","ocean_breadcrumbs_links_color":"","ocean_breadcrumbs_links_hover_color":"","ocean_display_footer_widgets":"default","ocean_display_footer_bottom":"default","ocean_custom_footer_template":"0","osh_disable_topbar_sticky":"default","osh_disable_header_sticky":"default","osh_sticky_header_style":"default","osh_sticky_header_effect":"","osh_custom_sticky_logo":0,"osh_custom_retina_sticky_logo":0,"osh_custom_sticky_logo_height":0,"osh_background_color":"","osh_links_color":"","osh_links_hover_color":"","osh_links_active_color":"","osh_links_bg_color":"","osh_links_hover_bg_color":"","osh_links_active_bg_color":"","osh_menu_social_links_color":"","osh_menu_social_hover_links_color":"","iawp_total_views":51},"product_brand":[],"product_cat":[213,279],"product_tag":[433],"class_list":{"0":"post-1384","1":"product","2":"type-product","3":"status-publish","5":"product_cat-hair","6":"product_cat-india","7":"product_tag-shampoo","9":"entry","11":"first","12":"instock","13":"taxable","14":"shipping-taxable","15":"purchasable","16":"product-type-simple","17":"has-rating","18":"has-product-nav","19":"col","20":"span_1_of_4","21":"owp-content-center","22":"item-entry","23":"owp-thumbs-layout-vertical","24":"owp-btn-normal","25":"owp-tabs-layout-vertical","26":"has-no-thumbnails","28":"circle-sale"},"_links":{"self":[{"href":"https:\/\/body-n-soul.com\/de\/wp-json\/wp\/v2\/product\/1384","targetHints":{"allow":["GET"]}}],"collection":[{"href":"https:\/\/body-n-soul.com\/de\/wp-json\/wp\/v2\/product"}],"about":[{"href":"https:\/\/body-n-soul.com\/de\/wp-json\/wp\/v2\/types\/product"}],"replies":[{"embeddable":true,"href":"https:\/\/body-n-soul.com\/de\/wp-json\/wp\/v2\/comments?post=1384"}],"wp:attachment":[{"href":"https:\/\/body-n-soul.com\/de\/wp-json\/wp\/v2\/media?parent=1384"}],"wp:term":[{"taxonomy":"product_brand","embeddable":true,"href":"https:\/\/body-n-soul.com\/de\/wp-json\/wp\/v2\/product_brand?post=1384"},{"taxonomy":"product_cat","embeddable":true,"href":"https:\/\/body-n-soul.com\/de\/wp-json\/wp\/v2\/product_cat?post=1384"},{"taxonomy":"product_tag","embeddable":true,"href":"https:\/\/body-n-soul.com\/de\/wp-json\/wp\/v2\/product_tag?post=1384"}],"curies":[{"name":"wp","href":"https:\/\/api.w.org\/{rel}","templated":true}]}}