{"id":13586,"date":"2022-04-07T01:24:26","date_gmt":"2022-04-06T23:24:26","guid":{"rendered":"https:\/\/body-n-soul.com\/?post_type=product&#038;p=13586"},"modified":"2024-06-21T00:42:54","modified_gmt":"2024-06-20T22:42:54","slug":"cbd-vape-bedtime-cartridge","status":"publish","type":"product","link":"https:\/\/body-n-soul.com\/de\/produkt\/cbd-vape-bedtime-cartridge\/","title":{"rendered":"CBD vape bedtime cartridge 60%"},"content":{"rendered":"<h2>CBD vape bedtime cartridge 60% CBD<\/h2>\n<p>60% CBD with broad spectrum Cannabinoids.<\/p>\n<p>CBD cartridge der passer til\u00a0<a title=\"CBD vaporizer str\u00f8mforsyning\" href=\"\/cbd-vape-pen-stroemforsyning\/\">CBD Vape pen str\u00f8mforsyning<\/a>. Cartridgen is\u00e6ttes nemt i pennen og kan tages ud igen uden problemer.<\/p>\n<div class=\"perex\">\n<p>CBD Cartridge 0.5 ml med Hemp Extract og Bedtime natural terpenes mix.<\/p>\n<ul>\n<li>BROAD SPECTRUM<\/li>\n<li>60% CBD CANNABIDIOL (300 mg)<\/li>\n<li>NATURAL TERPENES<\/li>\n<li>VEGANSK<\/li>\n<li>INGEN PESTICIDER<\/li>\n<li>ingen propylene glycol (PG)<\/li>\n<li>ingen vegetable glycerin (VG)<\/li>\n<\/ul>\n<p>Indeholder total 310 ml CBD<\/p>\n<p>Navnet er alene af marketingsm\u00e6ssigt form\u00e5l.<\/p>\n<p>I henhold til loven skal vi g\u00f8re opm\u00e6rksom p\u00e5 at produktet s\u00e6lges som samleobject eller pyntegenstand.<\/p>\n<p>Produktet er ikke til konsum.<\/p>\n<\/div>\n","protected":false},"excerpt":{"rendered":"<h2>CBD vape bedtime cartridge 60% CBD<\/h2>\n<p>60% CBD with broad spectrum Cannabinoids.<\/p>\n<p>CBD cartridge der passer til\u00a0<a title=\"CBD vaporizer str\u00f8mforsyning\" href=\"\/cbd-vape-pen-stroemforsyning\/\">CBD Vape pen str\u00f8mforsyning<\/a>. Cartridgen is\u00e6ttes nemt i pennen og kan tages ud igen uden problemer.<\/p>\n<div class=\"perex\">\n<p>CBD Cartridge 0.5 ml med Hemp Extract og Bedtime natural terpenes mix der f\u00e5r dig til at slappe af.<\/p>\n<p>Retur til <a href=\"\/cbd-vapes\/\">cbd vapes<\/a><\/p>\n<\/div>\n","protected":false},"featured_media":13914,"comment_status":"open","ping_status":"closed","template":"","meta":{"ocean_post_layout":"","ocean_both_sidebars_style":"","ocean_both_sidebars_content_width":0,"ocean_both_sidebars_sidebars_width":0,"ocean_sidebar":"0","ocean_second_sidebar":"0","ocean_disable_margins":"enable","ocean_add_body_class":"","ocean_shortcode_before_top_bar":"","ocean_shortcode_after_top_bar":"","ocean_shortcode_before_header":"","ocean_shortcode_after_header":"","ocean_has_shortcode":"","ocean_shortcode_after_title":"","ocean_shortcode_before_footer_widgets":"","ocean_shortcode_after_footer_widgets":"","ocean_shortcode_before_footer_bottom":"","ocean_shortcode_after_footer_bottom":"","ocean_display_top_bar":"default","ocean_display_header":"default","ocean_header_style":"","ocean_center_header_left_menu":"0","ocean_custom_header_template":"0","ocean_custom_logo":0,"ocean_custom_retina_logo":0,"ocean_custom_logo_max_width":0,"ocean_custom_logo_tablet_max_width":0,"ocean_custom_logo_mobile_max_width":0,"ocean_custom_logo_max_height":0,"ocean_custom_logo_tablet_max_height":0,"ocean_custom_logo_mobile_max_height":0,"ocean_header_custom_menu":"0","ocean_menu_typo_font_family":"0","ocean_menu_typo_font_subset":"","ocean_menu_typo_font_size":0,"ocean_menu_typo_font_size_tablet":0,"ocean_menu_typo_font_size_mobile":0,"ocean_menu_typo_font_size_unit":"px","ocean_menu_typo_font_weight":"","ocean_menu_typo_font_weight_tablet":"","ocean_menu_typo_font_weight_mobile":"","ocean_menu_typo_transform":"","ocean_menu_typo_transform_tablet":"","ocean_menu_typo_transform_mobile":"","ocean_menu_typo_line_height":0,"ocean_menu_typo_line_height_tablet":0,"ocean_menu_typo_line_height_mobile":0,"ocean_menu_typo_line_height_unit":"","ocean_menu_typo_spacing":0,"ocean_menu_typo_spacing_tablet":0,"ocean_menu_typo_spacing_mobile":0,"ocean_menu_typo_spacing_unit":"","ocean_menu_link_color":"","ocean_menu_link_color_hover":"","ocean_menu_link_color_active":"","ocean_menu_link_background":"","ocean_menu_link_hover_background":"","ocean_menu_link_active_background":"","ocean_menu_social_links_bg":"","ocean_menu_social_hover_links_bg":"","ocean_menu_social_links_color":"","ocean_menu_social_hover_links_color":"","ocean_disable_title":"default","ocean_disable_heading":"default","ocean_post_title":"","ocean_post_subheading":"","ocean_post_title_style":"","ocean_post_title_background_color":"","ocean_post_title_background":0,"ocean_post_title_bg_image_position":"","ocean_post_title_bg_image_attachment":"","ocean_post_title_bg_image_repeat":"","ocean_post_title_bg_image_size":"","ocean_post_title_height":0,"ocean_post_title_bg_overlay":0.5,"ocean_post_title_bg_overlay_color":"","ocean_disable_breadcrumbs":"default","ocean_breadcrumbs_color":"","ocean_breadcrumbs_separator_color":"","ocean_breadcrumbs_links_color":"","ocean_breadcrumbs_links_hover_color":"","ocean_display_footer_widgets":"default","ocean_display_footer_bottom":"default","ocean_custom_footer_template":"0","osh_disable_topbar_sticky":"default","osh_disable_header_sticky":"default","osh_sticky_header_style":"default","osh_sticky_header_effect":"","osh_custom_sticky_logo":0,"osh_custom_retina_sticky_logo":0,"osh_custom_sticky_logo_height":0,"osh_background_color":"","osh_links_color":"","osh_links_hover_color":"","osh_links_active_color":"","osh_links_bg_color":"","osh_links_hover_bg_color":"","osh_links_active_bg_color":"","osh_menu_social_links_color":"","osh_menu_social_hover_links_color":"","iawp_total_views":535},"product_brand":[],"product_cat":[620],"product_tag":[],"class_list":{"0":"post-13586","1":"product","2":"type-product","3":"status-publish","4":"has-post-thumbnail","6":"product_cat-cbd-vaporizer","8":"entry","9":"has-media","11":"first","12":"outofstock","13":"taxable","14":"shipping-taxable","15":"purchasable","16":"product-type-simple","17":"has-product-nav","18":"col","19":"span_1_of_4","20":"owp-content-center","21":"item-entry","22":"owp-thumbs-layout-vertical","23":"owp-btn-normal","24":"owp-tabs-layout-vertical","25":"has-no-thumbnails","27":"circle-sale"},"_links":{"self":[{"href":"https:\/\/body-n-soul.com\/de\/wp-json\/wp\/v2\/product\/13586","targetHints":{"allow":["GET"]}}],"collection":[{"href":"https:\/\/body-n-soul.com\/de\/wp-json\/wp\/v2\/product"}],"about":[{"href":"https:\/\/body-n-soul.com\/de\/wp-json\/wp\/v2\/types\/product"}],"replies":[{"embeddable":true,"href":"https:\/\/body-n-soul.com\/de\/wp-json\/wp\/v2\/comments?post=13586"}],"wp:featuredmedia":[{"embeddable":true,"href":"https:\/\/body-n-soul.com\/de\/wp-json\/wp\/v2\/media\/13914"}],"wp:attachment":[{"href":"https:\/\/body-n-soul.com\/de\/wp-json\/wp\/v2\/media?parent=13586"}],"wp:term":[{"taxonomy":"product_brand","embeddable":true,"href":"https:\/\/body-n-soul.com\/de\/wp-json\/wp\/v2\/product_brand?post=13586"},{"taxonomy":"product_cat","embeddable":true,"href":"https:\/\/body-n-soul.com\/de\/wp-json\/wp\/v2\/product_cat?post=13586"},{"taxonomy":"product_tag","embeddable":true,"href":"https:\/\/body-n-soul.com\/de\/wp-json\/wp\/v2\/product_tag?post=13586"}],"curies":[{"name":"wp","href":"https:\/\/api.w.org\/{rel}","templated":true}]}}