{"id":13379,"date":"2022-03-17T10:08:37","date_gmt":"2022-03-17T09:08:37","guid":{"rendered":"https:\/\/body-n-soul.com\/?post_type=product&#038;p=13379"},"modified":"2026-04-07T07:46:01","modified_gmt":"2026-04-07T05:46:01","slug":"deep-heat-smertelindring","status":"publish","type":"product","link":"https:\/\/body-n-soul.com\/de\/produkt\/deep-heat-smertelindring\/","title":{"rendered":"Deep Heat smertelindring 100 g"},"content":{"rendered":"<h2>Deep Heat smertelindring<\/h2>\n<p><span class=\"HwtZe\" lang=\"da\"><span class=\"jCAhz ChMk0b\"><span class=\"ryNqvb\">F\u00e5 lindring af muskelsmerter med Deep Heat Heat Rub. En effektiv smertelindrende creme til brug for muskel og ledsmerter.<\/span><\/span> <\/span><\/p>\n<p><span class=\"HwtZe\" lang=\"da\"><span class=\"jCAhz ChMk0b\"><span class=\"ryNqvb\">Cremen efterlader ikke en fedtet hinde p\u00e5 huden og absorberes nemt i huden p\u00e5 det udsatte sted. <\/span><\/span><\/span><\/p>\n<p><span class=\"HwtZe\" lang=\"da\"><span class=\"jCAhz ChMk0b\"><span class=\"ryNqvb\">Du opn\u00e5r med Deep Heat en kombination af fordelene ved varmeterapi med massagens kraft, hvilket giver m\u00e5lrettet lindring til voksne og b\u00f8rn fra 5 \u00e5r og opefter.<\/span><\/span> <\/span><\/p>\n<p><span class=\"HwtZe\" lang=\"da\"><span class=\"jCAhz ChMk0b\"><span class=\"ryNqvb\">Det er en fremragende tilf\u00f8jelse til ethvert medicinskab i hjemmet. <\/span><\/span><\/span><\/p>\n<ul>\n<li><span class=\"HwtZe\" lang=\"da\"><span class=\"jCAhz ChMk0b\"><span class=\"ryNqvb\">Hurtigtvirkende smertelindring: Giver hurtig lindring af \u00f8mhed, smerter og muskelstivhed. <\/span><\/span><\/span><\/li>\n<li><span class=\"HwtZe\" lang=\"da\"> <span class=\"jCAhz ChMk0b\"><span class=\"ryNqvb\">Ikke-fedtet formel: Absorberes let og efterlader ingen ubehagelige rester eller hinder p\u00e5 huden. <\/span><\/span><\/span><\/li>\n<li><span class=\"HwtZe\" lang=\"da\"> <span class=\"jCAhz ChMk0b\"><span class=\"ryNqvb\">Varmeterapi: Kombinerer varme med massage for ekstra smertelindring. <\/span><\/span><\/span><\/li>\n<li><span class=\"HwtZe\" lang=\"da\"> <span class=\"jCAhz ChMk0b\"><span class=\"ryNqvb\">Aktive ingredienser: Indeholder methylsalicylat, menthol, eukalyptusolie og terpentinolie. <\/span><\/span><\/span><\/li>\n<li><span class=\"HwtZe\" lang=\"da\"> <span class=\"jCAhz ChMk0b\"><span class=\"ryNqvb\">Nem p\u00e5f\u00f8ring: Mass\u00e9r forsigtigt et tyndt lag ind i det ber\u00f8rte omr\u00e5de 2-3 gange dagligt.<\/span><\/span><\/span><\/li>\n<\/ul>\n<p>&nbsp;<\/p>\n<p><strong>Hvorn\u00e5r skal Deep Heat bruges<\/strong><\/p>\n<p>Anbefales til lindring af muskelsmerter og stivhed, herunder ryg- og gigtsmerter, iskias, fibrositis, forstuvninger og forstuvninger.\u00a0Kan bruges f\u00f8r eller efter tr\u00e6ning\u00a0<strong>.<\/strong><\/p>\n<p><strong>Hvordan det virker<\/strong><\/p>\n<p>Deep Heat genererer gennemtr\u00e6ngende varme i \u00f8mme, s\u00e5rede og \u00f8mme muskler. Deep Heat Heat Rub kan bruges f\u00f8r eller efter tr\u00e6ning og indeholder ingredienser, der giver smertelindring plus varme. Varmeterapi hj\u00e6lper med at \u00f8ge blodforsyningen til det \u00f8mme omr\u00e5de og f\u00e5 musklerne til at slappe af.<\/p>\n<p><strong>S\u00e5dan bruges deep heat smertelindring<br \/>\n<\/strong><\/p>\n<p>Brug kun denne creme p\u00e5 din hud. Voksne og b\u00f8rn over 5 \u00e5r b\u00f8r forsigtigt massere Deep Heat Heat Rub ind i det ber\u00f8rte omr\u00e5de, indtil cremen gnides ind. P\u00e5f\u00f8r et tyndt lag p\u00e5 huden 2 \u2013 3 gange dagligt og vask h\u00e6nder umiddelbart efter brug. L\u00e6s altid etiketten.<\/p>\n<p><strong>St\u00f8rrelser tilg\u00e6ngelige<\/strong><\/p>\n<p>100 g.<\/p>\n<p>Deep Heat Heat Rub er en creme mod muskelsmerter. L\u00e6s altid etiketten.<\/p>\n<p><strong>L\u00e6s venligst den vedlagte folder for advarsler og forholdsregler ved brug.<\/strong><\/p>\n<p>M\u00e5 ikke anvendes, hvis du er allergisk over for nogen af \u200b\u200bingredienserne eller smertestillende midler s\u00e5som aspirin, ibuprofen og andre NSAID&#8217;er.\u00a0M\u00e5 ikke anvendes til b\u00f8rn under 5 \u00e5r.\u00a0R\u00e5df\u00f8r dig med din l\u00e6ge f\u00f8r brug, hvis du er gravid, ammer, astmatisk eller f\u00e5r nogen form for ordineret medicin.\u00a0<strong>Opbevar al medicin utilg\u00e6ngeligt for b\u00f8rn.<\/strong><\/p>\n","protected":false},"excerpt":{"rendered":"<h2>Deep Heat smertelindring<\/h2>\n<p>En effektiv smertelindrende creme med varmende effekt.<\/p>\n<p>100 ml<\/p>\n<p>Retur til <a href=\"\/smertelindring\/\">smertelindring<\/a><\/p>\n","protected":false},"featured_media":27216,"comment_status":"open","ping_status":"closed","template":"","meta":{"ocean_post_layout":"","ocean_both_sidebars_style":"","ocean_both_sidebars_content_width":0,"ocean_both_sidebars_sidebars_width":0,"ocean_sidebar":"0","ocean_second_sidebar":"0","ocean_disable_margins":"enable","ocean_add_body_class":"","ocean_shortcode_before_top_bar":"","ocean_shortcode_after_top_bar":"","ocean_shortcode_before_header":"","ocean_shortcode_after_header":"","ocean_has_shortcode":"","ocean_shortcode_after_title":"","ocean_shortcode_before_footer_widgets":"","ocean_shortcode_after_footer_widgets":"","ocean_shortcode_before_footer_bottom":"","ocean_shortcode_after_footer_bottom":"","ocean_display_top_bar":"default","ocean_display_header":"default","ocean_header_style":"","ocean_center_header_left_menu":"0","ocean_custom_header_template":"0","ocean_custom_logo":0,"ocean_custom_retina_logo":0,"ocean_custom_logo_max_width":0,"ocean_custom_logo_tablet_max_width":0,"ocean_custom_logo_mobile_max_width":0,"ocean_custom_logo_max_height":0,"ocean_custom_logo_tablet_max_height":0,"ocean_custom_logo_mobile_max_height":0,"ocean_header_custom_menu":"0","ocean_menu_typo_font_family":"0","ocean_menu_typo_font_subset":"","ocean_menu_typo_font_size":0,"ocean_menu_typo_font_size_tablet":0,"ocean_menu_typo_font_size_mobile":0,"ocean_menu_typo_font_size_unit":"px","ocean_menu_typo_font_weight":"","ocean_menu_typo_font_weight_tablet":"","ocean_menu_typo_font_weight_mobile":"","ocean_menu_typo_transform":"","ocean_menu_typo_transform_tablet":"","ocean_menu_typo_transform_mobile":"","ocean_menu_typo_line_height":0,"ocean_menu_typo_line_height_tablet":0,"ocean_menu_typo_line_height_mobile":0,"ocean_menu_typo_line_height_unit":"","ocean_menu_typo_spacing":0,"ocean_menu_typo_spacing_tablet":0,"ocean_menu_typo_spacing_mobile":0,"ocean_menu_typo_spacing_unit":"","ocean_menu_link_color":"","ocean_menu_link_color_hover":"","ocean_menu_link_color_active":"","ocean_menu_link_background":"","ocean_menu_link_hover_background":"","ocean_menu_link_active_background":"","ocean_menu_social_links_bg":"","ocean_menu_social_hover_links_bg":"","ocean_menu_social_links_color":"","ocean_menu_social_hover_links_color":"","ocean_disable_title":"default","ocean_disable_heading":"default","ocean_post_title":"","ocean_post_subheading":"","ocean_post_title_style":"","ocean_post_title_background_color":"","ocean_post_title_background":0,"ocean_post_title_bg_image_position":"","ocean_post_title_bg_image_attachment":"","ocean_post_title_bg_image_repeat":"","ocean_post_title_bg_image_size":"","ocean_post_title_height":0,"ocean_post_title_bg_overlay":0.5,"ocean_post_title_bg_overlay_color":"","ocean_disable_breadcrumbs":"default","ocean_breadcrumbs_color":"","ocean_breadcrumbs_separator_color":"","ocean_breadcrumbs_links_color":"","ocean_breadcrumbs_links_hover_color":"","ocean_display_footer_widgets":"default","ocean_display_footer_bottom":"default","ocean_custom_footer_template":"0","osh_disable_topbar_sticky":"default","osh_disable_header_sticky":"default","osh_sticky_header_style":"default","osh_sticky_header_effect":"","osh_custom_sticky_logo":0,"osh_custom_retina_sticky_logo":0,"osh_custom_sticky_logo_height":0,"osh_background_color":"","osh_links_color":"","osh_links_hover_color":"","osh_links_active_color":"","osh_links_bg_color":"","osh_links_hover_bg_color":"","osh_links_active_bg_color":"","osh_menu_social_links_color":"","osh_menu_social_hover_links_color":"","iawp_total_views":719},"product_brand":[],"product_cat":[321],"product_tag":[],"class_list":{"0":"post-13379","1":"product","2":"type-product","3":"status-publish","4":"has-post-thumbnail","6":"product_cat-smertelindring","8":"entry","9":"has-media","11":"first","12":"outofstock","13":"featured","14":"taxable","15":"shipping-taxable","16":"purchasable","17":"product-type-simple","18":"has-product-nav","19":"col","20":"span_1_of_4","21":"owp-content-center","22":"item-entry","23":"owp-thumbs-layout-vertical","24":"owp-btn-normal","25":"owp-tabs-layout-vertical","27":"circle-sale"},"_links":{"self":[{"href":"https:\/\/body-n-soul.com\/de\/wp-json\/wp\/v2\/product\/13379","targetHints":{"allow":["GET"]}}],"collection":[{"href":"https:\/\/body-n-soul.com\/de\/wp-json\/wp\/v2\/product"}],"about":[{"href":"https:\/\/body-n-soul.com\/de\/wp-json\/wp\/v2\/types\/product"}],"replies":[{"embeddable":true,"href":"https:\/\/body-n-soul.com\/de\/wp-json\/wp\/v2\/comments?post=13379"}],"wp:featuredmedia":[{"embeddable":true,"href":"https:\/\/body-n-soul.com\/de\/wp-json\/wp\/v2\/media\/27216"}],"wp:attachment":[{"href":"https:\/\/body-n-soul.com\/de\/wp-json\/wp\/v2\/media?parent=13379"}],"wp:term":[{"taxonomy":"product_brand","embeddable":true,"href":"https:\/\/body-n-soul.com\/de\/wp-json\/wp\/v2\/product_brand?post=13379"},{"taxonomy":"product_cat","embeddable":true,"href":"https:\/\/body-n-soul.com\/de\/wp-json\/wp\/v2\/product_cat?post=13379"},{"taxonomy":"product_tag","embeddable":true,"href":"https:\/\/body-n-soul.com\/de\/wp-json\/wp\/v2\/product_tag?post=13379"}],"curies":[{"name":"wp","href":"https:\/\/api.w.org\/{rel}","templated":true}]}}