{"id":13343,"date":"2022-03-14T22:10:12","date_gmt":"2022-03-14T21:10:12","guid":{"rendered":"https:\/\/body-n-soul.com\/?post_type=product&#038;p=13343"},"modified":"2025-02-05T09:37:46","modified_gmt":"2025-02-05T08:37:46","slug":"the-tree-cbd-og-kush-topskud-drivhus","status":"publish","type":"product","link":"https:\/\/body-n-soul.com\/de\/produkt\/the-tree-cbd-og-kush-topskud-drivhus\/","title":{"rendered":"The Tree CBD OG Kush topskud &#8211; 10% CBD (Drivhus)"},"content":{"rendered":"<h2>The Tree CBD OG Kush topskud &#8211; drivhus<\/h2>\n<p>The Tree CBD har fremelsket disse lovlige marihuana CBD-blomster af OG Kush CBD-sorten med en unik genetik, der tilbyder en rimeligt h\u00f8j m\u00e6ngde CBD i hver blomst.<\/p>\n<p>Disse topskud kommer fra en genetisk krydsning mellem Kush x Pure CBD, dyrket i drivhus p\u00e5 en 100% naturlig m\u00e5de, uden brug af tils\u00e6tningsstoffer eller pesticider af nogen art.<\/p>\n<p>Mens Haze-stammer er dominerende i sativa-hybrider, f\u00f8rer Kush-stammer i indica-verdenen. Overraskende nok er indica vs sativa-linjen ikke s\u00e5 fremherskende l\u00e6ngere s\u00e5 nu er der sativa-dominerende Kush-stammer. Ikke al Kush-genetik er navngivet som s\u00e5dan. Nogle er opkaldt efter OG-varianten af Kush, eller har helt andre navne som White Widow.<\/p>\n<h3>Dens udseende og aroma er uovertruffen.<\/h3>\n<p>OG Kush CBD-blomsten har en basisaroma med noter af jord, aromatiske planter og tr\u00e6. Dens aroma er en af dens mest bem\u00e6rkelsesv\u00e6rdige egenskaber ved denne bud. Det er et aromatisk topskud som helt sikkert vil appellere til alle CBD-elskere. Blandingen lover intensitet takket v\u00e6re dens blanding mellem tr\u00e6, citronnoter og aromatiske planter.<\/p>\n<p>OG Kush CBD virker afslappende takket v\u00e6re dens h\u00f8je niveauer af CBD, mellem 10% og 11% og h\u00f8je andel af Indica<\/p>\n<p>Dette CBD topskud er en ikke-psykoaktiv version af en klassisk marihuana-stamme. Forbrug den ansvarligt.<\/p>\n<p>Da de ogs\u00e5 indeholder mindre end 0,20 % THC, er de fuldst\u00e6ndig lovlige i hele Europa og har ingen psykoaktiv effekt af nogen art.<\/p>\n<h3>Karakteristika for The Tree CBD OG Kush topskud<\/h3>\n<ul>\n<li>Hamp buds \/ blomster \/ topskud<\/li>\n<li>Dyrket indend\u00f8rs \/ indoor<\/li>\n<li>10 &#8211; 11% CBD<\/li>\n<li>Mindre end 0,20% THC<\/li>\n<li>Genetik: OG Kush x CBD Pura<\/li>\n<li>Sativa 40% \u00a0Indica 60%<\/li>\n<li>Ingen psykoaktive effekter<\/li>\n<li>\u00d8kologisk dyrket<\/li>\n<li>GMO-fri<\/li>\n<li>Pesticidfri<\/li>\n<\/ul>\n<p>&nbsp;<\/p>\n<p>L\u00e6s mere on <a title=\"the tree cbd\" href=\"https:\/\/thetreecbd.com\/\" target=\"_blank\" rel=\"noopener\" data-schema-attribute=\"\">The tree cbd<\/a><\/p>\n<p>Tags: The Tree CBD OG Kush topskud, legal cannabis, k\u00f8b topskud i Danmark med Indica, Indoor<\/p>\n<p>&nbsp;<\/p>\n<p>Retur til <a title=\"CBD topskud\" href=\"\/cbd-topskud\/\" data-schema-attribute=\"\">CBD topskud<\/a><\/p>\n","protected":false},"excerpt":{"rendered":"<h2>The Tree CBD OG Kush topskud &#8211; drivhus<\/h2>\n<p>Dette CBD topskud er en ikke-psykoaktiv version af en klassisk marihuana-stamme. Forbrug den ansvarligt.<\/p>\n<h3>Karakteristika for The Tree CBD OG Kush topskud<\/h3>\n<ul>\n<li>Hamp buds \/ blomster \/ topskud<\/li>\n<li>Dyrket indend\u00f8rs \/ indoor<\/li>\n<li>10 &#8211; 11% CBD<\/li>\n<li>Mindre end 0,20% THC<\/li>\n<li>Genetik: OG Kush x CBD Pura<\/li>\n<li>Sativa 40% \u00a0Indica 60%<\/li>\n<li>Ingen psykoaktive effekter<\/li>\n<li>\u00d8kologisk dyrket<\/li>\n<li>GMO-fri<\/li>\n<li>Pesticidfri<\/li>\n<\/ul>\n<p>Retur til <a title=\"CBD topskud\" href=\"\/cbd-topskud\/\" data-schema-attribute=\"\">CBD topskud<\/a><\/p>\n","protected":false},"featured_media":13346,"comment_status":"open","ping_status":"closed","template":"","meta":{"ocean_post_layout":"","ocean_both_sidebars_style":"","ocean_both_sidebars_content_width":0,"ocean_both_sidebars_sidebars_width":0,"ocean_sidebar":"0","ocean_second_sidebar":"0","ocean_disable_margins":"enable","ocean_add_body_class":"","ocean_shortcode_before_top_bar":"","ocean_shortcode_after_top_bar":"","ocean_shortcode_before_header":"","ocean_shortcode_after_header":"","ocean_has_shortcode":"","ocean_shortcode_after_title":"","ocean_shortcode_before_footer_widgets":"","ocean_shortcode_after_footer_widgets":"","ocean_shortcode_before_footer_bottom":"","ocean_shortcode_after_footer_bottom":"","ocean_display_top_bar":"default","ocean_display_header":"default","ocean_header_style":"","ocean_center_header_left_menu":"0","ocean_custom_header_template":"0","ocean_custom_logo":0,"ocean_custom_retina_logo":0,"ocean_custom_logo_max_width":0,"ocean_custom_logo_tablet_max_width":0,"ocean_custom_logo_mobile_max_width":0,"ocean_custom_logo_max_height":0,"ocean_custom_logo_tablet_max_height":0,"ocean_custom_logo_mobile_max_height":0,"ocean_header_custom_menu":"0","ocean_menu_typo_font_family":"0","ocean_menu_typo_font_subset":"","ocean_menu_typo_font_size":0,"ocean_menu_typo_font_size_tablet":0,"ocean_menu_typo_font_size_mobile":0,"ocean_menu_typo_font_size_unit":"px","ocean_menu_typo_font_weight":"","ocean_menu_typo_font_weight_tablet":"","ocean_menu_typo_font_weight_mobile":"","ocean_menu_typo_transform":"","ocean_menu_typo_transform_tablet":"","ocean_menu_typo_transform_mobile":"","ocean_menu_typo_line_height":0,"ocean_menu_typo_line_height_tablet":0,"ocean_menu_typo_line_height_mobile":0,"ocean_menu_typo_line_height_unit":"","ocean_menu_typo_spacing":0,"ocean_menu_typo_spacing_tablet":0,"ocean_menu_typo_spacing_mobile":0,"ocean_menu_typo_spacing_unit":"","ocean_menu_link_color":"","ocean_menu_link_color_hover":"","ocean_menu_link_color_active":"","ocean_menu_link_background":"","ocean_menu_link_hover_background":"","ocean_menu_link_active_background":"","ocean_menu_social_links_bg":"","ocean_menu_social_hover_links_bg":"","ocean_menu_social_links_color":"","ocean_menu_social_hover_links_color":"","ocean_disable_title":"default","ocean_disable_heading":"default","ocean_post_title":"","ocean_post_subheading":"","ocean_post_title_style":"","ocean_post_title_background_color":"","ocean_post_title_background":0,"ocean_post_title_bg_image_position":"","ocean_post_title_bg_image_attachment":"","ocean_post_title_bg_image_repeat":"","ocean_post_title_bg_image_size":"","ocean_post_title_height":0,"ocean_post_title_bg_overlay":0.5,"ocean_post_title_bg_overlay_color":"","ocean_disable_breadcrumbs":"default","ocean_breadcrumbs_color":"","ocean_breadcrumbs_separator_color":"","ocean_breadcrumbs_links_color":"","ocean_breadcrumbs_links_hover_color":"","ocean_display_footer_widgets":"default","ocean_display_footer_bottom":"default","ocean_custom_footer_template":"0","osh_disable_topbar_sticky":"default","osh_disable_header_sticky":"default","osh_sticky_header_style":"default","osh_sticky_header_effect":"","osh_custom_sticky_logo":0,"osh_custom_retina_sticky_logo":0,"osh_custom_sticky_logo_height":0,"osh_background_color":"","osh_links_color":"","osh_links_hover_color":"","osh_links_active_color":"","osh_links_bg_color":"","osh_links_hover_bg_color":"","osh_links_active_bg_color":"","osh_menu_social_links_color":"","osh_menu_social_hover_links_color":"","iawp_total_views":340},"product_brand":[],"product_cat":[147],"product_tag":[369,553,615],"class_list":{"0":"post-13343","1":"product","2":"type-product","3":"status-publish","4":"has-post-thumbnail","6":"product_cat-cbd-topskud1","7":"product_tag-cbd-buds-danmark","8":"product_tag-drivhus","9":"product_tag-the-tree-cbd-buds","11":"entry","12":"has-media","14":"first","15":"instock","16":"featured","17":"taxable","18":"shipping-taxable","19":"purchasable","20":"product-type-variable","21":"has-default-attributes","22":"has-product-nav","23":"col","24":"span_1_of_4","25":"owp-content-center","26":"item-entry","27":"owp-thumbs-layout-vertical","28":"owp-btn-normal","29":"owp-tabs-layout-vertical","31":"circle-sale"},"_links":{"self":[{"href":"https:\/\/body-n-soul.com\/de\/wp-json\/wp\/v2\/product\/13343","targetHints":{"allow":["GET"]}}],"collection":[{"href":"https:\/\/body-n-soul.com\/de\/wp-json\/wp\/v2\/product"}],"about":[{"href":"https:\/\/body-n-soul.com\/de\/wp-json\/wp\/v2\/types\/product"}],"replies":[{"embeddable":true,"href":"https:\/\/body-n-soul.com\/de\/wp-json\/wp\/v2\/comments?post=13343"}],"wp:featuredmedia":[{"embeddable":true,"href":"https:\/\/body-n-soul.com\/de\/wp-json\/wp\/v2\/media\/13346"}],"wp:attachment":[{"href":"https:\/\/body-n-soul.com\/de\/wp-json\/wp\/v2\/media?parent=13343"}],"wp:term":[{"taxonomy":"product_brand","embeddable":true,"href":"https:\/\/body-n-soul.com\/de\/wp-json\/wp\/v2\/product_brand?post=13343"},{"taxonomy":"product_cat","embeddable":true,"href":"https:\/\/body-n-soul.com\/de\/wp-json\/wp\/v2\/product_cat?post=13343"},{"taxonomy":"product_tag","embeddable":true,"href":"https:\/\/body-n-soul.com\/de\/wp-json\/wp\/v2\/product_tag?post=13343"}],"curies":[{"name":"wp","href":"https:\/\/api.w.org\/{rel}","templated":true}]}}