{"id":12916,"date":"2022-01-25T16:20:02","date_gmt":"2022-01-25T15:20:02","guid":{"rendered":"https:\/\/body-n-soul.com\/?post_type=product&#038;p=12916"},"modified":"2024-04-17T22:49:23","modified_gmt":"2024-04-17T20:49:23","slug":"cannaline-dagcreme-med-cbd-100ml","status":"publish","type":"product","link":"https:\/\/body-n-soul.com\/de\/produkt\/cannaline-dagcreme-med-cbd-100ml\/","title":{"rendered":"Cannaline dagcreme med CBD &#8211; 50ml"},"content":{"rendered":"<h2>Cannaline dagcreme med CBD<\/h2>\n<p>En l\u00e6kker dagcreme med h\u00f8jt indhold af CBD og hamplolie er en original let creme til ansigt og d\u00e9collet\u00e9.<\/p>\n<p>Cremen er nem at p\u00e5sm\u00f8re og tr\u00e6nger nemt ind i huden. Den efterlader huden uden fedtet overflade.<\/p>\n<p>Cremen indeholder en lang r\u00e6kke andre komplement\u00e6re biologisk aktive stoffer s\u00e5 som:<\/p>\n<ul>\n<li>coenzym Q10<\/li>\n<li>CBD og hampolie<\/li>\n<li>aloe vera<\/li>\n<li>vitamin E<\/li>\n<li>panthenol<\/li>\n<li>gr\u00f8n teekstrakt<\/li>\n<li>h\u00f8rfr\u00f8<\/li>\n<li>padderok<\/li>\n<li>burre<\/li>\n<li>salvie<\/li>\n<li>Og mange andre ingredienser.<\/li>\n<\/ul>\n<p>Cremen har regenererende, fugtgivende og forfriskende virkninger.<\/p>\n<p><a title=\"Retur til ansigtspleje\" href=\"https:\/\/body-n-soul.com\/face\/\">Retur til ansigtspleje<\/a><\/p>\n","protected":false},"excerpt":{"rendered":"<h2>Cannaline dagcreme med CBD<\/h2>\n<p>Dagcreme med coenzym Q10, CBD og hampolie er en original let creme til ansigt og d\u00e9collet\u00e9, der indeholder en r\u00e6kke andre komplement\u00e6re biologisk aktive stoffer (aloe vera, vitamin E, panthenol, gr\u00f8n teekstrakt, h\u00f8rfr\u00f8, padderok, burre, salvie, osv.).<\/p>\n<p>Cremen har regenererende, fugtgivende og forfriskende virkninger.<\/p>\n<p>50 ml<\/p>\n","protected":false},"featured_media":12917,"comment_status":"open","ping_status":"closed","template":"","meta":{"ocean_post_layout":"","ocean_both_sidebars_style":"","ocean_both_sidebars_content_width":0,"ocean_both_sidebars_sidebars_width":0,"ocean_sidebar":"0","ocean_second_sidebar":"0","ocean_disable_margins":"enable","ocean_add_body_class":"","ocean_shortcode_before_top_bar":"","ocean_shortcode_after_top_bar":"","ocean_shortcode_before_header":"","ocean_shortcode_after_header":"","ocean_has_shortcode":"","ocean_shortcode_after_title":"","ocean_shortcode_before_footer_widgets":"","ocean_shortcode_after_footer_widgets":"","ocean_shortcode_before_footer_bottom":"","ocean_shortcode_after_footer_bottom":"","ocean_display_top_bar":"default","ocean_display_header":"default","ocean_header_style":"","ocean_center_header_left_menu":"0","ocean_custom_header_template":"0","ocean_custom_logo":0,"ocean_custom_retina_logo":0,"ocean_custom_logo_max_width":0,"ocean_custom_logo_tablet_max_width":0,"ocean_custom_logo_mobile_max_width":0,"ocean_custom_logo_max_height":0,"ocean_custom_logo_tablet_max_height":0,"ocean_custom_logo_mobile_max_height":0,"ocean_header_custom_menu":"0","ocean_menu_typo_font_family":"0","ocean_menu_typo_font_subset":"","ocean_menu_typo_font_size":0,"ocean_menu_typo_font_size_tablet":0,"ocean_menu_typo_font_size_mobile":0,"ocean_menu_typo_font_size_unit":"px","ocean_menu_typo_font_weight":"","ocean_menu_typo_font_weight_tablet":"","ocean_menu_typo_font_weight_mobile":"","ocean_menu_typo_transform":"","ocean_menu_typo_transform_tablet":"","ocean_menu_typo_transform_mobile":"","ocean_menu_typo_line_height":0,"ocean_menu_typo_line_height_tablet":0,"ocean_menu_typo_line_height_mobile":0,"ocean_menu_typo_line_height_unit":"","ocean_menu_typo_spacing":0,"ocean_menu_typo_spacing_tablet":0,"ocean_menu_typo_spacing_mobile":0,"ocean_menu_typo_spacing_unit":"","ocean_menu_link_color":"","ocean_menu_link_color_hover":"","ocean_menu_link_color_active":"","ocean_menu_link_background":"","ocean_menu_link_hover_background":"","ocean_menu_link_active_background":"","ocean_menu_social_links_bg":"","ocean_menu_social_hover_links_bg":"","ocean_menu_social_links_color":"","ocean_menu_social_hover_links_color":"","ocean_disable_title":"default","ocean_disable_heading":"default","ocean_post_title":"","ocean_post_subheading":"","ocean_post_title_style":"","ocean_post_title_background_color":"","ocean_post_title_background":0,"ocean_post_title_bg_image_position":"","ocean_post_title_bg_image_attachment":"","ocean_post_title_bg_image_repeat":"","ocean_post_title_bg_image_size":"","ocean_post_title_height":0,"ocean_post_title_bg_overlay":0.5,"ocean_post_title_bg_overlay_color":"","ocean_disable_breadcrumbs":"default","ocean_breadcrumbs_color":"","ocean_breadcrumbs_separator_color":"","ocean_breadcrumbs_links_color":"","ocean_breadcrumbs_links_hover_color":"","ocean_display_footer_widgets":"default","ocean_display_footer_bottom":"default","ocean_custom_footer_template":"0","osh_disable_topbar_sticky":"default","osh_disable_header_sticky":"default","osh_sticky_header_style":"default","osh_sticky_header_effect":"","osh_custom_sticky_logo":0,"osh_custom_retina_sticky_logo":0,"osh_custom_sticky_logo_height":0,"osh_background_color":"","osh_links_color":"","osh_links_hover_color":"","osh_links_active_color":"","osh_links_bg_color":"","osh_links_hover_bg_color":"","osh_links_active_bg_color":"","osh_menu_social_links_color":"","osh_menu_social_hover_links_color":"","iawp_total_views":57},"product_brand":[],"product_cat":[215,596],"product_tag":[],"class_list":{"0":"post-12916","1":"product","2":"type-product","3":"status-publish","4":"has-post-thumbnail","6":"product_cat-face","7":"product_cat-cremer-og-kosmetik-med-cbd","9":"entry","10":"has-media","12":"first","13":"instock","14":"taxable","15":"shipping-taxable","16":"purchasable","17":"product-type-simple","18":"has-product-nav","19":"col","20":"span_1_of_4","21":"owp-content-center","22":"item-entry","23":"owp-thumbs-layout-vertical","24":"owp-btn-normal","25":"owp-tabs-layout-vertical","26":"has-no-thumbnails","28":"circle-sale"},"_links":{"self":[{"href":"https:\/\/body-n-soul.com\/de\/wp-json\/wp\/v2\/product\/12916","targetHints":{"allow":["GET"]}}],"collection":[{"href":"https:\/\/body-n-soul.com\/de\/wp-json\/wp\/v2\/product"}],"about":[{"href":"https:\/\/body-n-soul.com\/de\/wp-json\/wp\/v2\/types\/product"}],"replies":[{"embeddable":true,"href":"https:\/\/body-n-soul.com\/de\/wp-json\/wp\/v2\/comments?post=12916"}],"wp:featuredmedia":[{"embeddable":true,"href":"https:\/\/body-n-soul.com\/de\/wp-json\/wp\/v2\/media\/12917"}],"wp:attachment":[{"href":"https:\/\/body-n-soul.com\/de\/wp-json\/wp\/v2\/media?parent=12916"}],"wp:term":[{"taxonomy":"product_brand","embeddable":true,"href":"https:\/\/body-n-soul.com\/de\/wp-json\/wp\/v2\/product_brand?post=12916"},{"taxonomy":"product_cat","embeddable":true,"href":"https:\/\/body-n-soul.com\/de\/wp-json\/wp\/v2\/product_cat?post=12916"},{"taxonomy":"product_tag","embeddable":true,"href":"https:\/\/body-n-soul.com\/de\/wp-json\/wp\/v2\/product_tag?post=12916"}],"curies":[{"name":"wp","href":"https:\/\/api.w.org\/{rel}","templated":true}]}}