{"id":12833,"date":"2022-01-07T19:49:57","date_gmt":"2022-01-07T18:49:57","guid":{"rendered":"https:\/\/body-n-soul.com\/?post_type=product&#038;p=12833"},"modified":"2025-11-05T11:34:18","modified_gmt":"2025-11-05T10:34:18","slug":"the-tree-cbd-bubble-hash","status":"publish","type":"product","link":"https:\/\/body-n-soul.com\/de\/produkt\/the-tree-cbd-bubble-hash\/","title":{"rendered":"The Tree CBD Bubble Hash &#8211; 20% CBD"},"content":{"rendered":"<h2>The Tree CBD Bubble Hash<\/h2>\n<p>Bubble Hash CBD er endnu et nyt product fra The Tree CBD med den s\u00e6dvanlige h\u00f8je standard.<\/p>\n<p>Det specielle ved denne hash er at der bruges en speiel 90 mikron sigte (mesh), der kun udvinder de bedste egenskaber fra r\u00e5materialerne.<\/p>\n<p>Herved opn\u00e5r man et produkt med alle dets naturlige terpener og med en st\u00e6rk aroma uden kunstige tils\u00e6tningsstoffer, kun \u00e6gte hampeterpener.<\/p>\n<p>Denne cannabisharpiks fra The Tree CBD er et h\u00f8jkvalitets produkt i h\u00e5ndv\u00e6rksstil i mods\u00e6tning til andre former for kommerciel CBD-hash. Kun harpikskrystaller kan ses med det blotte \u00f8je, og det udstr\u00e5ler en behagelig blanding af aromaer.<\/p>\n<p>Den h\u00f8je kvalitet af dette produkt fremg\u00e5r af den f\u00f8rste duft og fornemmelse. Med en duft og smag, der kan sammenlignes med den bedste CBD Bubble Hash, for at give en enest\u00e5ende oplevelse, der vil gl\u00e6de alle store Hash-elskere.<\/p>\n<p>Harpikserne er s\u00e6rligt popul\u00e6re blandt mange\u00e5rige brugere. Faktisk kan man gennem ekstraktionsprocessen eliminere det meste af plantematerialet og form\u00e5 kun at koncentrere cannabinoiderne. Derudover skal det n\u00e6vnes at ved at fjerne klorofyl fra materialet opn\u00e5r man en mere bl\u00f8d og mindre intens smag.<\/p>\n<p>Denne CBD Bubble Hash kommer fra \u00f8kologiske hampeafgr\u00f8der i Europa og indeholder mindre end 0,2% THC, hvilket g\u00f8r den lovlig i hele Europa.<\/p>\n<p>&nbsp;<\/p>\n<h3>Hvorfor hedder det bubble hash?<\/h3>\n<p>Bubble Hash refererer til en bestemt type hash lavet med en proces, der involverer isvand. Ligesom traditionel hash er boblehash en fast koncentration af cannabisharpikskirtler eller trichomer. Den kan variere i farve fra lys blond til m\u00f8rkebrun.<\/p>\n<p>&#8222;Full Melt&#8220; betragtes som den h\u00f8jeste kvalitet af boblehash. Hvis vi vurderer hashen p\u00e5 en skala fra et til seks, er den seksstjernede hash den mest raffinerede og \u00f8nskv\u00e6rdige. Disse hash af h\u00f8jeste kvalitet er lavet med ekstremt fine mesh-sigter, der forhindrer plantemateriale i at passere igennem, kun de sm\u00e5 hoveder af trichomer.<\/p>\n<p>Ligesom Bubble Hash CBD, der tilbydes af The Tree CBD.<\/p>\n<p>&nbsp;<\/p>\n<h3>Gr\u00f8nt og milj\u00f8rigtigt produkt<\/h3>\n<p><span class=\"VIiyi\" lang=\"da\"><span class=\"JLqJ4b\" data-language-for-alternatives=\"da\" data-language-to-translate-into=\"es\" data-phrase-index=\"0\">Dette produkt er en bestseller og et af vores mest popul\u00e6re CBD-rige produkter. <\/span><\/span><\/p>\n<p><span class=\"VIiyi\" lang=\"da\"><span class=\"JLqJ4b\" data-language-for-alternatives=\"da\" data-language-to-translate-into=\"es\" data-phrase-index=\"0\">G\u00e5r du ind for det gr\u00f8nne og milj\u00f8venlige vil du s\u00e6tte pris p\u00e5 at k\u00f8be et 100% naturlig, CBD-rigt, plantevenligt cannabisekstrakt. <\/span><\/span><\/p>\n<p><span class=\"VIiyi\" lang=\"da\"><span class=\"JLqJ4b\" data-language-for-alternatives=\"da\" data-language-to-translate-into=\"es\" data-phrase-index=\"0\">I mods\u00e6tning til andre former for harpiks (resin) som pollen og anden hash (afh\u00e6ngigt af navnene) kommer harpiksen her fra levende planter s\u00e5 produktet er helt frisk n\u00e5r det bearbejdes og det kan du b\u00e5de se og smage. <\/span><\/span><\/p>\n<p>&nbsp;<\/p>\n<h3>CBD Hash Charas \/ Resin er lovligt<\/h3>\n<p><span class=\"VIiyi\" lang=\"da\"><span class=\"JLqJ4b\" data-language-for-alternatives=\"da\" data-language-to-translate-into=\"es\" data-phrase-index=\"0\">Denne Charas harpiks CBD er fuld lovlig og er et produkt underlagt streng kvalitetskontrol som sikrer og garanterer dets lovlighed. <\/span><\/span><\/p>\n<p><span class=\"VIiyi\" lang=\"da\"><span class=\"JLqJ4b\" data-language-for-alternatives=\"da\" data-language-to-translate-into=\"es\" data-phrase-index=\"0\">Produktets THC-procentdel forbliver altid under 0,2% og derfor er det et lovligt produkt i hele EU. CBD hash har ingen psykoaktive virkninger. <\/span><\/span><\/p>\n<p><span class=\"VIiyi\" lang=\"da\"><span class=\"JLqJ4b\" data-language-for-alternatives=\"da\" data-language-to-translate-into=\"es\" data-phrase-index=\"0\">Charas CBD hash er altid med kvalitetsstemplet fra The Tree CBD og er et produkt, der kommer fra \u00f8kologiske hampeafgr\u00f8der uden pesticider og fri for GMO&#8217;er.<\/span><\/span><\/p>\n<p>&nbsp;<\/p>\n<p>&nbsp;<\/p>\n<p>L\u00e6s mere on <a title=\"the tree cbd\" href=\"https:\/\/thetreecbd.com\/\" target=\"_blank\" rel=\"noopener\" data-schema-attribute=\"\">The tree cbd<\/a><\/p>\n<p>G\u00e5 tilbage til <a title=\"cbd hash\" href=\"\/cbd-hash\/\" data-schema-attribute=\"\">CBD Hash<\/a> kategorien eller se ogs\u00e5 vores udvalg af <a title=\"cbd topskud\" href=\"\/cbd-topskud\/\" data-schema-attribute=\"\">CBD topskud<\/a>.<\/p>\n<h3>K\u00f8b dit CBD hash i Danmark<\/h3>\n<p>Vi har et stort netv\u00e6rk af leverand\u00f8rer af CBD produkter overalt i Europa som vi samarbejder med. Det betyder at du f\u00e5r en ordentlig kvalitet uden at du skal betale mere for dette. Det har den fordel af du kan k\u00f8be CBD hash fra forskellige producenter men kun skal betale forsendelse fra et sted. Og skulle der mod forventning v\u00e6re noget du er utilfreds med kan du returnere det til os. Du skal ikke til at sl\u00e5s med en udenlandsk producent for at returnere varen.<\/p>\n<p>&nbsp;<\/p>\n<p>&nbsp;<\/p>\n<p>&nbsp;<\/p>\n<p>&nbsp;<\/p>\n<p>&nbsp;<\/p>\n","protected":false},"excerpt":{"rendered":"<h3>Tree CBD bubble hash &#8211; 3g<\/h3>\n<p>En virkelig l\u00e6kker, bl\u00f8d og velsmagende CBD hash fra The Tree CBD. 3g pose.<\/p>\n<p>Karakteristika:<\/p>\n<ul>\n<li>CBD hash (Resin) ekstraheret fra Cannabisblomster<\/li>\n<li>3g poser &#8211; 15g poser<\/li>\n<li>20% CBD<\/li>\n<li>Mindre end 0,20% THC<\/li>\n<li>Ingen psykoaktive effekter<\/li>\n<li>H\u00f8j kvalitetskontrol<\/li>\n<li>\u00d8kologisk dyrket<\/li>\n<li>GMO-fri<\/li>\n<li>Pesticidfri<\/li>\n<\/ul>\n<p>&nbsp;<\/p>\n<p>Tilbage til <a title=\"cbd hash\" href=\"\/cbd-hash\/\" data-schema-attribute=\"\">CBD Hash<\/a><\/p>\n<p>&nbsp;<\/p>\n","protected":false},"featured_media":13015,"comment_status":"open","ping_status":"closed","template":"","meta":{"ocean_post_layout":"","ocean_both_sidebars_style":"","ocean_both_sidebars_content_width":0,"ocean_both_sidebars_sidebars_width":0,"ocean_sidebar":"0","ocean_second_sidebar":"0","ocean_disable_margins":"enable","ocean_add_body_class":"","ocean_shortcode_before_top_bar":"","ocean_shortcode_after_top_bar":"","ocean_shortcode_before_header":"","ocean_shortcode_after_header":"","ocean_has_shortcode":"","ocean_shortcode_after_title":"","ocean_shortcode_before_footer_widgets":"","ocean_shortcode_after_footer_widgets":"","ocean_shortcode_before_footer_bottom":"","ocean_shortcode_after_footer_bottom":"","ocean_display_top_bar":"default","ocean_display_header":"default","ocean_header_style":"","ocean_center_header_left_menu":"0","ocean_custom_header_template":"0","ocean_custom_logo":0,"ocean_custom_retina_logo":0,"ocean_custom_logo_max_width":0,"ocean_custom_logo_tablet_max_width":0,"ocean_custom_logo_mobile_max_width":0,"ocean_custom_logo_max_height":0,"ocean_custom_logo_tablet_max_height":0,"ocean_custom_logo_mobile_max_height":0,"ocean_header_custom_menu":"0","ocean_menu_typo_font_family":"0","ocean_menu_typo_font_subset":"","ocean_menu_typo_font_size":0,"ocean_menu_typo_font_size_tablet":0,"ocean_menu_typo_font_size_mobile":0,"ocean_menu_typo_font_size_unit":"px","ocean_menu_typo_font_weight":"","ocean_menu_typo_font_weight_tablet":"","ocean_menu_typo_font_weight_mobile":"","ocean_menu_typo_transform":"","ocean_menu_typo_transform_tablet":"","ocean_menu_typo_transform_mobile":"","ocean_menu_typo_line_height":0,"ocean_menu_typo_line_height_tablet":0,"ocean_menu_typo_line_height_mobile":0,"ocean_menu_typo_line_height_unit":"","ocean_menu_typo_spacing":0,"ocean_menu_typo_spacing_tablet":0,"ocean_menu_typo_spacing_mobile":0,"ocean_menu_typo_spacing_unit":"","ocean_menu_link_color":"","ocean_menu_link_color_hover":"","ocean_menu_link_color_active":"","ocean_menu_link_background":"","ocean_menu_link_hover_background":"","ocean_menu_link_active_background":"","ocean_menu_social_links_bg":"","ocean_menu_social_hover_links_bg":"","ocean_menu_social_links_color":"","ocean_menu_social_hover_links_color":"","ocean_disable_title":"default","ocean_disable_heading":"default","ocean_post_title":"","ocean_post_subheading":"","ocean_post_title_style":"","ocean_post_title_background_color":"","ocean_post_title_background":0,"ocean_post_title_bg_image_position":"","ocean_post_title_bg_image_attachment":"","ocean_post_title_bg_image_repeat":"","ocean_post_title_bg_image_size":"","ocean_post_title_height":0,"ocean_post_title_bg_overlay":0.5,"ocean_post_title_bg_overlay_color":"","ocean_disable_breadcrumbs":"default","ocean_breadcrumbs_color":"","ocean_breadcrumbs_separator_color":"","ocean_breadcrumbs_links_color":"","ocean_breadcrumbs_links_hover_color":"","ocean_display_footer_widgets":"default","ocean_display_footer_bottom":"default","ocean_custom_footer_template":"0","osh_disable_topbar_sticky":"default","osh_disable_header_sticky":"default","osh_sticky_header_style":"default","osh_sticky_header_effect":"","osh_custom_sticky_logo":0,"osh_custom_retina_sticky_logo":0,"osh_custom_sticky_logo_height":0,"osh_background_color":"","osh_links_color":"","osh_links_hover_color":"","osh_links_active_color":"","osh_links_bg_color":"","osh_links_hover_bg_color":"","osh_links_active_bg_color":"","osh_menu_social_links_color":"","osh_menu_social_hover_links_color":"","iawp_total_views":330},"product_brand":[],"product_cat":[248],"product_tag":[250,511,506],"class_list":{"0":"post-12833","1":"product","2":"type-product","3":"status-publish","4":"has-post-thumbnail","6":"product_cat-cbd-hash1","7":"product_tag-cbd-hash","8":"product_tag-resin","9":"product_tag-the-tree-cbd","11":"entry","12":"has-media","14":"first","15":"instock","16":"taxable","17":"shipping-taxable","18":"purchasable","19":"product-type-variable","20":"has-product-nav","21":"col","22":"span_1_of_4","23":"owp-content-center","24":"item-entry","25":"owp-thumbs-layout-vertical","26":"owp-btn-normal","27":"owp-tabs-layout-vertical","29":"circle-sale"},"_links":{"self":[{"href":"https:\/\/body-n-soul.com\/de\/wp-json\/wp\/v2\/product\/12833","targetHints":{"allow":["GET"]}}],"collection":[{"href":"https:\/\/body-n-soul.com\/de\/wp-json\/wp\/v2\/product"}],"about":[{"href":"https:\/\/body-n-soul.com\/de\/wp-json\/wp\/v2\/types\/product"}],"replies":[{"embeddable":true,"href":"https:\/\/body-n-soul.com\/de\/wp-json\/wp\/v2\/comments?post=12833"}],"wp:featuredmedia":[{"embeddable":true,"href":"https:\/\/body-n-soul.com\/de\/wp-json\/wp\/v2\/media\/13015"}],"wp:attachment":[{"href":"https:\/\/body-n-soul.com\/de\/wp-json\/wp\/v2\/media?parent=12833"}],"wp:term":[{"taxonomy":"product_brand","embeddable":true,"href":"https:\/\/body-n-soul.com\/de\/wp-json\/wp\/v2\/product_brand?post=12833"},{"taxonomy":"product_cat","embeddable":true,"href":"https:\/\/body-n-soul.com\/de\/wp-json\/wp\/v2\/product_cat?post=12833"},{"taxonomy":"product_tag","embeddable":true,"href":"https:\/\/body-n-soul.com\/de\/wp-json\/wp\/v2\/product_tag?post=12833"}],"curies":[{"name":"wp","href":"https:\/\/api.w.org\/{rel}","templated":true}]}}