{"id":12749,"date":"2021-12-17T00:08:28","date_gmt":"2021-12-16T23:08:28","guid":{"rendered":"https:\/\/body-n-soul.com\/?post_type=product&#038;p=12749"},"modified":"2026-02-12T18:39:58","modified_gmt":"2026-02-12T17:39:58","slug":"oeko-cbd-pollen-med-30-krystaller-25-cbd","status":"publish","type":"product","link":"https:\/\/body-n-soul.com\/de\/produkt\/oeko-cbd-pollen-med-30-krystaller-25-cbd\/","title":{"rendered":"\u00d8KO CBD Pollen med 30% krystaller &#8211; 35% CBD"},"content":{"rendered":"<h2>\u00d8KO CBD pollen med 30% krystaller\u00a0 &#8211; 35% CBD.<\/h2>\n<p>Dette produkt er det samme som vores almindelige \u00d8KO CBD pollen men tilsat 30% CBD krystaller (3 gram). Dette for at booste indholdet af CBD i produktet.<\/p>\n<p>Hvis du \u00f8nsker en anden andel af CBD kan vi anbefale vores andre pollen produkter.<\/p>\n<p>Pollen er udvundet fra Futura 75 der er en EU certificered cannabisstamme. De stammer fra h\u00e5ndplukkede topskud hvorfra man mekanisk har fjernet pollen. At topskuddene er h\u00e5ndplukkede betyder at man ikke har noget indhold af sm\u00f8remidler eller andet fra h\u00f8stprocessen der ikke h\u00f8rer til i produktet.<\/p>\n<p>Der er ikke anvendt hverken pesticider eller insektgifte i produktcyklus.<\/p>\n<p>Produktet er rent og raffineret og klar til brug.<\/p>\n<p>CBD krystallerne der er anvendt er 99,4% ren CBD.<\/p>\n<p>Et andet ord for CBD pollen er kief.<\/p>\n<p>Indeholder &lt; 0.2% THC<\/p>\n<h3>Hvad er CBD pollen<\/h3>\n<p>CBD pollen er en fin pulveragtig substans der produceres af han cannabis planterne. De bruges ofte til at forst\u00f8ve f.eks. topskuddene (der kommer fra hun blomsterne).<\/p>\n<p>Derved kan man lave nye cannabisstammer (kryds best\u00f8vning) eller frembringe fr\u00f8 s\u00e5 man kan plante endnu flere cannabisplanter.<\/p>\n<h3>Hvordan bruges CBD pollen<\/h3>\n<p>Man kan tils\u00e6tte pollen til sit topskud eller pibe. Det afgiver en del essentielle olier og dufte n\u00e5r det br\u00e6ndes.<\/p>\n<p>Det kan ogs\u00e5 nydes helt uden andre produkter. Der skal det dog opvarmes langsomt for at f\u00e5 det fulde udbytte af olier og dufte.<\/p>\n<p>indeholder 5g eller 10g<\/p>\n","protected":false},"excerpt":{"rendered":"<h2>\u00d8KO CBD pollen med 30% krystaller &#8211; 35% CBD.<\/h2>\n<p>Pollen tilsat 30% CBD krystaller (3 gram).<\/p>\n<p>Pollen udvundet fra Futura 75 der er en EU certificered cannabisstamme. Pollen stammer fra h\u00e5ndplukkede topskud hvorfra man mekanisk har fjernet pollen. At topskuddene er h\u00e5ndplukkede betyder at man ikke har noget indhold af sm\u00f8remidler eller andet fra h\u00f8stprocessen der ikke h\u00f8rer til i produktet.<\/p>\n<p>Der er ikke anvendt hverken pesticider eller insektgifte i produktcyklus.<\/p>\n<p>Indeholder &lt; 0.2% THC<\/p>\n<p>indeholder 5g eller 10g<\/p>\n<p><a title=\"Retur til CBD Topskud\" href=\"\/cbd-topskud\/\">Retur til CBD Topskud<\/a><\/p>\n","protected":false},"featured_media":12737,"comment_status":"open","ping_status":"closed","template":"","meta":{"ocean_post_layout":"","ocean_both_sidebars_style":"","ocean_both_sidebars_content_width":0,"ocean_both_sidebars_sidebars_width":0,"ocean_sidebar":"0","ocean_second_sidebar":"0","ocean_disable_margins":"enable","ocean_add_body_class":"","ocean_shortcode_before_top_bar":"","ocean_shortcode_after_top_bar":"","ocean_shortcode_before_header":"","ocean_shortcode_after_header":"","ocean_has_shortcode":"","ocean_shortcode_after_title":"","ocean_shortcode_before_footer_widgets":"","ocean_shortcode_after_footer_widgets":"","ocean_shortcode_before_footer_bottom":"","ocean_shortcode_after_footer_bottom":"","ocean_display_top_bar":"default","ocean_display_header":"default","ocean_header_style":"","ocean_center_header_left_menu":"0","ocean_custom_header_template":"0","ocean_custom_logo":0,"ocean_custom_retina_logo":0,"ocean_custom_logo_max_width":0,"ocean_custom_logo_tablet_max_width":0,"ocean_custom_logo_mobile_max_width":0,"ocean_custom_logo_max_height":0,"ocean_custom_logo_tablet_max_height":0,"ocean_custom_logo_mobile_max_height":0,"ocean_header_custom_menu":"0","ocean_menu_typo_font_family":"0","ocean_menu_typo_font_subset":"","ocean_menu_typo_font_size":0,"ocean_menu_typo_font_size_tablet":0,"ocean_menu_typo_font_size_mobile":0,"ocean_menu_typo_font_size_unit":"px","ocean_menu_typo_font_weight":"","ocean_menu_typo_font_weight_tablet":"","ocean_menu_typo_font_weight_mobile":"","ocean_menu_typo_transform":"","ocean_menu_typo_transform_tablet":"","ocean_menu_typo_transform_mobile":"","ocean_menu_typo_line_height":0,"ocean_menu_typo_line_height_tablet":0,"ocean_menu_typo_line_height_mobile":0,"ocean_menu_typo_line_height_unit":"","ocean_menu_typo_spacing":0,"ocean_menu_typo_spacing_tablet":0,"ocean_menu_typo_spacing_mobile":0,"ocean_menu_typo_spacing_unit":"","ocean_menu_link_color":"","ocean_menu_link_color_hover":"","ocean_menu_link_color_active":"","ocean_menu_link_background":"","ocean_menu_link_hover_background":"","ocean_menu_link_active_background":"","ocean_menu_social_links_bg":"","ocean_menu_social_hover_links_bg":"","ocean_menu_social_links_color":"","ocean_menu_social_hover_links_color":"","ocean_disable_title":"default","ocean_disable_heading":"default","ocean_post_title":"","ocean_post_subheading":"","ocean_post_title_style":"","ocean_post_title_background_color":"","ocean_post_title_background":0,"ocean_post_title_bg_image_position":"","ocean_post_title_bg_image_attachment":"","ocean_post_title_bg_image_repeat":"","ocean_post_title_bg_image_size":"","ocean_post_title_height":0,"ocean_post_title_bg_overlay":0.5,"ocean_post_title_bg_overlay_color":"","ocean_disable_breadcrumbs":"default","ocean_breadcrumbs_color":"","ocean_breadcrumbs_separator_color":"","ocean_breadcrumbs_links_color":"","ocean_breadcrumbs_links_hover_color":"","ocean_display_footer_widgets":"default","ocean_display_footer_bottom":"default","ocean_custom_footer_template":"0","osh_disable_topbar_sticky":"default","osh_disable_header_sticky":"default","osh_sticky_header_style":"default","osh_sticky_header_effect":"","osh_custom_sticky_logo":0,"osh_custom_retina_sticky_logo":0,"osh_custom_sticky_logo_height":0,"osh_background_color":"","osh_links_color":"","osh_links_hover_color":"","osh_links_active_color":"","osh_links_bg_color":"","osh_links_hover_bg_color":"","osh_links_active_bg_color":"","osh_menu_social_links_color":"","osh_menu_social_hover_links_color":"","iawp_total_views":291},"product_brand":[],"product_cat":[147,248],"product_tag":[958,333,249],"class_list":{"0":"post-12749","1":"product","2":"type-product","3":"status-publish","4":"has-post-thumbnail","6":"product_cat-cbd-topskud1","7":"product_cat-cbd-hash1","8":"product_tag-body-n-soul-pollen","9":"product_tag-cbd-krystaller","10":"product_tag-cbd-pollen","12":"entry","13":"has-media","15":"first","16":"instock","17":"taxable","18":"shipping-taxable","19":"purchasable","20":"product-type-variable","21":"has-default-attributes","22":"has-product-nav","23":"col","24":"span_1_of_4","25":"owp-content-center","26":"item-entry","27":"owp-thumbs-layout-vertical","28":"owp-btn-normal","29":"owp-tabs-layout-vertical","31":"circle-sale"},"_links":{"self":[{"href":"https:\/\/body-n-soul.com\/de\/wp-json\/wp\/v2\/product\/12749","targetHints":{"allow":["GET"]}}],"collection":[{"href":"https:\/\/body-n-soul.com\/de\/wp-json\/wp\/v2\/product"}],"about":[{"href":"https:\/\/body-n-soul.com\/de\/wp-json\/wp\/v2\/types\/product"}],"replies":[{"embeddable":true,"href":"https:\/\/body-n-soul.com\/de\/wp-json\/wp\/v2\/comments?post=12749"}],"wp:featuredmedia":[{"embeddable":true,"href":"https:\/\/body-n-soul.com\/de\/wp-json\/wp\/v2\/media\/12737"}],"wp:attachment":[{"href":"https:\/\/body-n-soul.com\/de\/wp-json\/wp\/v2\/media?parent=12749"}],"wp:term":[{"taxonomy":"product_brand","embeddable":true,"href":"https:\/\/body-n-soul.com\/de\/wp-json\/wp\/v2\/product_brand?post=12749"},{"taxonomy":"product_cat","embeddable":true,"href":"https:\/\/body-n-soul.com\/de\/wp-json\/wp\/v2\/product_cat?post=12749"},{"taxonomy":"product_tag","embeddable":true,"href":"https:\/\/body-n-soul.com\/de\/wp-json\/wp\/v2\/product_tag?post=12749"}],"curies":[{"name":"wp","href":"https:\/\/api.w.org\/{rel}","templated":true}]}}