{"id":11607,"date":"2021-08-28T16:19:02","date_gmt":"2021-08-28T14:19:02","guid":{"rendered":"https:\/\/body-n-soul.com\/?post_type=product&#038;p=11607"},"modified":"2024-11-21T18:51:14","modified_gmt":"2024-11-21T17:51:14","slug":"the-tree-cbd-orange-cookies-topskud","status":"publish","type":"product","link":"https:\/\/body-n-soul.com\/de\/produkt\/the-tree-cbd-orange-cookies-topskud\/","title":{"rendered":"The Tree CBD Orange Cookies topskud &#8211; 12% CBD (Drivhus)"},"content":{"rendered":"<h2>Tree CBD Orange Cookies topskud<\/h2>\n<p>Lovlige marihuana blomster af Orange Cookies CBD-sorten, en saftig sort med h\u00f8jt CBD-indhold og glat fra The Tree CBD.<\/p>\n<p>Blomsterne kommer fra en genetisk krydsning mellem Orange Cookies x Pure CBD, dyrket indend\u00f8rs p\u00e5 en 100% naturlig m\u00e5de, uden brug af tils\u00e6tningsstoffer eller pesticider af nogen art.<\/p>\n<p>&nbsp;<\/p>\n<h3>Dens udseende og aroma<\/h3>\n<p>Orange Cookies CBD er en s\u00f8d citrusblomst med store og kompakte knopper. Blomsten har lilla toner samt gr\u00f8nne farver, fra selve knoppen, og appelsiner, som minder om tonerne af orange sm\u00e5kager. Sammen med den h\u00f8je koncentration af trichomer g\u00f8r det blomsterne mere prangende og fotogene. CBD topskuddenes svar p\u00e5 Marilyn Monroe.<\/p>\n<p>Derudover byder denne blomster p\u00e5 en st\u00e6rk og omsluttende duft. Dens aroma minder om den rene appelsin, netop sk\u00e5ret og s\u00f8de citrus. Samlet set har denne CBD-blomst en bitters\u00f8d aroma, der blander appelsinens syrlighed med antydninger af kush og s\u00f8dmen fra de bl\u00f8de, blomstrede jordiske pr\u00e6g. Deraf navnet, s\u00f8d fra sm\u00e5kager og sur fra citrus. N\u00e5r du smager p\u00e5 det, vil duften n\u00e5 dine smagsl\u00f8g, og du vil med det samme kunne ane ligheden med cookies marihuana.<\/p>\n<p>Denne blomst er en af topskuddene med h\u00f8jest m\u00e6ngde CBD pr bud.<\/p>\n<p>Med dette CBD topskud kan du se og nyde den afslappende effekt takket v\u00e6re dens h\u00f8je niveauer af CBD, mellem 10% og 12%.<\/p>\n<p>Da de ogs\u00e5 indeholder mindre end 0,20% THC, er de fuldst\u00e6ndig lovlige i hele Europa og har ingen psykoaktiv effekt af nogen art.<\/p>\n<p>&nbsp;<\/p>\n<h3>Karakteristika for The Tree CBD Orange cookies topskud<\/h3>\n<ul>\n<li>Hamp buds \/ blomster \/ topskud<\/li>\n<li>Dyrket udend\u00f8rs \/ outdoor<\/li>\n<li>10% &#8211; 12% CBD<\/li>\n<li>Mindre end 0,20% THC<\/li>\n<li>Genetik:Orange Cookies x CBD Pura &#8211; EU certificerede fr\u00f8<\/li>\n<li>Sativa 40% Indica 60%<\/li>\n<li>Ingen psykoaktive effekter<\/li>\n<li>\u00d8kologisk dyrket<\/li>\n<li>GMO-fri<\/li>\n<li>Pesticidfri<\/li>\n<\/ul>\n<p>&nbsp;<\/p>\n<p>L\u00e6s mere on <a title=\"the tree cbd\" href=\"https:\/\/thetreecbd.com\/\" target=\"_blank\" rel=\"noopener\" data-schema-attribute=\"\">The tree cbd<\/a><\/p>\n<p>Tags: The Tree CBD Gelato topskud, legal cannabis og marihuana, k\u00f8b topskud i Danmark, Indica, Indoor<\/p>\n<p>&nbsp;<\/p>\n<p>Retur til <a title=\"CBD topskud\" href=\"\/cbd-topskud\/\" data-schema-attribute=\"\">CBD topskud<\/a><\/p>\n","protected":false},"excerpt":{"rendered":"<h2>Tree CBD Orange Cookies topskud<\/h2>\n<p>Lovlige marihuana blomster af Orange Cookies CBD-sorten, en saftig sort med h\u00f8jt CBD-indhold og glat fra The Tree CBD.<\/p>\n<p>Blomsterne kommer fra en genetisk krydsning mellem Orange Cookies x Pure CBD, dyrket indend\u00f8rs p\u00e5 en 100% naturlig m\u00e5de, uden brug af tils\u00e6tningsstoffer eller pesticider af nogen art.<\/p>\n<h3>Karakteristika for The Tree CBD Orange Cookies topskud<\/h3>\n<ul>\n<li>Hamp buds \/ blomster \/ topskud<\/li>\n<li>Dyrket udend\u00f8rs \/ outdoor<\/li>\n<li>10% &#8211; 12% CBD<\/li>\n<li>Mindre end 0,20% THC<\/li>\n<li>Genetik:Orange Cookies x CBD Pura &#8211; EU certificerede fr\u00f8<\/li>\n<li>Sativa 40% Indica 60%<\/li>\n<li>Ingen psykoaktive effekter<\/li>\n<li>\u00d8kologisk dyrket<\/li>\n<li>GMO-fri<\/li>\n<li>Pesticidfri<\/li>\n<\/ul>\n<p>&nbsp;<\/p>\n<p>Retur til <a title=\"CBD topskud\" href=\"\/cbd-topskud\/\" data-schema-attribute=\"\">CBD topskud<\/a><\/p>\n","protected":false},"featured_media":11952,"comment_status":"open","ping_status":"closed","template":"","meta":{"ocean_post_layout":"","ocean_both_sidebars_style":"","ocean_both_sidebars_content_width":0,"ocean_both_sidebars_sidebars_width":0,"ocean_sidebar":"0","ocean_second_sidebar":"0","ocean_disable_margins":"enable","ocean_add_body_class":"","ocean_shortcode_before_top_bar":"","ocean_shortcode_after_top_bar":"","ocean_shortcode_before_header":"","ocean_shortcode_after_header":"","ocean_has_shortcode":"","ocean_shortcode_after_title":"","ocean_shortcode_before_footer_widgets":"","ocean_shortcode_after_footer_widgets":"","ocean_shortcode_before_footer_bottom":"","ocean_shortcode_after_footer_bottom":"","ocean_display_top_bar":"default","ocean_display_header":"default","ocean_header_style":"","ocean_center_header_left_menu":"0","ocean_custom_header_template":"0","ocean_custom_logo":0,"ocean_custom_retina_logo":0,"ocean_custom_logo_max_width":0,"ocean_custom_logo_tablet_max_width":0,"ocean_custom_logo_mobile_max_width":0,"ocean_custom_logo_max_height":0,"ocean_custom_logo_tablet_max_height":0,"ocean_custom_logo_mobile_max_height":0,"ocean_header_custom_menu":"0","ocean_menu_typo_font_family":"0","ocean_menu_typo_font_subset":"","ocean_menu_typo_font_size":0,"ocean_menu_typo_font_size_tablet":0,"ocean_menu_typo_font_size_mobile":0,"ocean_menu_typo_font_size_unit":"px","ocean_menu_typo_font_weight":"","ocean_menu_typo_font_weight_tablet":"","ocean_menu_typo_font_weight_mobile":"","ocean_menu_typo_transform":"","ocean_menu_typo_transform_tablet":"","ocean_menu_typo_transform_mobile":"","ocean_menu_typo_line_height":0,"ocean_menu_typo_line_height_tablet":0,"ocean_menu_typo_line_height_mobile":0,"ocean_menu_typo_line_height_unit":"","ocean_menu_typo_spacing":0,"ocean_menu_typo_spacing_tablet":0,"ocean_menu_typo_spacing_mobile":0,"ocean_menu_typo_spacing_unit":"","ocean_menu_link_color":"","ocean_menu_link_color_hover":"","ocean_menu_link_color_active":"","ocean_menu_link_background":"","ocean_menu_link_hover_background":"","ocean_menu_link_active_background":"","ocean_menu_social_links_bg":"","ocean_menu_social_hover_links_bg":"","ocean_menu_social_links_color":"","ocean_menu_social_hover_links_color":"","ocean_disable_title":"default","ocean_disable_heading":"default","ocean_post_title":"","ocean_post_subheading":"","ocean_post_title_style":"","ocean_post_title_background_color":"","ocean_post_title_background":0,"ocean_post_title_bg_image_position":"","ocean_post_title_bg_image_attachment":"","ocean_post_title_bg_image_repeat":"","ocean_post_title_bg_image_size":"","ocean_post_title_height":0,"ocean_post_title_bg_overlay":0.5,"ocean_post_title_bg_overlay_color":"","ocean_disable_breadcrumbs":"default","ocean_breadcrumbs_color":"","ocean_breadcrumbs_separator_color":"","ocean_breadcrumbs_links_color":"","ocean_breadcrumbs_links_hover_color":"","ocean_display_footer_widgets":"default","ocean_display_footer_bottom":"default","ocean_custom_footer_template":"0","osh_disable_topbar_sticky":"default","osh_disable_header_sticky":"default","osh_sticky_header_style":"default","osh_sticky_header_effect":"","osh_custom_sticky_logo":0,"osh_custom_retina_sticky_logo":0,"osh_custom_sticky_logo_height":0,"osh_background_color":"","osh_links_color":"","osh_links_hover_color":"","osh_links_active_color":"","osh_links_bg_color":"","osh_links_hover_bg_color":"","osh_links_active_bg_color":"","osh_menu_social_links_color":"","osh_menu_social_hover_links_color":"","iawp_total_views":172},"product_brand":[],"product_cat":[147],"product_tag":[369,553,506,615,365],"class_list":{"0":"post-11607","1":"product","2":"type-product","3":"status-publish","4":"has-post-thumbnail","6":"product_cat-cbd-topskud1","7":"product_tag-cbd-buds-danmark","8":"product_tag-drivhus","9":"product_tag-the-tree-cbd","10":"product_tag-the-tree-cbd-buds","11":"product_tag-topskud-i-danmark","13":"entry","14":"has-media","16":"first","17":"instock","18":"taxable","19":"shipping-taxable","20":"purchasable","21":"product-type-variable","22":"has-default-attributes","23":"has-product-nav","24":"col","25":"span_1_of_4","26":"owp-content-center","27":"item-entry","28":"owp-thumbs-layout-vertical","29":"owp-btn-normal","30":"owp-tabs-layout-vertical","32":"circle-sale"},"_links":{"self":[{"href":"https:\/\/body-n-soul.com\/de\/wp-json\/wp\/v2\/product\/11607","targetHints":{"allow":["GET"]}}],"collection":[{"href":"https:\/\/body-n-soul.com\/de\/wp-json\/wp\/v2\/product"}],"about":[{"href":"https:\/\/body-n-soul.com\/de\/wp-json\/wp\/v2\/types\/product"}],"replies":[{"embeddable":true,"href":"https:\/\/body-n-soul.com\/de\/wp-json\/wp\/v2\/comments?post=11607"}],"wp:featuredmedia":[{"embeddable":true,"href":"https:\/\/body-n-soul.com\/de\/wp-json\/wp\/v2\/media\/11952"}],"wp:attachment":[{"href":"https:\/\/body-n-soul.com\/de\/wp-json\/wp\/v2\/media?parent=11607"}],"wp:term":[{"taxonomy":"product_brand","embeddable":true,"href":"https:\/\/body-n-soul.com\/de\/wp-json\/wp\/v2\/product_brand?post=11607"},{"taxonomy":"product_cat","embeddable":true,"href":"https:\/\/body-n-soul.com\/de\/wp-json\/wp\/v2\/product_cat?post=11607"},{"taxonomy":"product_tag","embeddable":true,"href":"https:\/\/body-n-soul.com\/de\/wp-json\/wp\/v2\/product_tag?post=11607"}],"curies":[{"name":"wp","href":"https:\/\/api.w.org\/{rel}","templated":true}]}}