{"id":10781,"date":"2021-07-29T11:51:26","date_gmt":"2021-07-29T09:51:26","guid":{"rendered":"https:\/\/body-n-soul.com\/?post_type=product&#038;p=10781"},"modified":"2024-02-11T15:51:13","modified_gmt":"2024-02-11T14:51:13","slug":"the-tree-cbd-matterhorn-cbg-topskud-2g","status":"publish","type":"product","link":"https:\/\/body-n-soul.com\/de\/produkt\/the-tree-cbd-matterhorn-cbg-topskud-2g\/","title":{"rendered":"The Tree CBD Matterhorn CBG topskud &#8211; 14% CBG (Outdoor)"},"content":{"rendered":"<h2>The Tree CBD Matterhorn CBG topskud<\/h2>\n<p>Matterhorn CBG topskud er sidste nye skud p\u00e5 stammen hvis man kan bruge det udtryk. Det indeholder mellem 12 og 14% CBG og har s\u00f8lvtrichomer, der d\u00e6kker de lysegr\u00f8nne hemp buds. En sj\u00e6lden ny stamme, der har gr\u00f8n te-lignende effekter og en mild n\u00f8ddeagtig og gr\u00e6sagtig smag.<\/p>\n<h3>Matterhorn CBG: <strong>Hvad er CBG<\/strong>?<\/h3>\n<p>Cannabigerol eller CBG er en af \u200b\u200bmere end 100 cannabinoider, der findes i cannabisplanten. CBG er en ikke-psykoaktiv cannabinoid, hvilket betyder, at du ikke bliver h\u00f8j eller sk\u00e6v af det. Det omdannes normalt til CBD og THC, n\u00e5r hampeplanten vokser, men nogle stammer af industriel hamp opdr\u00e6ttes specifikt for at producere h\u00f8je niveauer af CBG. Dette for at drage fordel af dens gavnlige virkninger. Ligesom THC og CBD reagerer CBG med cannabinoidreceptorer i den menneskelige krop, men hver cannabinoid type giver forskellige effekter.<\/p>\n<h3><strong>Hvad er forskellen mellem CBG topskud og CBD topskud?<\/strong><\/h3>\n<p>CBG st\u00e5r for cannabigerolsyre, som er basen, der bliver tetrahydrocannabinolsyre (THCA), forl\u00f8beren for tetrahydrocannabinol (THC) og cannabidiolsyre (CBDA), forl\u00f8beren for CBD. De fleste cannabis stammer indeholder kun sm\u00e5 m\u00e6ngder CBG da det konstant omdannes til et af de andre typer. Men nye CBG-rige stammer er nu tilg\u00e6ngelige. Fordi CBG topskud stadig er en mindre almindelig sort, kommer det ofte til en h\u00f8jere pris.<\/p>\n<p>CBG er det overordnede molekyle som omdannes til enten THC eller CBD. Man kan tale om en slags stamecelle effekt her.\u00a0 De har forskellige molekyl\u00e6re strukturer og forskellige interaktioner med endocannabinoid-systemet i kroppen. I mods\u00e6tning til THC er CBD og CBG ikke psykoaktive, hvilket betyder, at du ikke bliver h\u00f8j eller sk\u00e6v.<\/p>\n<h3>Legal cannabis<\/h3>\n<p>Vores CBG hampeblomst indeholder mindre end 0,2% THC og betegenes som<strong> legal cannabis<\/strong>.<\/p>\n<p>Separat har hver cannabinoid sine egne gavnlige egenskaber, hvoraf mange overlapper hinanden. N\u00e5r CBD og CBG tages sammen, antages fordelene ved CBD at vare l\u00e6ngere og er mere udtalt. CBG formodes ogs\u00e5 at forst\u00e6rke eller synergisere med de andre cannabinoider og terpener i produkter med fuld spektrum.<\/p>\n<p>&nbsp;<\/p>\n<p>Da CBG topskuddene indeholder mindre end 0,20% THC, er de desuden fuldst\u00e6ndig lovlige i hele Europa og har ingen psykoaktiv effekt af nogen art.<\/p>\n<p>&nbsp;<\/p>\n<h3>Karakteristika for The Tree CBD Materhorn CBD topskud<\/h3>\n<ul>\n<li>CBG topskud \/ buds<\/li>\n<li>2g poser<\/li>\n<li>14% CBG<\/li>\n<li>Mindre end 0,20% THC<\/li>\n<li><span class=\"VIiyi\" lang=\"da\"><span class=\"JLqJ4b ChMk0b\" data-language-for-alternatives=\"da\" data-language-to-translate-into=\"es\" data-phrase-index=\"0\">Genetik: EU-certificerede fr\u00f8<\/span><\/span><\/li>\n<li>Ingen psykoaktive effekter<\/li>\n<li>H\u00f8j kvalitetskontrol<\/li>\n<li>\u00d8kologisk dyrket<\/li>\n<li>GMO-fri<\/li>\n<li>Pesticidfri<\/li>\n<\/ul>\n<p>&nbsp;<\/p>\n<p>L\u00e6s mere on <a title=\"the tree cbd\" href=\"https:\/\/thetreecbd.com\/\" target=\"_blank\" rel=\"noopener\" data-schema-attribute=\"\">The tree cbd<\/a><\/p>\n<p>G\u00e5 tilbage til <a title=\"cbd topskud\" href=\"\/cbd-topskud\/\" data-schema-attribute=\"\">CBD Topskud<\/a> kategorien eller se ogs\u00e5 vores udvalg af <a title=\"cbd hash\" href=\"\/cbd-hash\/\" data-schema-attribute=\"\">CBD hash<\/a>.<\/p>\n<h3>K\u00f8b dine CBD topskud i Danmark<\/h3>\n<p>Vi har et stort netv\u00e6rk af leverand\u00f8rer af CBD produkter overalt i Europa som vi samarbejder med. Det betyder at du f\u00e5r en ordentlig kvalitet uden at du skal betale mere for dette. Det har den fordel af du kan k\u00f8be CBD hash fra forskellige producenter men kun skal betale forsendelse fra et sted. Og skulle der mod forventning v\u00e6re noget du er utilfreds med kan du returnere det til os. Du skal ikke til at sl\u00e5s med en udenlandsk producent for at returnere varen.<\/p>\n<p>&nbsp;<\/p>\n<p>&nbsp;<\/p>\n<p>&nbsp;<\/p>\n","protected":false},"excerpt":{"rendered":"<h3>Karakteristika for The Tree CBD Materhorn CBD topskud &#8211; 2g<\/h3>\n<p>Et godt CBG topskud til en rimelig pris.<\/p>\n<ul>\n<li>CBG topskud \/ buds<\/li>\n<li>2g poser<\/li>\n<li>14% CBG<\/li>\n<li>Mindre end 0,20% THC<\/li>\n<li><span class=\"VIiyi\" lang=\"da\"><span class=\"JLqJ4b ChMk0b\" data-language-for-alternatives=\"da\" data-language-to-translate-into=\"es\" data-phrase-index=\"0\">Genetik: EU-certificerede fr\u00f8<\/span><\/span><\/li>\n<li>Ingen psykoaktive effekter<\/li>\n<li>H\u00f8j kvalitetskontrol<\/li>\n<li>\u00d8kologisk dyrket<\/li>\n<li>GMO-fri<\/li>\n<li>Pesticidfri<\/li>\n<\/ul>\n<p>&nbsp;<\/p>\n<p>G\u00e5 tilbage til <a title=\"cbd topskud\" href=\"\/cbd-topskud\/\" data-schema-attribute=\"\">CBD Topskud<\/a> kategorien.<\/p>\n<p>&nbsp;<\/p>\n","protected":false},"featured_media":10783,"comment_status":"open","ping_status":"closed","template":"","meta":{"ocean_post_layout":"","ocean_both_sidebars_style":"","ocean_both_sidebars_content_width":0,"ocean_both_sidebars_sidebars_width":0,"ocean_sidebar":"0","ocean_second_sidebar":"0","ocean_disable_margins":"enable","ocean_add_body_class":"","ocean_shortcode_before_top_bar":"","ocean_shortcode_after_top_bar":"","ocean_shortcode_before_header":"","ocean_shortcode_after_header":"","ocean_has_shortcode":"","ocean_shortcode_after_title":"","ocean_shortcode_before_footer_widgets":"","ocean_shortcode_after_footer_widgets":"","ocean_shortcode_before_footer_bottom":"","ocean_shortcode_after_footer_bottom":"","ocean_display_top_bar":"default","ocean_display_header":"default","ocean_header_style":"","ocean_center_header_left_menu":"0","ocean_custom_header_template":"0","ocean_custom_logo":0,"ocean_custom_retina_logo":0,"ocean_custom_logo_max_width":0,"ocean_custom_logo_tablet_max_width":0,"ocean_custom_logo_mobile_max_width":0,"ocean_custom_logo_max_height":0,"ocean_custom_logo_tablet_max_height":0,"ocean_custom_logo_mobile_max_height":0,"ocean_header_custom_menu":"0","ocean_menu_typo_font_family":"0","ocean_menu_typo_font_subset":"","ocean_menu_typo_font_size":0,"ocean_menu_typo_font_size_tablet":0,"ocean_menu_typo_font_size_mobile":0,"ocean_menu_typo_font_size_unit":"px","ocean_menu_typo_font_weight":"","ocean_menu_typo_font_weight_tablet":"","ocean_menu_typo_font_weight_mobile":"","ocean_menu_typo_transform":"","ocean_menu_typo_transform_tablet":"","ocean_menu_typo_transform_mobile":"","ocean_menu_typo_line_height":0,"ocean_menu_typo_line_height_tablet":0,"ocean_menu_typo_line_height_mobile":0,"ocean_menu_typo_line_height_unit":"","ocean_menu_typo_spacing":0,"ocean_menu_typo_spacing_tablet":0,"ocean_menu_typo_spacing_mobile":0,"ocean_menu_typo_spacing_unit":"","ocean_menu_link_color":"","ocean_menu_link_color_hover":"","ocean_menu_link_color_active":"","ocean_menu_link_background":"","ocean_menu_link_hover_background":"","ocean_menu_link_active_background":"","ocean_menu_social_links_bg":"","ocean_menu_social_hover_links_bg":"","ocean_menu_social_links_color":"","ocean_menu_social_hover_links_color":"","ocean_disable_title":"default","ocean_disable_heading":"default","ocean_post_title":"","ocean_post_subheading":"","ocean_post_title_style":"","ocean_post_title_background_color":"","ocean_post_title_background":0,"ocean_post_title_bg_image_position":"","ocean_post_title_bg_image_attachment":"","ocean_post_title_bg_image_repeat":"","ocean_post_title_bg_image_size":"","ocean_post_title_height":0,"ocean_post_title_bg_overlay":0.5,"ocean_post_title_bg_overlay_color":"","ocean_disable_breadcrumbs":"default","ocean_breadcrumbs_color":"","ocean_breadcrumbs_separator_color":"","ocean_breadcrumbs_links_color":"","ocean_breadcrumbs_links_hover_color":"","ocean_display_footer_widgets":"default","ocean_display_footer_bottom":"default","ocean_custom_footer_template":"0","osh_disable_topbar_sticky":"default","osh_disable_header_sticky":"default","osh_sticky_header_style":"default","osh_sticky_header_effect":"","osh_custom_sticky_logo":0,"osh_custom_retina_sticky_logo":0,"osh_custom_sticky_logo_height":0,"osh_background_color":"","osh_links_color":"","osh_links_hover_color":"","osh_links_active_color":"","osh_links_bg_color":"","osh_links_hover_bg_color":"","osh_links_active_bg_color":"","osh_menu_social_links_color":"","osh_menu_social_hover_links_color":"","iawp_total_views":151},"product_brand":[],"product_cat":[147],"product_tag":[369,385,516,515,517,506,615],"class_list":{"0":"post-10781","1":"product","2":"type-product","3":"status-publish","4":"has-post-thumbnail","6":"product_cat-cbd-topskud1","7":"product_tag-cbd-buds-danmark","8":"product_tag-cbg","9":"product_tag-cbg-topskud","10":"product_tag-legal-cannabis","11":"product_tag-outdoor","12":"product_tag-the-tree-cbd","13":"product_tag-the-tree-cbd-buds","15":"entry","16":"has-media","18":"first","19":"outofstock","20":"taxable","21":"shipping-taxable","22":"purchasable","23":"product-type-variable","24":"has-default-attributes","25":"has-rating","26":"has-product-nav","27":"col","28":"span_1_of_4","29":"owp-content-center","30":"item-entry","31":"owp-thumbs-layout-vertical","32":"owp-btn-normal","33":"owp-tabs-layout-vertical","35":"circle-sale"},"_links":{"self":[{"href":"https:\/\/body-n-soul.com\/de\/wp-json\/wp\/v2\/product\/10781","targetHints":{"allow":["GET"]}}],"collection":[{"href":"https:\/\/body-n-soul.com\/de\/wp-json\/wp\/v2\/product"}],"about":[{"href":"https:\/\/body-n-soul.com\/de\/wp-json\/wp\/v2\/types\/product"}],"replies":[{"embeddable":true,"href":"https:\/\/body-n-soul.com\/de\/wp-json\/wp\/v2\/comments?post=10781"}],"wp:featuredmedia":[{"embeddable":true,"href":"https:\/\/body-n-soul.com\/de\/wp-json\/wp\/v2\/media\/10783"}],"wp:attachment":[{"href":"https:\/\/body-n-soul.com\/de\/wp-json\/wp\/v2\/media?parent=10781"}],"wp:term":[{"taxonomy":"product_brand","embeddable":true,"href":"https:\/\/body-n-soul.com\/de\/wp-json\/wp\/v2\/product_brand?post=10781"},{"taxonomy":"product_cat","embeddable":true,"href":"https:\/\/body-n-soul.com\/de\/wp-json\/wp\/v2\/product_cat?post=10781"},{"taxonomy":"product_tag","embeddable":true,"href":"https:\/\/body-n-soul.com\/de\/wp-json\/wp\/v2\/product_tag?post=10781"}],"curies":[{"name":"wp","href":"https:\/\/api.w.org\/{rel}","templated":true}]}}