{"id":10771,"date":"2021-07-28T18:24:42","date_gmt":"2021-07-28T16:24:42","guid":{"rendered":"https:\/\/body-n-soul.com\/?post_type=product&#038;p=10771"},"modified":"2024-03-08T12:26:00","modified_gmt":"2024-03-08T11:26:00","slug":"the-tree-cbd-lemon-cbd-hash-3","status":"publish","type":"product","link":"https:\/\/body-n-soul.com\/de\/produkt\/the-tree-cbd-lemon-cbd-hash-3\/","title":{"rendered":"The Tree CBD Lemon CBD Hash 3 g &#8211; 23% CBD"},"content":{"rendered":"<h2>The Tree CBD Lemon CBD Hash<\/h2>\n<p><span class=\"VIiyi\" lang=\"da\"><span class=\"JLqJ4b\" data-language-for-alternatives=\"da\" data-language-to-translate-into=\"es\" data-phrase-index=\"0\">En l\u00e6kker Lemon CBD Hash fra gutterne fra The Tree CBD . Produktet er et sk\u00f8nt derivat af et udvalg af organiske hampeblomster hvilket giver en CBD hash med h\u00f8j styrke &#8211; hele 23%. Hashen er rig p\u00e5 terpener og afgiver \u00f8jeblikkeligt en genkendelig og dejlig citrussmag. <\/span><\/span><\/p>\n<p><span class=\"VIiyi\" lang=\"da\"><span class=\"JLqJ4b\" data-language-for-alternatives=\"da\" data-language-to-translate-into=\"es\" data-phrase-index=\"0\">En s\u00f8d hash med citrus toner.<br \/>\n<\/span><\/span><\/p>\n<p>Udgangspunktet for denne CBD hash \/ CBD Resin er et miks af <em>naturlige og organiske cannabisblomster<\/em> med et rigt udvalg af harpiksholdige cannabis-trichomer. Disse t\u00f8rres og pollen fra blomsterne sigtes forsigtigt gennem et net eller en finmasket si. De sigtede pollen presses sammen under h\u00f8jt tryk og man f\u00e5r en blok af pollen. Produktet er en s\u00f8d aromatisk CBD-hash der smager af pollen.<\/p>\n<p>Som navnet antyder har denne hash, en gullig nuance. Derudover er den yderst smidig og let at forarbejde takket v\u00e6re sin pulveragtige konsistens.<\/p>\n<p>Denne CBD hash er et topprodukt da indholdet af terpener og cannabinoider er meget h\u00f8jt og kvaliiteten er vanskelig at matche selv med CBD blomster.<\/p>\n<p>Vi forhandler produktet i 3g poser der er omhyggeligt pakket s\u00e5 produktet holder sig frisk.<\/p>\n<p>Denne f\u00f8rsteklasses <strong>Lemon CBD hash<\/strong> kommer, ligesom alle vores produkter, fra \u00f8kologiske hampeafgr\u00f8der i Europa, fri for pesticider og GMO&#8217;er.<\/p>\n<p>Det indeholder ogs\u00e5 mindre end 0,2% THC, hvilket g\u00f8r det lovligt i hele Europa.<\/p>\n<p>&nbsp;<\/p>\n<p>L\u00e6s mere on <a title=\"the tree cbd\" href=\"https:\/\/thetreecbd.com\/\" target=\"_blank\" rel=\"noopener\" data-schema-attribute=\"\">The tree cbd<\/a><\/p>\n<p>G\u00e5 tilbage til <a title=\"cbd hash\" href=\"\/cbd-hash\/\" data-schema-attribute=\"\">CBD Hash<\/a> kategorien eller se ogs\u00e5 vores udvalg af <a title=\"cbd topskud\" href=\"\/cbd-topskud\/\" data-schema-attribute=\"\">CBD topskud<\/a>.<\/p>\n<p>&nbsp;<\/p>\n<h3>K\u00f8b dit CBD hash i Danmark<\/h3>\n<p>Vi har et stort netv\u00e6rk af leverand\u00f8rer af CBD produkter overalt i Europa som vi samarbejder med. Det betyder at du f\u00e5r en ordentlig kvalitet uden at du skal betale mere for dette. Det har den fordel af du kan k\u00f8be CBD hash fra forskellige producenter men kun skal betale forsendelse fra et sted. Og skulle der mod forventning v\u00e6re noget du er utilfreds med kan du returnere det til os. Du skal ikke til at sl\u00e5s med en udenlandsk producent for at returnere varen.<\/p>\n<p>&nbsp;<\/p>\n<p>&nbsp;<\/p>\n","protected":false},"excerpt":{"rendered":"<h3>Lemon CBD Hash &#8211; 3g<\/h3>\n<p>En virkelig l\u00e6kker, bl\u00f8d og velsmagende CBD hash fra The Tree CBD baseret p\u00e5 sigtede pollen fra et miks af cannabisblomster. 3g pose.<\/p>\n<p>Karakteristika:<\/p>\n<ul>\n<li>CBD hash baseret p\u00e5 pollen fra Cannabisblomster<\/li>\n<li>3g poser<\/li>\n<li>12% &#8211; 23% CBD<\/li>\n<li>Mindre end 0,20% THC<\/li>\n<li>Stammer: <span class=\"VIiyi\" lang=\"da\"><span class=\"JLqJ4b ChMk0b\" data-language-for-alternatives=\"da\" data-language-to-translate-into=\"es\" data-phrase-index=\"8\">Kompolty x Kompolty x Tyzana x Pure CBD<\/span><\/span><\/li>\n<li><span class=\"VIiyi\" lang=\"da\"><span class=\"JLqJ4b ChMk0b\" data-language-for-alternatives=\"da\" data-language-to-translate-into=\"es\" data-phrase-index=\"10\">Sativa 70% Indica 30%<\/span><\/span><\/li>\n<li>Ingen psykoaktive effekter<\/li>\n<li>H\u00f8j kvalitetskontrol<\/li>\n<li>\u00d8kologisk dyrket<\/li>\n<li>GMO-fri<\/li>\n<li>Pesticidfri<\/li>\n<\/ul>\n<p>&nbsp;<\/p>\n<p>Tilbage til <a title=\"cbd hash\" href=\"\/cbd-hash\/\" data-schema-attribute=\"\">CBD Hash<\/a><\/p>\n","protected":false},"featured_media":10774,"comment_status":"open","ping_status":"closed","template":"","meta":{"ocean_post_layout":"","ocean_both_sidebars_style":"","ocean_both_sidebars_content_width":0,"ocean_both_sidebars_sidebars_width":0,"ocean_sidebar":"0","ocean_second_sidebar":"0","ocean_disable_margins":"enable","ocean_add_body_class":"","ocean_shortcode_before_top_bar":"","ocean_shortcode_after_top_bar":"","ocean_shortcode_before_header":"","ocean_shortcode_after_header":"","ocean_has_shortcode":"","ocean_shortcode_after_title":"","ocean_shortcode_before_footer_widgets":"","ocean_shortcode_after_footer_widgets":"","ocean_shortcode_before_footer_bottom":"","ocean_shortcode_after_footer_bottom":"","ocean_display_top_bar":"default","ocean_display_header":"default","ocean_header_style":"","ocean_center_header_left_menu":"0","ocean_custom_header_template":"0","ocean_custom_logo":0,"ocean_custom_retina_logo":0,"ocean_custom_logo_max_width":0,"ocean_custom_logo_tablet_max_width":0,"ocean_custom_logo_mobile_max_width":0,"ocean_custom_logo_max_height":0,"ocean_custom_logo_tablet_max_height":0,"ocean_custom_logo_mobile_max_height":0,"ocean_header_custom_menu":"0","ocean_menu_typo_font_family":"0","ocean_menu_typo_font_subset":"","ocean_menu_typo_font_size":0,"ocean_menu_typo_font_size_tablet":0,"ocean_menu_typo_font_size_mobile":0,"ocean_menu_typo_font_size_unit":"px","ocean_menu_typo_font_weight":"","ocean_menu_typo_font_weight_tablet":"","ocean_menu_typo_font_weight_mobile":"","ocean_menu_typo_transform":"","ocean_menu_typo_transform_tablet":"","ocean_menu_typo_transform_mobile":"","ocean_menu_typo_line_height":0,"ocean_menu_typo_line_height_tablet":0,"ocean_menu_typo_line_height_mobile":0,"ocean_menu_typo_line_height_unit":"","ocean_menu_typo_spacing":0,"ocean_menu_typo_spacing_tablet":0,"ocean_menu_typo_spacing_mobile":0,"ocean_menu_typo_spacing_unit":"","ocean_menu_link_color":"","ocean_menu_link_color_hover":"","ocean_menu_link_color_active":"","ocean_menu_link_background":"","ocean_menu_link_hover_background":"","ocean_menu_link_active_background":"","ocean_menu_social_links_bg":"","ocean_menu_social_hover_links_bg":"","ocean_menu_social_links_color":"","ocean_menu_social_hover_links_color":"","ocean_disable_title":"default","ocean_disable_heading":"default","ocean_post_title":"","ocean_post_subheading":"","ocean_post_title_style":"","ocean_post_title_background_color":"","ocean_post_title_background":0,"ocean_post_title_bg_image_position":"","ocean_post_title_bg_image_attachment":"","ocean_post_title_bg_image_repeat":"","ocean_post_title_bg_image_size":"","ocean_post_title_height":0,"ocean_post_title_bg_overlay":0.5,"ocean_post_title_bg_overlay_color":"","ocean_disable_breadcrumbs":"default","ocean_breadcrumbs_color":"","ocean_breadcrumbs_separator_color":"","ocean_breadcrumbs_links_color":"#191919","ocean_breadcrumbs_links_hover_color":"","ocean_display_footer_widgets":"default","ocean_display_footer_bottom":"default","ocean_custom_footer_template":"0","osh_disable_topbar_sticky":"default","osh_disable_header_sticky":"default","osh_sticky_header_style":"default","osh_sticky_header_effect":"","osh_custom_sticky_logo":0,"osh_custom_retina_sticky_logo":0,"osh_custom_sticky_logo_height":0,"osh_background_color":"","osh_links_color":"","osh_links_hover_color":"","osh_links_active_color":"","osh_links_bg_color":"","osh_links_hover_bg_color":"","osh_links_active_bg_color":"","osh_menu_social_links_color":"","osh_menu_social_hover_links_color":"","iawp_total_views":235},"product_brand":[],"product_cat":[248],"product_tag":[250,512,249,506],"class_list":{"0":"post-10771","1":"product","2":"type-product","3":"status-publish","4":"has-post-thumbnail","6":"product_cat-cbd-hash1","7":"product_tag-cbd-hash","8":"product_tag-cbd-hash-i-danmark","9":"product_tag-cbd-pollen","10":"product_tag-the-tree-cbd","12":"entry","13":"has-media","15":"first","16":"instock","17":"taxable","18":"shipping-taxable","19":"purchasable","20":"product-type-simple","21":"has-product-nav","22":"col","23":"span_1_of_4","24":"owp-content-center","25":"item-entry","26":"owp-thumbs-layout-vertical","27":"owp-btn-normal","28":"owp-tabs-layout-vertical","30":"circle-sale"},"_links":{"self":[{"href":"https:\/\/body-n-soul.com\/de\/wp-json\/wp\/v2\/product\/10771","targetHints":{"allow":["GET"]}}],"collection":[{"href":"https:\/\/body-n-soul.com\/de\/wp-json\/wp\/v2\/product"}],"about":[{"href":"https:\/\/body-n-soul.com\/de\/wp-json\/wp\/v2\/types\/product"}],"replies":[{"embeddable":true,"href":"https:\/\/body-n-soul.com\/de\/wp-json\/wp\/v2\/comments?post=10771"}],"wp:featuredmedia":[{"embeddable":true,"href":"https:\/\/body-n-soul.com\/de\/wp-json\/wp\/v2\/media\/10774"}],"wp:attachment":[{"href":"https:\/\/body-n-soul.com\/de\/wp-json\/wp\/v2\/media?parent=10771"}],"wp:term":[{"taxonomy":"product_brand","embeddable":true,"href":"https:\/\/body-n-soul.com\/de\/wp-json\/wp\/v2\/product_brand?post=10771"},{"taxonomy":"product_cat","embeddable":true,"href":"https:\/\/body-n-soul.com\/de\/wp-json\/wp\/v2\/product_cat?post=10771"},{"taxonomy":"product_tag","embeddable":true,"href":"https:\/\/body-n-soul.com\/de\/wp-json\/wp\/v2\/product_tag?post=10771"}],"curies":[{"name":"wp","href":"https:\/\/api.w.org\/{rel}","templated":true}]}}