{"id":10755,"date":"2021-07-26T02:48:12","date_gmt":"2021-07-26T00:48:12","guid":{"rendered":"https:\/\/body-n-soul.com\/?post_type=product&#038;p=10755"},"modified":"2024-11-26T22:09:56","modified_gmt":"2024-11-26T21:09:56","slug":"cbd-hash-charas-the-tree-cbd-3g","status":"publish","type":"product","link":"https:\/\/body-n-soul.com\/de\/produkt\/cbd-hash-charas-the-tree-cbd-3g\/","title":{"rendered":"The Tree CBD Hash Charas 3 g &#8211; 12% CBD"},"content":{"rendered":"<h2>The Tree CBD Hash Charas<\/h2>\n<p>Her er en rigtig l\u00e6kker nyhed fra The Tree CBD teamet. Velkommen til en cremet, bl\u00f8d, m\u00f8rk og naturlig CBD hash (resin).<\/p>\n<p>Dette er en CBD hash af typen Charas og den laves s\u00e5 l\u00e6kker ved at sigte hampblomsterne med h\u00f8j pr\u00e6cision samt t\u00e5lmodighed og dermed f\u00e5 et produkt med meget f\u00e5 urenheder.<\/p>\n<p><span class=\"VIiyi\" lang=\"da\"><span class=\"JLqJ4b\" data-language-for-alternatives=\"da\" data-language-to-translate-into=\"es\" data-phrase-index=\"0\"> Denne CBD-rige Charas-harpiks ekstraheres fra udvalgte certificerede hampeblomster. <\/span><\/span><\/p>\n<p><span class=\"VIiyi\" lang=\"da\"><span class=\"JLqJ4b\" data-language-for-alternatives=\"da\" data-language-to-translate-into=\"es\" data-phrase-index=\"0\">Charas cbd hash kaldes ogs\u00e5 indisk hash da den hovedsageligt stammer fra Pakistan, Indien og Nepal. <\/span><\/span><\/p>\n<p><span class=\"VIiyi\" lang=\"da\"><span class=\"JLqJ4b\" data-language-for-alternatives=\"da\" data-language-to-translate-into=\"es\" data-phrase-index=\"0\">Tree CBD\u00a0 har udviklet en Charas masse der produceres i Europa og dermed en ordentlig kvalitetssikring. Produktet er en perfekt efterligning af den originale Charas hash. Smagen er en forn\u00f8jelse i sig selv.<br \/>\n<\/span><\/span><\/p>\n<p><span class=\"VIiyi\" lang=\"da\"><span class=\"JLqJ4b\" data-language-for-alternatives=\"da\" data-language-to-translate-into=\"es\" data-phrase-index=\"0\">Strukturen af hashen er bl\u00f8d og fugtig og den dominerende smag er n\u00e6sten som den indiske hash.Den er tillige meget m\u00f8rk i farven.<br \/>\n<\/span><\/span><\/p>\n<p><span class=\"VIiyi\" lang=\"da\"><span class=\"JLqJ4b\" data-language-for-alternatives=\"da\" data-language-to-translate-into=\"es\" data-phrase-index=\"0\">For at f\u00e5 det koncentrerede Charas CBD-produkt er der et omfattende manuelt arbejde bag produktionen af blot \u200b\u200ben enkelt &#8218;charas-k\u00f8dbolle&#8216;. Det prim\u00e6re er at ekstrahere resin fra blomsten og dern\u00e6st oprense det s\u00e5 du f\u00e5r et h\u00f8jkvalitetsprodukt.<br \/>\n<\/span><\/span><\/p>\n<h3>Gr\u00f8nt og milj\u00f8rigtigt produkt<\/h3>\n<p><span class=\"VIiyi\" lang=\"da\"><span class=\"JLqJ4b\" data-language-for-alternatives=\"da\" data-language-to-translate-into=\"es\" data-phrase-index=\"0\">Dette produkt er en bestseller og et af vores mest popul\u00e6re CBD-rige produkter. <\/span><\/span><\/p>\n<p><span class=\"VIiyi\" lang=\"da\"><span class=\"JLqJ4b\" data-language-for-alternatives=\"da\" data-language-to-translate-into=\"es\" data-phrase-index=\"0\">G\u00e5r du ind for det gr\u00f8nne og milj\u00f8venlige vil du s\u00e6tte pris p\u00e5 at k\u00f8be et 100% naturlig, CBD-rigt, plantevenligt cannabisekstrakt. <\/span><\/span><\/p>\n<p><span class=\"VIiyi\" lang=\"da\"><span class=\"JLqJ4b\" data-language-for-alternatives=\"da\" data-language-to-translate-into=\"es\" data-phrase-index=\"0\">I mods\u00e6tning til andre former for harpiks (resin) som pollen og anden hash (afh\u00e6ngigt af navnene) kommer harpiksen her fra levende planter s\u00e5 produktet er helt frisk n\u00e5r det bearbejdes og det kan du b\u00e5de se og smage. <\/span><\/span><\/p>\n<h3>CBD Hash Charas \/ Resin er lovligt<\/h3>\n<p><span class=\"VIiyi\" lang=\"da\"><span class=\"JLqJ4b\" data-language-for-alternatives=\"da\" data-language-to-translate-into=\"es\" data-phrase-index=\"0\">Denne Charas harpiks CBD er fuld lovlig og er et produkt underlagt streng kvalitetskontrol som sikrer og garanterer dets lovlighed. <\/span><\/span><\/p>\n<p><span class=\"VIiyi\" lang=\"da\"><span class=\"JLqJ4b\" data-language-for-alternatives=\"da\" data-language-to-translate-into=\"es\" data-phrase-index=\"0\">Produktets THC-procentdel forbliver altid under 0,2% og derfor er det et lovligt produkt i hele EU. CBD hash har ingen psykoaktive virkninger. <\/span><\/span><\/p>\n<p><span class=\"VIiyi\" lang=\"da\"><span class=\"JLqJ4b\" data-language-for-alternatives=\"da\" data-language-to-translate-into=\"es\" data-phrase-index=\"0\">Charas CBD hash er altid med kvalitetsstemplet fra The Tree CBD og er et produkt, der kommer fra \u00f8kologiske hampeafgr\u00f8der uden pesticider og fri for GMO&#8217;er.<\/span><\/span><\/p>\n<p>&nbsp;<\/p>\n<h3>Karakteristika for The Tree CBD Charas<\/h3>\n<ul>\n<li>CBD charas hash (Resein) ekstraheret fra Cannabisblomster<\/li>\n<li>3g poser<\/li>\n<li>12% CBD<\/li>\n<li>Mindre end 0,20% THC<\/li>\n<li>Ingen psykoaktive effekter<\/li>\n<li>H\u00f8j kvalitetskontrol<\/li>\n<li>\u00d8kologisk dyrket<\/li>\n<li>GMO-fri<\/li>\n<li>Pesticidfri<\/li>\n<\/ul>\n<p>&nbsp;<\/p>\n<p>L\u00e6s mere on <a title=\"the tree cbd\" href=\"https:\/\/thetreecbd.com\/\" target=\"_blank\" rel=\"noopener\" data-schema-attribute=\"\">The tree cbd<\/a><\/p>\n<p>G\u00e5 tilbage til <a title=\"cbd hash\" href=\"\/cbd-hash\/\" data-schema-attribute=\"\">CBD Hash<\/a> kategorien eller se ogs\u00e5 vores udvalg af <a title=\"cbd topskud\" href=\"\/cbd-topskud\/\" data-schema-attribute=\"\">CBD topskud<\/a>.<\/p>\n<h3>K\u00f8b dit CBD hash i Danmark<\/h3>\n<p>Vi har et stort netv\u00e6rk af leverand\u00f8rer af CBD produkter overalt i Europa som vi samarbejder med. Det betyder at du f\u00e5r en ordentlig kvalitet uden at du skal betale mere for dette. Det har den fordel af du kan k\u00f8be CBD hash fra forskellige producenter men kun skal betale forsendelse fra et sted. Og skulle der mod forventning v\u00e6re noget du er utilfreds med kan du returnere det til os. Du skal ikke til at sl\u00e5s med en udenlandsk producent for at returnere varen.<\/p>\n<p>&nbsp;<\/p>\n<p>&nbsp;<\/p>\n<p>&nbsp;<\/p>\n<p>&nbsp;<\/p>\n<p>&nbsp;<\/p>\n","protected":false},"excerpt":{"rendered":"<h3>Charas CBD hash &#8211; 3g<\/h3>\n<p>En virkelig l\u00e6kker, bl\u00f8d og velsmagende CBD hash fra The Tree CBD. 3g pose.<\/p>\n<p>Karakteristika:<\/p>\n<ul>\n<li>CBD hash (Resin) ekstraheret fra Cannabisblomster<\/li>\n<li>3g poser<\/li>\n<li>12% CBD<\/li>\n<li>Mindre end 0,20% THC<\/li>\n<li>Ingen psykoaktive effekter<\/li>\n<li>H\u00f8j kvalitetskontrol<\/li>\n<li>\u00d8kologisk dyrket<\/li>\n<li>GMO-fri<\/li>\n<li>Pesticidfri<\/li>\n<\/ul>\n<p>&nbsp;<\/p>\n<p>Tilbage til <a title=\"cbd hash\" href=\"\/cbd-hash\/\" data-schema-attribute=\"\">CBD Hash<\/a><\/p>\n<p>&nbsp;<\/p>\n","protected":false},"featured_media":10758,"comment_status":"open","ping_status":"closed","template":"","meta":{"ocean_post_layout":"","ocean_both_sidebars_style":"","ocean_both_sidebars_content_width":0,"ocean_both_sidebars_sidebars_width":0,"ocean_sidebar":"0","ocean_second_sidebar":"0","ocean_disable_margins":"enable","ocean_add_body_class":"","ocean_shortcode_before_top_bar":"","ocean_shortcode_after_top_bar":"","ocean_shortcode_before_header":"","ocean_shortcode_after_header":"","ocean_has_shortcode":"","ocean_shortcode_after_title":"","ocean_shortcode_before_footer_widgets":"","ocean_shortcode_after_footer_widgets":"","ocean_shortcode_before_footer_bottom":"","ocean_shortcode_after_footer_bottom":"","ocean_display_top_bar":"default","ocean_display_header":"default","ocean_header_style":"","ocean_center_header_left_menu":"0","ocean_custom_header_template":"0","ocean_custom_logo":0,"ocean_custom_retina_logo":0,"ocean_custom_logo_max_width":0,"ocean_custom_logo_tablet_max_width":0,"ocean_custom_logo_mobile_max_width":0,"ocean_custom_logo_max_height":0,"ocean_custom_logo_tablet_max_height":0,"ocean_custom_logo_mobile_max_height":0,"ocean_header_custom_menu":"0","ocean_menu_typo_font_family":"0","ocean_menu_typo_font_subset":"","ocean_menu_typo_font_size":0,"ocean_menu_typo_font_size_tablet":0,"ocean_menu_typo_font_size_mobile":0,"ocean_menu_typo_font_size_unit":"px","ocean_menu_typo_font_weight":"","ocean_menu_typo_font_weight_tablet":"","ocean_menu_typo_font_weight_mobile":"","ocean_menu_typo_transform":"","ocean_menu_typo_transform_tablet":"","ocean_menu_typo_transform_mobile":"","ocean_menu_typo_line_height":0,"ocean_menu_typo_line_height_tablet":0,"ocean_menu_typo_line_height_mobile":0,"ocean_menu_typo_line_height_unit":"","ocean_menu_typo_spacing":0,"ocean_menu_typo_spacing_tablet":0,"ocean_menu_typo_spacing_mobile":0,"ocean_menu_typo_spacing_unit":"","ocean_menu_link_color":"","ocean_menu_link_color_hover":"","ocean_menu_link_color_active":"","ocean_menu_link_background":"","ocean_menu_link_hover_background":"","ocean_menu_link_active_background":"","ocean_menu_social_links_bg":"","ocean_menu_social_hover_links_bg":"","ocean_menu_social_links_color":"","ocean_menu_social_hover_links_color":"","ocean_disable_title":"default","ocean_disable_heading":"default","ocean_post_title":"","ocean_post_subheading":"","ocean_post_title_style":"","ocean_post_title_background_color":"","ocean_post_title_background":0,"ocean_post_title_bg_image_position":"","ocean_post_title_bg_image_attachment":"","ocean_post_title_bg_image_repeat":"","ocean_post_title_bg_image_size":"","ocean_post_title_height":0,"ocean_post_title_bg_overlay":0.5,"ocean_post_title_bg_overlay_color":"","ocean_disable_breadcrumbs":"default","ocean_breadcrumbs_color":"","ocean_breadcrumbs_separator_color":"","ocean_breadcrumbs_links_color":"","ocean_breadcrumbs_links_hover_color":"","ocean_display_footer_widgets":"default","ocean_display_footer_bottom":"default","ocean_custom_footer_template":"0","osh_disable_topbar_sticky":"default","osh_disable_header_sticky":"default","osh_sticky_header_style":"default","osh_sticky_header_effect":"","osh_custom_sticky_logo":0,"osh_custom_retina_sticky_logo":0,"osh_custom_sticky_logo_height":0,"osh_background_color":"","osh_links_color":"","osh_links_hover_color":"","osh_links_active_color":"","osh_links_bg_color":"","osh_links_hover_bg_color":"","osh_links_active_bg_color":"","osh_menu_social_links_color":"","osh_menu_social_hover_links_color":"","iawp_total_views":141},"product_brand":[],"product_cat":[248],"product_tag":[250,510,511,506],"class_list":{"0":"post-10755","1":"product","2":"type-product","3":"status-publish","4":"has-post-thumbnail","6":"product_cat-cbd-hash1","7":"product_tag-cbd-hash","8":"product_tag-charas-cbd","9":"product_tag-resin","10":"product_tag-the-tree-cbd","12":"entry","13":"has-media","15":"first","16":"outofstock","17":"sale","18":"taxable","19":"shipping-taxable","20":"purchasable","21":"product-type-simple","22":"has-product-nav","23":"col","24":"span_1_of_4","25":"owp-content-center","26":"item-entry","27":"owp-thumbs-layout-vertical","28":"owp-btn-normal","29":"owp-tabs-layout-vertical","31":"circle-sale"},"_links":{"self":[{"href":"https:\/\/body-n-soul.com\/de\/wp-json\/wp\/v2\/product\/10755","targetHints":{"allow":["GET"]}}],"collection":[{"href":"https:\/\/body-n-soul.com\/de\/wp-json\/wp\/v2\/product"}],"about":[{"href":"https:\/\/body-n-soul.com\/de\/wp-json\/wp\/v2\/types\/product"}],"replies":[{"embeddable":true,"href":"https:\/\/body-n-soul.com\/de\/wp-json\/wp\/v2\/comments?post=10755"}],"wp:featuredmedia":[{"embeddable":true,"href":"https:\/\/body-n-soul.com\/de\/wp-json\/wp\/v2\/media\/10758"}],"wp:attachment":[{"href":"https:\/\/body-n-soul.com\/de\/wp-json\/wp\/v2\/media?parent=10755"}],"wp:term":[{"taxonomy":"product_brand","embeddable":true,"href":"https:\/\/body-n-soul.com\/de\/wp-json\/wp\/v2\/product_brand?post=10755"},{"taxonomy":"product_cat","embeddable":true,"href":"https:\/\/body-n-soul.com\/de\/wp-json\/wp\/v2\/product_cat?post=10755"},{"taxonomy":"product_tag","embeddable":true,"href":"https:\/\/body-n-soul.com\/de\/wp-json\/wp\/v2\/product_tag?post=10755"}],"curies":[{"name":"wp","href":"https:\/\/api.w.org\/{rel}","templated":true}]}}