{"id":10651,"date":"2021-06-20T13:04:51","date_gmt":"2021-06-20T11:04:51","guid":{"rendered":"https:\/\/body-n-soul.com\/?post_type=product&#038;p=10651"},"modified":"2025-10-01T12:08:05","modified_gmt":"2025-10-01T10:08:05","slug":"the-tree-cbd-lemon-tree-topskud-indoor","status":"publish","type":"product","link":"https:\/\/body-n-soul.com\/de\/produkt\/the-tree-cbd-lemon-tree-topskud-indoor\/","title":{"rendered":"The Tree CBD Lemon Tree topskud &#8211; 15% CBD (Indoor)"},"content":{"rendered":"<h2>The Tree CBD Lemon Tree topskud &#8211; (Indoor)<\/h2>\n<p>The Tree CBD leverer de lovlige marihuana topskud af Lemon Tree sorten med en unik genetik, der indholder en moderat m\u00e6ngde CBD i hver blomst.<\/p>\n<p>Disse CBD buds kommer fra et genetisk krydsning mellem Tyzana x Kompoltyxkompolty x Pure CBD, dyrket indend\u00f8rs p\u00e5 en 100% naturlig m\u00e5de uden brug af tils\u00e6tningsstoffer eller pesticider af nogen art.<\/p>\n<p>Blomsten med duften af \u200b\u200bsur citron + s\u00f8d citron<\/p>\n<p>Lemon Tree\u00a0 indeholder, som navnet antyder, markerede gule toner takket v\u00e6re dets h\u00f8je indhold af citronterpener. I de kompakte og frodige skud kan vi se en lysere farve end andre CBD blomster med antydninger af citron der p\u00e5 samme tid g\u00f8r dem mere attraktive.<\/p>\n<p>Denne sort af blomster har en citrusaroma med en smag af sur citron og s\u00f8d citron. Dens aroma er karakteristisk og anerkendt af elskere af citrusterpener.<\/p>\n<p>Dens duft, ud over citrus, indeholder en s\u00f8dlig note, der minder om citronblomsten. Som en helhed f\u00e5r den topskuddet til at dufte st\u00e6rkt, klart og med en anelse s\u00f8dme, der g\u00f8r den uimodst\u00e5elig.<\/p>\n<p>Disse karakteristika g\u00f8r det denne aromatiske blomst lettere at skelne fra resten af topskuddene, og at de er generelt blevet godt modtaget af vores brugere. Is\u00e6r hvis du som sagt har en svaghed for citrusdufte eller smag.<\/p>\n<p>Disse topskud har en god afslappende effekt takket v\u00e6re deres h\u00f8je niveauer af CBD, der ligger mellem 14% og 16%.<\/p>\n<p>Da de indeholder mindre end 0,20% THC, er de desuden fuldst\u00e6ndig lovlige i hele Europa og for\u00e5rsager ikke psykoaktive virkninger af nogen art.<\/p>\n<h3><\/h3>\n<h3>Karakteristika for The Tree CBD Lemon tree topskud<\/h3>\n<ul>\n<li>Hamp buds \/ blomster \/ topskud<\/li>\n<li>Dyrket indend\u00f8rs \/ indoor<\/li>\n<li>13 &#8211; 15% CBD<\/li>\n<li>Mindre end 0,20% THC<\/li>\n<li>Genetik: Kompolty x Kompolty x Tyzana x Pure CBD<\/li>\n<li>Sativa 70% Indica 30%<\/li>\n<li>Ingen psykoaktive effekter<\/li>\n<li>\u00d8kologisk dyrket<\/li>\n<li>GMO-fri<\/li>\n<li>Pesticidfri<\/li>\n<\/ul>\n<p>&nbsp;<\/p>\n<p>L\u00e6s mere on <a title=\"the tree cbd\" href=\"https:\/\/thetreecbd.com\/\" target=\"_blank\" rel=\"noopener\" data-schema-attribute=\"\">The tree cbd<\/a><\/p>\n<p>Tags: The Tree CBD lemon tree topskud, legal cannabis, k\u00f8b topskud i Danmark, Indica, Indoor<\/p>\n<p>&nbsp;<\/p>\n<p>Retur til <a title=\"CBD topskud\" href=\"\/cbd-topskud\/\" data-schema-attribute=\"\">CBD topskud<\/a><\/p>\n<p>&nbsp;<\/p>\n","protected":false},"excerpt":{"rendered":"<h3>The Tree CBD Lemon tree topskud<\/h3>\n<ul>\n<li>Hamp buds \/ blomster \/ topskud<\/li>\n<li>Dyrket indend\u00f8rs \/ indoor<\/li>\n<li>13 &#8211; 15% CBD<\/li>\n<li>Mindre end 0,20% THC<\/li>\n<li>Genetik: Kompolty x Kompolty x Tyzana x Pure CBD<\/li>\n<li>Sativa 70% Indica 30%<\/li>\n<li>Ingen psykoaktive effekter<\/li>\n<li>\u00d8kologisk dyrket<\/li>\n<li>GMO-fri<\/li>\n<li>Pesticidfri<\/li>\n<\/ul>\n<p>&nbsp;<\/p>\n<p>Retur til <a title=\"CBD topskud\" href=\"\/cbd-topskud\/\" data-schema-attribute=\"\">CBD topskud<\/a><\/p>\n","protected":false},"featured_media":10653,"comment_status":"open","ping_status":"closed","template":"","meta":{"ocean_post_layout":"","ocean_both_sidebars_style":"","ocean_both_sidebars_content_width":0,"ocean_both_sidebars_sidebars_width":0,"ocean_sidebar":"0","ocean_second_sidebar":"0","ocean_disable_margins":"enable","ocean_add_body_class":"","ocean_shortcode_before_top_bar":"","ocean_shortcode_after_top_bar":"","ocean_shortcode_before_header":"","ocean_shortcode_after_header":"","ocean_has_shortcode":"","ocean_shortcode_after_title":"","ocean_shortcode_before_footer_widgets":"","ocean_shortcode_after_footer_widgets":"","ocean_shortcode_before_footer_bottom":"","ocean_shortcode_after_footer_bottom":"","ocean_display_top_bar":"default","ocean_display_header":"default","ocean_header_style":"","ocean_center_header_left_menu":"0","ocean_custom_header_template":"0","ocean_custom_logo":0,"ocean_custom_retina_logo":0,"ocean_custom_logo_max_width":0,"ocean_custom_logo_tablet_max_width":0,"ocean_custom_logo_mobile_max_width":0,"ocean_custom_logo_max_height":0,"ocean_custom_logo_tablet_max_height":0,"ocean_custom_logo_mobile_max_height":0,"ocean_header_custom_menu":"0","ocean_menu_typo_font_family":"0","ocean_menu_typo_font_subset":"","ocean_menu_typo_font_size":0,"ocean_menu_typo_font_size_tablet":0,"ocean_menu_typo_font_size_mobile":0,"ocean_menu_typo_font_size_unit":"px","ocean_menu_typo_font_weight":"","ocean_menu_typo_font_weight_tablet":"","ocean_menu_typo_font_weight_mobile":"","ocean_menu_typo_transform":"","ocean_menu_typo_transform_tablet":"","ocean_menu_typo_transform_mobile":"","ocean_menu_typo_line_height":0,"ocean_menu_typo_line_height_tablet":0,"ocean_menu_typo_line_height_mobile":0,"ocean_menu_typo_line_height_unit":"","ocean_menu_typo_spacing":0,"ocean_menu_typo_spacing_tablet":0,"ocean_menu_typo_spacing_mobile":0,"ocean_menu_typo_spacing_unit":"","ocean_menu_link_color":"","ocean_menu_link_color_hover":"","ocean_menu_link_color_active":"","ocean_menu_link_background":"","ocean_menu_link_hover_background":"","ocean_menu_link_active_background":"","ocean_menu_social_links_bg":"","ocean_menu_social_hover_links_bg":"","ocean_menu_social_links_color":"","ocean_menu_social_hover_links_color":"","ocean_disable_title":"default","ocean_disable_heading":"default","ocean_post_title":"","ocean_post_subheading":"","ocean_post_title_style":"","ocean_post_title_background_color":"","ocean_post_title_background":0,"ocean_post_title_bg_image_position":"","ocean_post_title_bg_image_attachment":"","ocean_post_title_bg_image_repeat":"","ocean_post_title_bg_image_size":"","ocean_post_title_height":0,"ocean_post_title_bg_overlay":0.5,"ocean_post_title_bg_overlay_color":"","ocean_disable_breadcrumbs":"default","ocean_breadcrumbs_color":"","ocean_breadcrumbs_separator_color":"","ocean_breadcrumbs_links_color":"","ocean_breadcrumbs_links_hover_color":"","ocean_display_footer_widgets":"default","ocean_display_footer_bottom":"default","ocean_custom_footer_template":"0","osh_disable_topbar_sticky":"default","osh_disable_header_sticky":"default","osh_sticky_header_style":"default","osh_sticky_header_effect":"","osh_custom_sticky_logo":0,"osh_custom_retina_sticky_logo":0,"osh_custom_sticky_logo_height":0,"osh_background_color":"","osh_links_color":"","osh_links_hover_color":"","osh_links_active_color":"","osh_links_bg_color":"","osh_links_hover_bg_color":"","osh_links_active_bg_color":"","osh_menu_social_links_color":"","osh_menu_social_hover_links_color":"","iawp_total_views":145},"product_brand":[],"product_cat":[147],"product_tag":[368,369,239,508,506,615],"class_list":{"0":"post-10651","1":"product","2":"type-product","3":"status-publish","4":"has-post-thumbnail","6":"product_cat-cbd-topskud1","7":"product_tag-cbd-buds","8":"product_tag-cbd-buds-danmark","9":"product_tag-cbd-topskud","10":"product_tag-lemon-tree","11":"product_tag-the-tree-cbd","12":"product_tag-the-tree-cbd-buds","14":"entry","15":"has-media","17":"first","18":"instock","19":"taxable","20":"shipping-taxable","21":"purchasable","22":"product-type-variable","23":"has-default-attributes","24":"has-product-nav","25":"col","26":"span_1_of_4","27":"owp-content-center","28":"item-entry","29":"owp-thumbs-layout-vertical","30":"owp-btn-normal","31":"owp-tabs-layout-vertical","33":"circle-sale"},"_links":{"self":[{"href":"https:\/\/body-n-soul.com\/de\/wp-json\/wp\/v2\/product\/10651","targetHints":{"allow":["GET"]}}],"collection":[{"href":"https:\/\/body-n-soul.com\/de\/wp-json\/wp\/v2\/product"}],"about":[{"href":"https:\/\/body-n-soul.com\/de\/wp-json\/wp\/v2\/types\/product"}],"replies":[{"embeddable":true,"href":"https:\/\/body-n-soul.com\/de\/wp-json\/wp\/v2\/comments?post=10651"}],"wp:featuredmedia":[{"embeddable":true,"href":"https:\/\/body-n-soul.com\/de\/wp-json\/wp\/v2\/media\/10653"}],"wp:attachment":[{"href":"https:\/\/body-n-soul.com\/de\/wp-json\/wp\/v2\/media?parent=10651"}],"wp:term":[{"taxonomy":"product_brand","embeddable":true,"href":"https:\/\/body-n-soul.com\/de\/wp-json\/wp\/v2\/product_brand?post=10651"},{"taxonomy":"product_cat","embeddable":true,"href":"https:\/\/body-n-soul.com\/de\/wp-json\/wp\/v2\/product_cat?post=10651"},{"taxonomy":"product_tag","embeddable":true,"href":"https:\/\/body-n-soul.com\/de\/wp-json\/wp\/v2\/product_tag?post=10651"}],"curies":[{"name":"wp","href":"https:\/\/api.w.org\/{rel}","templated":true}]}}