{"id":10612,"date":"2021-06-19T21:46:21","date_gmt":"2021-06-19T19:46:21","guid":{"rendered":"https:\/\/body-n-soul.com\/?post_type=product&#038;p=10612"},"modified":"2025-11-02T23:29:31","modified_gmt":"2025-11-02T22:29:31","slug":"the-tree-cbd-amnesia-topskud","status":"publish","type":"product","link":"https:\/\/body-n-soul.com\/de\/produkt\/the-tree-cbd-amnesia-topskud\/","title":{"rendered":"The Tree CBD Amnesia topskud &#8211; 21% CBD (Indoor)"},"content":{"rendered":"<h2>The Tree CBD Amnesia topskud<\/h2>\n<p><span class=\"VIiyi\" lang=\"da\"><span class=\"JLqJ4b\" data-language-for-alternatives=\"da\" data-language-to-translate-into=\"en\" data-phrase-index=\"0\">The Tree CBD leverer de lovlige marihuana-buds fra Amnesia CBD-sorten. Denne sort giver det h\u00f8jeste indhold af CBD der findes p\u00e5 markedet i \u00f8jeblikket.<br \/>\n<\/span><\/span><\/p>\n<p>Disse The Tree CBD Amnesia topskud\u00a0 <span class=\"VIiyi\" lang=\"da\"><span class=\"JLqJ4b\" data-language-for-alternatives=\"da\" data-language-to-translate-into=\"en\" data-phrase-index=\"0\">kommer fra et genetisk kryds mellem Original Amnesia x Pure CBD, dyrket indend\u00f8rs p\u00e5 en 100% naturlig m\u00e5de uden brug af tils\u00e6tningsstoffer eller pesticider af nogen art. <\/span><\/span><\/p>\n<h3>Damn good flowers<\/h3>\n<p><span class=\"VIiyi\" lang=\"da\"><span class=\"JLqJ4b\" data-language-for-alternatives=\"da\" data-language-to-translate-into=\"en\" data-phrase-index=\"0\">Dens ydeevne er en af \u200b\u200bde bedste styrker. Denne cannabisplante er storproducent ikke kun af buds, men ogs\u00e5 af harpiks. Selvom det er sandt, at st\u00f8rrelsen p\u00e5 dens blomser er lidt mindre end Amnesia Original, er disse CBD-blomster virkelig store og meget kompakte. N\u00e5r det kommer til harpiks, b\u00f8r trichome-elskere ikke g\u00e5 glip af The Tree CBD Amnesia. <\/span><\/span><\/p>\n<h3>Fedtet sag<\/h3>\n<p><span class=\"VIiyi\" lang=\"da\"><span class=\"JLqJ4b\" data-language-for-alternatives=\"da\" data-language-to-translate-into=\"en\" data-phrase-index=\"0\">Planten er n\u00e6sten umulig at r\u00f8re ved i l\u00f8bet af de sidste blomstringsdage uden at &#8217;svine&#8216; dine h\u00e6nder til i dejlig duftende CBD.\u00a0 <\/span><\/span><\/p>\n<p><span class=\"VIiyi\" lang=\"da\"><span class=\"JLqJ4b\" data-language-for-alternatives=\"da\" data-language-to-translate-into=\"en\" data-phrase-index=\"0\">Denne sort har en meget kraftig og l\u00e6kker duft. <\/span><\/span><\/p>\n<p><span class=\"VIiyi\" lang=\"da\"><span class=\"JLqJ4b\" data-language-for-alternatives=\"da\" data-language-to-translate-into=\"en\" data-phrase-index=\"0\">S\u00e5 snart blomstringen begynder, begynder Amnesia at overtage hele det omkringliggende omr\u00e5de duftm\u00e6ssigt. Amnesia-elskere vil se deres forventninger blive opfyldt med denne sort og med sin utrolige Amnesia-aroma fyldt med nye detaljer af citrus. <\/span><\/span><\/p>\n<h3>Karakteristika for topskuddet<\/h3>\n<p><span class=\"VIiyi\" lang=\"da\"><span class=\"JLqJ4b\" data-language-for-alternatives=\"da\" data-language-to-translate-into=\"en\" data-phrase-index=\"0\">Som udgangspunkt dufter de\u00a0 af citrus med en frugtagtig og aromatisk smag. Amnesia CBD vil du ikke blive skuffet over. <\/span><\/span><\/p>\n<p><span class=\"VIiyi\" lang=\"da\"><span class=\"JLqJ4b\" data-language-for-alternatives=\"da\" data-language-to-translate-into=\"en\" data-phrase-index=\"0\">Du vil f\u00f8le deres afslappende effekter takket v\u00e6re dens h\u00f8je niveau af CBD, mellem 21% og 23%. <\/span><\/span><\/p>\n<p><span class=\"VIiyi\" lang=\"da\"><span class=\"JLqJ4b\" data-language-for-alternatives=\"da\" data-language-to-translate-into=\"en\" data-phrase-index=\"0\">Da de indeholder mindre end 0,2% THC, er de desuden fuldst\u00e6ndig lovlige i hele Europa og har ingen psykoaktiv effekt af nogen art. <\/span><\/span><\/p>\n<h4>Data<\/h4>\n<p><span class=\"VIiyi\" lang=\"da\"><span class=\"JLqJ4b\" data-language-for-alternatives=\"da\" data-language-to-translate-into=\"en\" data-phrase-index=\"0\">Karakteristika ved The Tree CBD Amnesia: <\/span><\/span><\/p>\n<p><span class=\"VIiyi\" lang=\"da\"><span class=\"JLqJ4b\" data-language-for-alternatives=\"da\" data-language-to-translate-into=\"en\" data-phrase-index=\"0\">Hamp blomster \/ topskud \/ buds. <\/span><\/span><\/p>\n<p><span class=\"VIiyi\" lang=\"da\"><span class=\"JLqJ4b\" data-language-for-alternatives=\"da\" data-language-to-translate-into=\"en\" data-phrase-index=\"0\">Mindre end 0,20% af THC <\/span><\/span><\/p>\n<p><span class=\"VIiyi\" lang=\"da\"><span class=\"JLqJ4b\" data-language-for-alternatives=\"da\" data-language-to-translate-into=\"en\" data-phrase-index=\"0\">Mellem 20% og 22% af CBD <\/span><\/span><\/p>\n<p><span class=\"VIiyi\" lang=\"da\"><span class=\"JLqJ4b\" data-language-for-alternatives=\"da\" data-language-to-translate-into=\"en\" data-phrase-index=\"0\">Genetik: Original Amnesia x CBD Pura <\/span><\/span><\/p>\n<p><span class=\"VIiyi\" lang=\"da\"><span class=\"JLqJ4b\" data-language-for-alternatives=\"da\" data-language-to-translate-into=\"en\" data-phrase-index=\"0\">Sativa 60% Indica 40% <\/span><\/span><\/p>\n<h3>Diverse<\/h3>\n<p><span class=\"VIiyi\" lang=\"da\"><span class=\"JLqJ4b\" data-language-for-alternatives=\"da\" data-language-to-translate-into=\"en\" data-phrase-index=\"0\">Ingen psykoaktive effekter. <\/span><\/span><\/p>\n<p><span class=\"VIiyi\" lang=\"da\"><span class=\"JLqJ4b\" data-language-for-alternatives=\"da\" data-language-to-translate-into=\"en\" data-phrase-index=\"0\">Fra biologisk landbrug <\/span><\/span><\/p>\n<p><span class=\"VIiyi\" lang=\"da\"><span class=\"JLqJ4b\" data-language-for-alternatives=\"da\" data-language-to-translate-into=\"en\" data-phrase-index=\"0\">GMO-fri <\/span><\/span><\/p>\n<p><span class=\"VIiyi\" lang=\"da\"><span class=\"JLqJ4b\" data-language-for-alternatives=\"da\" data-language-to-translate-into=\"en\" data-phrase-index=\"0\">Pesticidfri.<\/span><\/span><\/p>\n<p>The Tree CBD Amnesia topskud<\/p>\n<p>Tags: the tree cbd, Amnesia, Topskud, k\u00f8b CBD topskud i Danmark<\/p>\n<p>L\u00e6s mere on <a title=\"the tree cbd\" href=\"https:\/\/thetreecbd.com\/\" target=\"_blank\" rel=\"noopener\" data-schema-attribute=\"\">The tree cbd<\/a><\/p>\n<p>&nbsp;<\/p>\n<p>Retur til <a title=\"CBD topskud\" href=\"\/cbd-topskud\/\" data-schema-attribute=\"\">CBD topskud<\/a><\/p>\n","protected":false},"excerpt":{"rendered":"<h3>The Tree CBD Amnesia topskud er i korte tr\u00e6k<\/h3>\n<ul>\n<li>Hamp topskud \/ blomster \/ buds<\/li>\n<li>Mindre end 0.20% THC<\/li>\n<li>Mellem 21% og 23%\u00a0 CBD<\/li>\n<li>Genetics: Original Amnesia x CBD Pura<\/li>\n<li>Sativa 60% \u00a0Indica 40%<\/li>\n<li>Ingen psychoactive effekt.<\/li>\n<li>Fra biologisk farming<\/li>\n<li>GMO-fri<\/li>\n<li>Pesticide fri.<\/li>\n<\/ul>\n<p>Retur til <a title=\"CBD topskud\" href=\"\/cbd-topskud\/\" data-schema-attribute=\"\">CBD topskud<\/a><\/p>\n","protected":false},"featured_media":10621,"comment_status":"open","ping_status":"closed","template":"","meta":{"ocean_post_layout":"","ocean_both_sidebars_style":"","ocean_both_sidebars_content_width":0,"ocean_both_sidebars_sidebars_width":0,"ocean_sidebar":"0","ocean_second_sidebar":"0","ocean_disable_margins":"enable","ocean_add_body_class":"","ocean_shortcode_before_top_bar":"","ocean_shortcode_after_top_bar":"","ocean_shortcode_before_header":"","ocean_shortcode_after_header":"","ocean_has_shortcode":"","ocean_shortcode_after_title":"","ocean_shortcode_before_footer_widgets":"","ocean_shortcode_after_footer_widgets":"","ocean_shortcode_before_footer_bottom":"","ocean_shortcode_after_footer_bottom":"","ocean_display_top_bar":"default","ocean_display_header":"default","ocean_header_style":"","ocean_center_header_left_menu":"0","ocean_custom_header_template":"0","ocean_custom_logo":0,"ocean_custom_retina_logo":0,"ocean_custom_logo_max_width":0,"ocean_custom_logo_tablet_max_width":0,"ocean_custom_logo_mobile_max_width":0,"ocean_custom_logo_max_height":0,"ocean_custom_logo_tablet_max_height":0,"ocean_custom_logo_mobile_max_height":0,"ocean_header_custom_menu":"0","ocean_menu_typo_font_family":"0","ocean_menu_typo_font_subset":"","ocean_menu_typo_font_size":0,"ocean_menu_typo_font_size_tablet":0,"ocean_menu_typo_font_size_mobile":0,"ocean_menu_typo_font_size_unit":"px","ocean_menu_typo_font_weight":"","ocean_menu_typo_font_weight_tablet":"","ocean_menu_typo_font_weight_mobile":"","ocean_menu_typo_transform":"","ocean_menu_typo_transform_tablet":"","ocean_menu_typo_transform_mobile":"","ocean_menu_typo_line_height":0,"ocean_menu_typo_line_height_tablet":0,"ocean_menu_typo_line_height_mobile":0,"ocean_menu_typo_line_height_unit":"","ocean_menu_typo_spacing":0,"ocean_menu_typo_spacing_tablet":0,"ocean_menu_typo_spacing_mobile":0,"ocean_menu_typo_spacing_unit":"","ocean_menu_link_color":"","ocean_menu_link_color_hover":"","ocean_menu_link_color_active":"","ocean_menu_link_background":"","ocean_menu_link_hover_background":"","ocean_menu_link_active_background":"","ocean_menu_social_links_bg":"","ocean_menu_social_hover_links_bg":"","ocean_menu_social_links_color":"","ocean_menu_social_hover_links_color":"","ocean_disable_title":"default","ocean_disable_heading":"default","ocean_post_title":"","ocean_post_subheading":"","ocean_post_title_style":"","ocean_post_title_background_color":"","ocean_post_title_background":0,"ocean_post_title_bg_image_position":"","ocean_post_title_bg_image_attachment":"","ocean_post_title_bg_image_repeat":"","ocean_post_title_bg_image_size":"","ocean_post_title_height":0,"ocean_post_title_bg_overlay":0.5,"ocean_post_title_bg_overlay_color":"","ocean_disable_breadcrumbs":"default","ocean_breadcrumbs_color":"","ocean_breadcrumbs_separator_color":"","ocean_breadcrumbs_links_color":"","ocean_breadcrumbs_links_hover_color":"","ocean_display_footer_widgets":"default","ocean_display_footer_bottom":"default","ocean_custom_footer_template":"0","osh_disable_topbar_sticky":"default","osh_disable_header_sticky":"default","osh_sticky_header_style":"default","osh_sticky_header_effect":"","osh_custom_sticky_logo":0,"osh_custom_retina_sticky_logo":0,"osh_custom_sticky_logo_height":0,"osh_background_color":"","osh_links_color":"","osh_links_hover_color":"","osh_links_active_color":"","osh_links_bg_color":"","osh_links_hover_bg_color":"","osh_links_active_bg_color":"","osh_menu_social_links_color":"","osh_menu_social_hover_links_color":"","iawp_total_views":659},"product_brand":[],"product_cat":[147],"product_tag":[342,369,239,507,506,615,365],"class_list":{"0":"post-10612","1":"product","2":"type-product","3":"status-publish","4":"has-post-thumbnail","6":"product_cat-cbd-topskud1","7":"product_tag-cbd-amnesia","8":"product_tag-cbd-buds-danmark","9":"product_tag-cbd-topskud","10":"product_tag-indoor","11":"product_tag-the-tree-cbd","12":"product_tag-the-tree-cbd-buds","13":"product_tag-topskud-i-danmark","15":"entry","16":"has-media","18":"first","19":"outofstock","20":"taxable","21":"shipping-taxable","22":"product-type-variable","23":"has-default-attributes","24":"has-rating","25":"has-product-nav","26":"col","27":"span_1_of_4","28":"owp-content-center","29":"item-entry","30":"owp-thumbs-layout-vertical","31":"owp-btn-normal","32":"owp-tabs-layout-vertical","34":"circle-sale"},"_links":{"self":[{"href":"https:\/\/body-n-soul.com\/de\/wp-json\/wp\/v2\/product\/10612","targetHints":{"allow":["GET"]}}],"collection":[{"href":"https:\/\/body-n-soul.com\/de\/wp-json\/wp\/v2\/product"}],"about":[{"href":"https:\/\/body-n-soul.com\/de\/wp-json\/wp\/v2\/types\/product"}],"replies":[{"embeddable":true,"href":"https:\/\/body-n-soul.com\/de\/wp-json\/wp\/v2\/comments?post=10612"}],"wp:featuredmedia":[{"embeddable":true,"href":"https:\/\/body-n-soul.com\/de\/wp-json\/wp\/v2\/media\/10621"}],"wp:attachment":[{"href":"https:\/\/body-n-soul.com\/de\/wp-json\/wp\/v2\/media?parent=10612"}],"wp:term":[{"taxonomy":"product_brand","embeddable":true,"href":"https:\/\/body-n-soul.com\/de\/wp-json\/wp\/v2\/product_brand?post=10612"},{"taxonomy":"product_cat","embeddable":true,"href":"https:\/\/body-n-soul.com\/de\/wp-json\/wp\/v2\/product_cat?post=10612"},{"taxonomy":"product_tag","embeddable":true,"href":"https:\/\/body-n-soul.com\/de\/wp-json\/wp\/v2\/product_tag?post=10612"}],"curies":[{"name":"wp","href":"https:\/\/api.w.org\/{rel}","templated":true}]}}