{"id":10237,"date":"2021-05-15T15:45:21","date_gmt":"2021-05-15T13:45:21","guid":{"rendered":"https:\/\/body-n-soul.com\/?post_type=product&#038;p=10237"},"modified":"2025-03-28T23:08:58","modified_gmt":"2025-03-28T22:08:58","slug":"graveda-medic-vaporizer","status":"publish","type":"product","link":"https:\/\/body-n-soul.com\/de\/produkt\/graveda-medic-vaporizer\/","title":{"rendered":"Graveda MEDIC + vaporizer med keramisk mundstykke"},"content":{"rendered":"<h2><span class=\"VIiyi\" lang=\"da\"><span class=\"JLqJ4b\" data-language-for-alternatives=\"da\" data-language-to-translate-into=\"es\" data-phrase-index=\"0\">Graveda MEDIC + fordamper<\/span><\/span><\/h2>\n<p><span class=\"VIiyi\" lang=\"da\"><span class=\"JLqJ4b\" data-language-for-alternatives=\"da\" data-language-to-translate-into=\"es\" data-phrase-index=\"0\"><strong>Produktinformation:<\/strong> Graveda MEDIC + fordamper (vaporizer). Fordamper med keramisk mundstykke og konvektionssystem. <\/span><\/span><\/p>\n<p><span class=\"VIiyi\" lang=\"da\"><span class=\"JLqJ4b\" data-language-for-alternatives=\"da\" data-language-to-translate-into=\"es\" data-phrase-index=\"0\">Graveda er en meget ung virksomhed og deres fordampere\/vaporizere er produceret under streng tysk kvalitetskontrol. <\/span><\/span><\/p>\n<p><span class=\"VIiyi\" lang=\"da\"><span class=\"JLqJ4b\" data-language-for-alternatives=\"da\" data-language-to-translate-into=\"es\" data-phrase-index=\"0\">Graveda MEDIC + produktet er deres nye flagskib og er 100% designet af Graveda i Tyskland med en gennemt\u00e6nkt stil og meget damp, som du kan forvente. <\/span><\/span><\/p>\n<p><span class=\"VIiyi\" lang=\"da\"><span class=\"JLqJ4b\" data-language-for-alternatives=\"da\" data-language-to-translate-into=\"es\" data-phrase-index=\"0\"><strong>Med Graveda MEDIC + fordamper er alt muligt ved fordampning af enhver slags blomst, det v\u00e6re sig t\u00f8rrede blomster, blade eller andre plantedele<\/strong> &#8211; du kan ryge din b\u00f8geh\u00e6k hvis du har lyst til det. <\/span><\/span><span class=\"VIiyi\" lang=\"da\"><span class=\"JLqJ4b\" data-language-for-alternatives=\"da\" data-language-to-translate-into=\"es\" data-phrase-index=\"0\">Ligesom de st\u00f8rre produkter er huset lavet af aluminium og opvarmes meget hurtigt og opretholder varmen kontinuerligt for den bedste rygeoplevelse. <\/span><\/span><span class=\"VIiyi\" lang=\"da\"><span class=\"JLqJ4b\" data-language-for-alternatives=\"da\" data-language-to-translate-into=\"es\" data-phrase-index=\"0\">Graveda-fordamperen kan fungere i temperaturomr\u00e5det 80 \u00b0 C til 220 \u00b0 C i trin p\u00e5 1 \u00b0 C. <\/span><\/span><span class=\"VIiyi\" lang=\"da\"><span class=\"JLqJ4b\" data-language-for-alternatives=\"da\" data-language-to-translate-into=\"es\" data-phrase-index=\"0\">P\u00e5 denne m\u00e5de kan enhver f\u00e5 de aktive ingredienser, som de \u00f8nsker at udvinde fra urterne eller blomsterne. <\/span><\/span><\/p>\n<p><span class=\"VIiyi\" lang=\"da\"><span class=\"JLqJ4b\" data-language-for-alternatives=\"da\" data-language-to-translate-into=\"es\" data-phrase-index=\"0\"><strong>Graveda MEDIC + t\u00f8r urtefordamper med konvektionsteknologi vil inspirere dig fra det f\u00f8rste sug. <\/strong><\/span><\/span><span class=\"VIiyi\" lang=\"da\"><span class=\"JLqJ4b\" data-language-for-alternatives=\"da\" data-language-to-translate-into=\"es\" data-phrase-index=\"0\"><strong>Dampgenereringen er f\u00e6nomenal for en enhed i denne prisklasse<\/strong>. <\/span><\/span><span class=\"VIiyi\" lang=\"da\"><span class=\"JLqJ4b\" data-language-for-alternatives=\"da\" data-language-to-translate-into=\"es\" data-phrase-index=\"0\">Uanset om det er dyb tr\u00e6k eller et &#8222;simpelt pust&#8220;, er Graveda MEDIC + -produktet egnet til alle, hvis du ser p\u00e5 dets konvektionssystem. <\/span><\/span><span class=\"VIiyi\" lang=\"da\"><span class=\"JLqJ4b\" data-language-for-alternatives=\"da\" data-language-to-translate-into=\"es\" data-phrase-index=\"0\">Graveda har udviklet MEDIC + -produktet for at lancere en enhed p\u00e5 markedet, som er velegnet ikke kun til patienter, men ogs\u00e5 til fritidsbrugere takket v\u00e6re den fremragende pris. <\/span><\/span><span class=\"VIiyi\" lang=\"da\"><span class=\"JLqJ4b\" data-language-for-alternatives=\"da\" data-language-to-translate-into=\"es\" data-phrase-index=\"0\"><strong>Ingen kompromiser!<\/strong> <\/span><\/span><\/p>\n<p><span class=\"VIiyi\" lang=\"da\"><span class=\"JLqJ4b\" data-language-for-alternatives=\"da\" data-language-to-translate-into=\"es\" data-phrase-index=\"0\"><strong>Graveda anvender n\u00e6sten ikke plastik i deres produkter l\u00e6ngere,<\/strong> s\u00e5 konsekvensen er at\u00a0 vaporizer huset bliver varmt under brugen. <\/span><\/span><span class=\"VIiyi\" lang=\"da\"><span class=\"JLqJ4b\" data-language-for-alternatives=\"da\" data-language-to-translate-into=\"es\" data-phrase-index=\"0\">Overvej denne detaljer inden du k\u00f8ber varen! <\/span><\/span><span class=\"VIiyi\" lang=\"da\"><span class=\"JLqJ4b\" data-language-for-alternatives=\"da\" data-language-to-translate-into=\"es\" data-phrase-index=\"0\">Naturligvis vil et s\u00e5dan produkt varme op p\u00e5 grund af den str\u00e5levarme, der genereres efter ca. 5 minutter ved 220 grader. <\/span><\/span><span class=\"VIiyi\" lang=\"da\"><span class=\"JLqJ4b\" data-language-for-alternatives=\"da\" data-language-to-translate-into=\"es\" data-phrase-index=\"0\">Den maksimale temperatur p\u00e5 huset er 37 grader, som du m\u00e5ske f\u00f8ler er &#8222;varmt&#8220;. <\/span><\/span><span class=\"VIiyi\" lang=\"da\"><span class=\"JLqJ4b\" data-language-for-alternatives=\"da\" data-language-to-translate-into=\"es\" data-phrase-index=\"0\"><strong>Dette er dog bestemt harml\u00f8st<\/strong>. Naturligvis ville et fordamper hus lavet i plast f\u00f8les k\u00f8ligere. Men <\/span><\/span><span class=\"VIiyi\" lang=\"da\"><span class=\"JLqJ4b\" data-language-for-alternatives=\"da\" data-language-to-translate-into=\"es\" data-phrase-index=\"0\">Graveda \u00f8nsker at reducere m\u00e6ngden af \u200b\u200bubrugt plast rundt om i verden s\u00e5 det er et af de <strong>kompromiser man m\u00e5 indg\u00e5<\/strong>. <\/span><\/span><\/p>\n<p><span class=\"VIiyi\" lang=\"da\"><span class=\"JLqJ4b\" data-language-for-alternatives=\"da\" data-language-to-translate-into=\"es\" data-phrase-index=\"0\"><strong>K\u00f8leenheden, dvs. mundstykket og l\u00e5get<\/strong> er ogs\u00e5 lavet af metal \/ keramik og er derfor ikke kun meget robuste men ogs\u00e5 langt lettere at reng\u00f8re. <\/span><\/span><span class=\"VIiyi\" lang=\"da\"><span class=\"JLqJ4b\" data-language-for-alternatives=\"da\" data-language-to-translate-into=\"es\" data-phrase-index=\"0\">K\u00f8leenheden har en aftagelig si og dens mundstykke kan let fjernes. Denne komponent kan derefter reng\u00f8res fuldst\u00e6ndigt med alkohol (sprit). <\/span><\/span><span class=\"VIiyi\" lang=\"da\"><span class=\"JLqJ4b\" data-language-for-alternatives=\"da\" data-language-to-translate-into=\"es\" data-phrase-index=\"0\">Urtekammeret er udstyret med en aftagelig grill, der holder luftkanalen fri. <\/span><\/span><span class=\"VIiyi\" lang=\"da\"><span class=\"JLqJ4b\" data-language-for-alternatives=\"da\" data-language-to-translate-into=\"es\" data-phrase-index=\"0\">Med hensyn til reng\u00f8ring af kammeret kan du ogs\u00e5 anvende alkohol. <\/span><\/span><\/p>\n<p><span class=\"VIiyi\" lang=\"da\"><span class=\"JLqJ4b\" data-language-for-alternatives=\"da\" data-language-to-translate-into=\"es\" data-phrase-index=\"0\"><strong>Blomster \/ topskud kan s\u00e6ttes direkte i kammeret<\/strong> (Vigtigt: et grid \/ gitter er p\u00e5kr\u00e6vet og medleves vaporizeren). <\/span><\/span><span class=\"VIiyi\" lang=\"da\"><span class=\"JLqJ4b\" data-language-for-alternatives=\"da\" data-language-to-translate-into=\"es\" data-phrase-index=\"0\">Hvis du \u00f8nsker det, kan kapslerne fyldes med disse naturlige komponenter (ikke inkluderet i pakken). <\/span><\/span><span class=\"VIiyi\" lang=\"da\"><span class=\"JLqJ4b\" data-language-for-alternatives=\"da\" data-language-to-translate-into=\"es\" data-phrase-index=\"0\">Du kan placere dem i deres respektive kamre. Dette er is\u00e6r praktisk for patienter. <\/span><\/span><span class=\"VIiyi\" lang=\"da\"><span class=\"JLqJ4b\" data-language-for-alternatives=\"da\" data-language-to-translate-into=\"es\" data-phrase-index=\"0\">Den ansl\u00e5ede m\u00e6ngde materialer, der er n\u00f8dvendige for at fylde kammeret, er 0,2-0,4 urter. P\u00e5 den anden side vil mellem 0,2 og 0,3 urter blive brugt ved hj\u00e6lp af doseringskapslen (afh\u00e6ngigt af p\u00e5fyldningsproceduren og graden af \u200b\u200bknusning). <\/span><\/span><\/p>\n<p><span class=\"VIiyi\" lang=\"da\"><span class=\"JLqJ4b\" data-language-for-alternatives=\"da\" data-language-to-translate-into=\"es\" data-phrase-index=\"0\"><strong>Hvad er det bedste ved denne fordamper? <\/strong><\/span><\/span><span class=\"VIiyi\" lang=\"da\"><span class=\"JLqJ4b\" data-language-for-alternatives=\"da\" data-language-to-translate-into=\"es\" data-phrase-index=\"0\">Det udskiftelige batteri! Fordamperen har et standard 18650 batteri (LG batteri), der let kan fjernes. 18650 batterier er mere eller mindre standard for e-cigaretter og derfor lette at vedligeholde. Du kan bruge ethvert 18650-batteri som reserve- eller udskiftningsbatteri. Dette giver maksimal mobilitet og undg\u00e5r begr\u00e6nsninger p\u00e5 fordampning. <\/span><\/span><\/p>\n<p><span class=\"VIiyi\" lang=\"da\"><span class=\"JLqJ4b\" data-language-for-alternatives=\"da\" data-language-to-translate-into=\"es\" data-phrase-index=\"0\"><strong>#Detaljer<\/strong> <\/span><\/span><\/p>\n<ul>\n<li><span class=\"VIiyi\" lang=\"da\"><span class=\"JLqJ4b\" data-language-for-alternatives=\"da\" data-language-to-translate-into=\"es\" data-phrase-index=\"0\"><strong>Graveda medic fordamper med 2200 mAh batteri<\/strong> <\/span><\/span><\/li>\n<li><span class=\"VIiyi\" lang=\"da\"><span class=\"JLqJ4b\" data-language-for-alternatives=\"da\" data-language-to-translate-into=\"es\" data-phrase-index=\"0\">H\u00f8jkvalitet h\u00e6ngslet keramisk mundstykke. <\/span><\/span><span class=\"VIiyi\" lang=\"da\"><span class=\"JLqJ4b\" data-language-for-alternatives=\"da\" data-language-to-translate-into=\"es\" data-phrase-index=\"0\">Farve: Sort. <\/span><\/span><\/li>\n<li><span class=\"VIiyi\" lang=\"da\"><span class=\"JLqJ4b\" data-language-for-alternatives=\"da\" data-language-to-translate-into=\"es\" data-phrase-index=\"0\">Let luftstr\u00f8m s<\/span><\/span><span class=\"VIiyi\" lang=\"da\"><span class=\"JLqJ4b\" data-language-for-alternatives=\"da\" data-language-to-translate-into=\"es\" data-phrase-index=\"0\">\u00e5ledes at dybe m\u00e6ngder luft kan inhalleres i lungerne. Det kan ogs\u00e5 &#8222;bl\u00e6ses&#8220; uden problemer. <\/span><\/span><\/li>\n<li><span class=\"VIiyi\" lang=\"da\"><span class=\"JLqJ4b\" data-language-for-alternatives=\"da\" data-language-to-translate-into=\"es\" data-phrase-index=\"0\">Kammerkapacitet: 0,2 &#8211; 0,4 (urter) <\/span><\/span><\/li>\n<li><span class=\"VIiyi\" lang=\"da\"><span class=\"JLqJ4b\" data-language-for-alternatives=\"da\" data-language-to-translate-into=\"es\" data-phrase-index=\"0\">Enheden kan udstyres med en kapsel (medf\u00f8lger ikke).<\/span><\/span><\/li>\n<li><span class=\"VIiyi\" lang=\"da\"><span class=\"JLqJ4b\" data-language-for-alternatives=\"da\" data-language-to-translate-into=\"es\" data-phrase-index=\"0\">H\u00f8jkvalitets kammer, let at reng\u00f8re <\/span><\/span><\/li>\n<li><span class=\"VIiyi\" lang=\"da\"><span class=\"JLqJ4b\" data-language-for-alternatives=\"da\" data-language-to-translate-into=\"es\" data-phrase-index=\"0\">Opladning via Micro USB (kabel inkluderet) <\/span><\/span><\/li>\n<li><span class=\"VIiyi\" lang=\"da\"><span class=\"JLqJ4b\" data-language-for-alternatives=\"da\" data-language-to-translate-into=\"es\" data-phrase-index=\"0\"><strong>Temperaturomr\u00e5de: 80 \u00b0 C &#8211; 220 \u00b0 C (i trin p\u00e5 1 \u00b0 C)<\/strong> <\/span><\/span><\/li>\n<li><span class=\"VIiyi\" lang=\"da\"><span class=\"JLqJ4b\" data-language-for-alternatives=\"da\" data-language-to-translate-into=\"es\" data-phrase-index=\"0\"><strong>Konvektionssystem (enkel luftgennemstr\u00f8mning og store m\u00e6ngder damp)<\/strong> <\/span><\/span><\/li>\n<li><span class=\"VIiyi\" lang=\"da\"><span class=\"JLqJ4b\" data-language-for-alternatives=\"da\" data-language-to-translate-into=\"es\" data-phrase-index=\"0\">Produkt designet af producenten Graveda i Tyskland <\/span><\/span><\/li>\n<li><span class=\"VIiyi\" lang=\"da\"><span class=\"JLqJ4b\" data-language-for-alternatives=\"da\" data-language-to-translate-into=\"es\" data-phrase-index=\"0\"><strong>Tilstande: N (&#8222;Normal tilstand&#8220;) og S (&#8222;Sessionstilstand&#8220;)<\/strong> <\/span><\/span><\/li>\n<li><span class=\"VIiyi\" lang=\"da\"><span class=\"JLqJ4b\" data-language-for-alternatives=\"da\" data-language-to-translate-into=\"es\" data-phrase-index=\"0\">I &#8222;Session mode&#8220; kan du indstille klokkesl\u00e6t og den \u00f8nskede temperatur. Denne tilstand starter f.eks. Ved 190 grader og stiger til den temperatur, der er indstillet under sessionen (Eksempel: \u00f8ges 5 grader hvert 30. sekund). <\/span><\/span><\/li>\n<li><span class=\"VIiyi\" lang=\"da\"><span class=\"JLqJ4b\" data-language-for-alternatives=\"da\" data-language-to-translate-into=\"es\" data-phrase-index=\"0\">Metalkasse: Metalkassen opvarmes i l\u00f8bet af 5 minutter op til 220 grader (37 grader i tilf\u00e6lde af hustes temperatur) <\/span><\/span><span class=\"VIiyi\" lang=\"da\"><span class=\"JLqJ4b\" data-language-for-alternatives=\"da\" data-language-to-translate-into=\"es\" data-phrase-index=\"0\">Dette er normalt og harml\u00f8st, men det kan heller ikke undg\u00e5s, n\u00e5r plastmaterialer ikke anvendes.<\/span><\/span><\/li>\n<li><span class=\"VIiyi\" lang=\"da\"><span class=\"JLqJ4b\" data-language-for-alternatives=\"da\" data-language-to-translate-into=\"es\" data-phrase-index=\"0\">Kundeservice, kontaktperson og virksomhedens hovedkvarter: Tyskland <\/span><\/span><\/li>\n<\/ul>\n<p>&nbsp;<\/p>\n<p><span class=\"VIiyi\" lang=\"da\"><span class=\"JLqJ4b\" data-language-for-alternatives=\"da\" data-language-to-translate-into=\"es\" data-phrase-index=\"0\">#Indhold <\/span><\/span><\/p>\n<ul>\n<li><span class=\"VIiyi\" lang=\"da\"><span class=\"JLqJ4b\" data-language-for-alternatives=\"da\" data-language-to-translate-into=\"es\" data-phrase-index=\"0\">1x fordamper, <\/span><\/span><span class=\"VIiyi\" lang=\"da\"><span class=\"JLqJ4b\" data-language-for-alternatives=\"da\" data-language-to-translate-into=\"es\" data-phrase-index=\"0\">5x gitre og <\/span><\/span><span class=\"VIiyi\" lang=\"da\"><span class=\"JLqJ4b\" data-language-for-alternatives=\"da\" data-language-to-translate-into=\"es\" data-phrase-index=\"0\">1x mundstykke <\/span><\/span><\/li>\n<li><span class=\"VIiyi\" lang=\"da\"><span class=\"JLqJ4b\" data-language-for-alternatives=\"da\" data-language-to-translate-into=\"es\" data-phrase-index=\"0\">1x 18650 batteri (2200 mAh) fra producenten LG <\/span><\/span><\/li>\n<li><span class=\"VIiyi\" lang=\"da\"><span class=\"JLqJ4b\" data-language-for-alternatives=\"da\" data-language-to-translate-into=\"es\" data-phrase-index=\"0\">1x reng\u00f8ringsb\u00f8rste\u00a0 og <\/span><\/span><span class=\"VIiyi\" lang=\"da\"><span class=\"JLqJ4b\" data-language-for-alternatives=\"da\" data-language-to-translate-into=\"es\" data-phrase-index=\"0\">1x reng\u00f8ringspen <\/span><\/span><\/li>\n<li><span class=\"VIiyi\" lang=\"da\"><span class=\"JLqJ4b\" data-language-for-alternatives=\"da\" data-language-to-translate-into=\"es\" data-phrase-index=\"0\">1x forbindelseskabel til opladning af batteri<br \/>\n<\/span><\/span><\/li>\n<\/ul>\n<p>Retur til <a title=\"CBD topskud\" href=\"\/cbd-topskud\/\" data-schema-attribute=\"\">CBD topskud<\/a><\/p>\n","protected":false},"excerpt":{"rendered":"<p>Graveda Medic + er en super god vaporizer \/ fordamper til en bred vifte af produkter.<\/p>\n<p>Se detaljer under beskrivelsen.<\/p>\n<p><span class=\"VIiyi\" lang=\"da\"><span class=\"JLqJ4b\" data-language-for-alternatives=\"da\" data-language-to-translate-into=\"es\" data-phrase-index=\"0\">#Indhold <\/span><\/span><\/p>\n<ul>\n<li><span class=\"VIiyi\" lang=\"da\"><span class=\"JLqJ4b\" data-language-for-alternatives=\"da\" data-language-to-translate-into=\"es\" data-phrase-index=\"0\">1x fordamper, <\/span><\/span><span class=\"VIiyi\" lang=\"da\"><span class=\"JLqJ4b\" data-language-for-alternatives=\"da\" data-language-to-translate-into=\"es\" data-phrase-index=\"0\">5x gitre og <\/span><\/span><span class=\"VIiyi\" lang=\"da\"><span class=\"JLqJ4b\" data-language-for-alternatives=\"da\" data-language-to-translate-into=\"es\" data-phrase-index=\"0\">1x mundstykke <\/span><\/span><\/li>\n<li><span class=\"VIiyi\" lang=\"da\"><span class=\"JLqJ4b\" data-language-for-alternatives=\"da\" data-language-to-translate-into=\"es\" data-phrase-index=\"0\">1x 18650 batteri (2200 mAh) fra producenten LG <\/span><\/span><\/li>\n<li><span class=\"VIiyi\" lang=\"da\"><span class=\"JLqJ4b\" data-language-for-alternatives=\"da\" data-language-to-translate-into=\"es\" data-phrase-index=\"0\">1x reng\u00f8ringsb\u00f8rste\u00a0 og <\/span><\/span><span class=\"VIiyi\" lang=\"da\"><span class=\"JLqJ4b\" data-language-for-alternatives=\"da\" data-language-to-translate-into=\"es\" data-phrase-index=\"0\">1x reng\u00f8ringspen <\/span><\/span><\/li>\n<li><span class=\"VIiyi\" lang=\"da\"><span class=\"JLqJ4b\" data-language-for-alternatives=\"da\" data-language-to-translate-into=\"es\" data-phrase-index=\"0\">1x forbindelseskabel til opladning af batteri<\/span><\/span><\/li>\n<\/ul>\n<p>Retur til <a href=\"\/cbd-vapes\/\">cbd vapes<\/a><\/p>\n","protected":false},"featured_media":10236,"comment_status":"open","ping_status":"closed","template":"","meta":{"ocean_post_layout":"","ocean_both_sidebars_style":"","ocean_both_sidebars_content_width":0,"ocean_both_sidebars_sidebars_width":0,"ocean_sidebar":"0","ocean_second_sidebar":"0","ocean_disable_margins":"enable","ocean_add_body_class":"","ocean_shortcode_before_top_bar":"","ocean_shortcode_after_top_bar":"","ocean_shortcode_before_header":"","ocean_shortcode_after_header":"","ocean_has_shortcode":"","ocean_shortcode_after_title":"","ocean_shortcode_before_footer_widgets":"","ocean_shortcode_after_footer_widgets":"","ocean_shortcode_before_footer_bottom":"","ocean_shortcode_after_footer_bottom":"","ocean_display_top_bar":"default","ocean_display_header":"default","ocean_header_style":"","ocean_center_header_left_menu":"0","ocean_custom_header_template":"0","ocean_custom_logo":0,"ocean_custom_retina_logo":0,"ocean_custom_logo_max_width":0,"ocean_custom_logo_tablet_max_width":0,"ocean_custom_logo_mobile_max_width":0,"ocean_custom_logo_max_height":0,"ocean_custom_logo_tablet_max_height":0,"ocean_custom_logo_mobile_max_height":0,"ocean_header_custom_menu":"0","ocean_menu_typo_font_family":"0","ocean_menu_typo_font_subset":"","ocean_menu_typo_font_size":0,"ocean_menu_typo_font_size_tablet":0,"ocean_menu_typo_font_size_mobile":0,"ocean_menu_typo_font_size_unit":"px","ocean_menu_typo_font_weight":"","ocean_menu_typo_font_weight_tablet":"","ocean_menu_typo_font_weight_mobile":"","ocean_menu_typo_transform":"","ocean_menu_typo_transform_tablet":"","ocean_menu_typo_transform_mobile":"","ocean_menu_typo_line_height":0,"ocean_menu_typo_line_height_tablet":0,"ocean_menu_typo_line_height_mobile":0,"ocean_menu_typo_line_height_unit":"","ocean_menu_typo_spacing":0,"ocean_menu_typo_spacing_tablet":0,"ocean_menu_typo_spacing_mobile":0,"ocean_menu_typo_spacing_unit":"","ocean_menu_link_color":"","ocean_menu_link_color_hover":"","ocean_menu_link_color_active":"","ocean_menu_link_background":"","ocean_menu_link_hover_background":"","ocean_menu_link_active_background":"","ocean_menu_social_links_bg":"","ocean_menu_social_hover_links_bg":"","ocean_menu_social_links_color":"","ocean_menu_social_hover_links_color":"","ocean_disable_title":"default","ocean_disable_heading":"default","ocean_post_title":"","ocean_post_subheading":"","ocean_post_title_style":"","ocean_post_title_background_color":"","ocean_post_title_background":0,"ocean_post_title_bg_image_position":"","ocean_post_title_bg_image_attachment":"","ocean_post_title_bg_image_repeat":"","ocean_post_title_bg_image_size":"","ocean_post_title_height":0,"ocean_post_title_bg_overlay":0.5,"ocean_post_title_bg_overlay_color":"","ocean_disable_breadcrumbs":"default","ocean_breadcrumbs_color":"","ocean_breadcrumbs_separator_color":"","ocean_breadcrumbs_links_color":"","ocean_breadcrumbs_links_hover_color":"","ocean_display_footer_widgets":"default","ocean_display_footer_bottom":"default","ocean_custom_footer_template":"0","osh_disable_topbar_sticky":"default","osh_disable_header_sticky":"default","osh_sticky_header_style":"default","osh_sticky_header_effect":"","osh_custom_sticky_logo":0,"osh_custom_retina_sticky_logo":0,"osh_custom_sticky_logo_height":0,"osh_background_color":"","osh_links_color":"","osh_links_hover_color":"","osh_links_active_color":"","osh_links_bg_color":"","osh_links_hover_bg_color":"","osh_links_active_bg_color":"","osh_menu_social_links_color":"","osh_menu_social_hover_links_color":"","iawp_total_views":162},"product_brand":[],"product_cat":[888],"product_tag":[369,447,450,449],"class_list":{"0":"post-10237","1":"product","2":"type-product","3":"status-publish","4":"has-post-thumbnail","6":"product_cat-vaporizer-cat","7":"product_tag-cbd-buds-danmark","8":"product_tag-fordamper","9":"product_tag-graveda-medic","10":"product_tag-vaporizer","12":"entry","13":"has-media","15":"first","16":"outofstock","17":"taxable","18":"shipping-taxable","19":"purchasable","20":"product-type-simple","21":"has-product-nav","22":"col","23":"span_1_of_4","24":"owp-content-center","25":"item-entry","26":"owp-thumbs-layout-vertical","27":"owp-btn-normal","28":"owp-tabs-layout-vertical","30":"circle-sale"},"_links":{"self":[{"href":"https:\/\/body-n-soul.com\/de\/wp-json\/wp\/v2\/product\/10237","targetHints":{"allow":["GET"]}}],"collection":[{"href":"https:\/\/body-n-soul.com\/de\/wp-json\/wp\/v2\/product"}],"about":[{"href":"https:\/\/body-n-soul.com\/de\/wp-json\/wp\/v2\/types\/product"}],"replies":[{"embeddable":true,"href":"https:\/\/body-n-soul.com\/de\/wp-json\/wp\/v2\/comments?post=10237"}],"wp:featuredmedia":[{"embeddable":true,"href":"https:\/\/body-n-soul.com\/de\/wp-json\/wp\/v2\/media\/10236"}],"wp:attachment":[{"href":"https:\/\/body-n-soul.com\/de\/wp-json\/wp\/v2\/media?parent=10237"}],"wp:term":[{"taxonomy":"product_brand","embeddable":true,"href":"https:\/\/body-n-soul.com\/de\/wp-json\/wp\/v2\/product_brand?post=10237"},{"taxonomy":"product_cat","embeddable":true,"href":"https:\/\/body-n-soul.com\/de\/wp-json\/wp\/v2\/product_cat?post=10237"},{"taxonomy":"product_tag","embeddable":true,"href":"https:\/\/body-n-soul.com\/de\/wp-json\/wp\/v2\/product_tag?post=10237"}],"curies":[{"name":"wp","href":"https:\/\/api.w.org\/{rel}","templated":true}]}}