{"id":25885,"date":"2021-08-25T15:43:41","date_gmt":"2021-08-25T13:43:41","guid":{"rendered":"https:\/\/body-n-soul.com\/hhc-koncentrater\/"},"modified":"2024-09-28T19:05:12","modified_gmt":"2024-09-28T17:05:12","slug":"hhc-konzentraten","status":"publish","type":"page","link":"https:\/\/body-n-soul.com\/de\/hhc-konzentraten\/","title":{"rendered":"HHC Konzentraten"},"content":{"rendered":"\t\t<div data-elementor-type=\"wp-page\" data-elementor-id=\"25885\" class=\"elementor elementor-25885 elementor-17824\" data-elementor-post-type=\"page\">\n\t\t\t\t\t\t<section class=\"elementor-section elementor-top-section elementor-element elementor-element-76b9640 elementor-section-full_width elementor-section-height-min-height elementor-section-stretched elementor-section-height-default elementor-section-items-middle\" data-id=\"76b9640\" data-element_type=\"section\" data-e-type=\"section\" data-settings=\"{&quot;stretch_section&quot;:&quot;section-stretched&quot;,&quot;background_background&quot;:&quot;classic&quot;}\">\n\t\t\t\t\t\t\t<div class=\"elementor-background-overlay\"><\/div>\n\t\t\t\t\t\t\t<div class=\"elementor-container elementor-column-gap-default\">\n\t\t\t\t\t<div class=\"elementor-column elementor-col-100 elementor-top-column elementor-element elementor-element-56a17c7\" data-id=\"56a17c7\" data-element_type=\"column\" data-e-type=\"column\" data-settings=\"{&quot;background_background&quot;:&quot;gradient&quot;}\">\n\t\t\t<div class=\"elementor-widget-wrap elementor-element-populated\">\n\t\t\t\t\t<div class=\"elementor-background-overlay\"><\/div>\n\t\t\t\t\t\t<div class=\"elementor-element elementor-element-8892604 elementor-widget elementor-widget-heading\" data-id=\"8892604\" data-element_type=\"widget\" data-e-type=\"widget\" data-widget_type=\"heading.default\">\n\t\t\t\t<div class=\"elementor-widget-container\">\n\t\t\t\t\t<h1 class=\"elementor-heading-title elementor-size-xxl\">HHC konzentraten<\/h1>\t\t\t\t<\/div>\n\t\t\t\t<\/div>\n\t\t\t\t<section class=\"elementor-section elementor-inner-section elementor-element elementor-element-c9eda39 elementor-section-boxed elementor-section-height-default elementor-section-height-default\" data-id=\"c9eda39\" data-element_type=\"section\" data-e-type=\"section\">\n\t\t\t\t\t\t<div class=\"elementor-container elementor-column-gap-default\">\n\t\t\t\t\t<div class=\"elementor-column elementor-col-50 elementor-inner-column elementor-element elementor-element-7cefaf8\" data-id=\"7cefaf8\" data-element_type=\"column\" data-e-type=\"column\">\n\t\t\t<div class=\"elementor-widget-wrap elementor-element-populated\">\n\t\t\t\t\t\t<div class=\"elementor-element elementor-element-c7860a0 elementor-widget elementor-widget-text-editor\" data-id=\"c7860a0\" data-element_type=\"widget\" data-e-type=\"widget\" data-widget_type=\"text-editor.default\">\n\t\t\t\t<div class=\"elementor-widget-container\">\n\t\t\t\t\t\t\t\t\t<p>Bei HHC Konzentraten handelt es sich um hochkonzentriertes HHC in Form von z.B. Diamantsauce oder Moonrocks. Diamond-Sauce wird typischerweise zum Dabben verwendet und wir haben verschiedene Geschmacksrichtungen zur Auswahl. Beste Qualit\u00e4t nat\u00fcrlich aus den USA<\/p>\t\t\t\t\t\t\t\t<\/div>\n\t\t\t\t<\/div>\n\t\t\t\t\t<\/div>\n\t\t<\/div>\n\t\t\t\t<div class=\"elementor-column elementor-col-50 elementor-inner-column elementor-element elementor-element-fd57076\" data-id=\"fd57076\" data-element_type=\"column\" data-e-type=\"column\">\n\t\t\t<div class=\"elementor-widget-wrap elementor-element-populated\">\n\t\t\t\t\t\t<div class=\"elementor-element elementor-element-9afbe01 elementor-widget elementor-widget-text-editor\" data-id=\"9afbe01\" data-element_type=\"widget\" data-e-type=\"widget\" data-widget_type=\"text-editor.default\">\n\t\t\t\t<div class=\"elementor-widget-container\">\n\t\t\t\t\t\t\t\t\t<p>Alle unsere Produkte enthalten weniger als 0,2 % THC.<\/p>\t\t\t\t\t\t\t\t<\/div>\n\t\t\t\t<\/div>\n\t\t\t\t\t<\/div>\n\t\t<\/div>\n\t\t\t\t\t<\/div>\n\t\t<\/section>\n\t\t\t\t\t<\/div>\n\t\t<\/div>\n\t\t\t\t\t<\/div>\n\t\t<\/section>\n\t\t\t\t<section class=\"elementor-section elementor-top-section elementor-element elementor-element-1424aac elementor-section-boxed elementor-section-height-default elementor-section-height-default\" data-id=\"1424aac\" data-element_type=\"section\" data-e-type=\"section\">\n\t\t\t\t\t\t<div class=\"elementor-container elementor-column-gap-default\">\n\t\t\t\t\t<div class=\"elementor-column elementor-col-100 elementor-top-column elementor-element elementor-element-8b5c5be\" data-id=\"8b5c5be\" data-element_type=\"column\" data-e-type=\"column\">\n\t\t\t<div class=\"elementor-widget-wrap elementor-element-populated\">\n\t\t\t\t\t\t<div class=\"elementor-element elementor-element-00be693 elementor-widget elementor-widget-woocommerce-breadcrumb\" data-id=\"00be693\" data-element_type=\"widget\" data-e-type=\"widget\" data-widget_type=\"woocommerce-breadcrumb.default\">\n\t\t\t\t<div class=\"elementor-widget-container\">\n\t\t\t\t\t<div class=\"site-breadcrumbs woocommerce-breadcrumbs clr\">Start<\/div>\t\t\t\t<\/div>\n\t\t\t\t<\/div>\n\t\t\t\t\t<\/div>\n\t\t<\/div>\n\t\t\t\t\t<\/div>\n\t\t<\/section>\n\t\t\t\t<section class=\"elementor-section elementor-top-section elementor-element elementor-element-92f2408 elementor-section-boxed elementor-section-height-default elementor-section-height-default\" data-id=\"92f2408\" data-element_type=\"section\" data-e-type=\"section\">\n\t\t\t\t\t\t<div class=\"elementor-container elementor-column-gap-default\">\n\t\t\t\t\t<div class=\"elementor-column elementor-col-100 elementor-top-column elementor-element elementor-element-ad7d14d\" data-id=\"ad7d14d\" data-element_type=\"column\" data-e-type=\"column\">\n\t\t\t<div class=\"elementor-widget-wrap elementor-element-populated\">\n\t\t\t\t\t\t<div class=\"elementor-element elementor-element-c2d8c6a elementor-widget elementor-widget-text-editor\" data-id=\"c2d8c6a\" data-element_type=\"widget\" data-e-type=\"widget\" data-widget_type=\"text-editor.default\">\n\t\t\t\t<div class=\"elementor-widget-container\">\n\t\t\t\t\t\t\t\t\t<h2>hhc konzentraten<\/h2><p>hochkonzentriertes HHC zu. z.B. dabbing .<\/p><p>Zur Startseite | HHC Vapes | HHC Hash | HHC Bl\u00fcten | HHC Weingummi<\/p><p>Sun State HHC Diamond-Sauce<\/p><p>HHC-Diamantsauce h\u00f6chster Qualit\u00e4t, hergestellt in den USA. Direkt vom Hersteller.<\/p><p>Sehr gut zum Dampfen oder Dabben geeignet.<\/p>\t\t\t\t\t\t\t\t<\/div>\n\t\t\t\t<\/div>\n\t\t\t\t<div class=\"elementor-element elementor-element-f65dadc elementor-widget elementor-widget-heading\" data-id=\"f65dadc\" data-element_type=\"widget\" data-e-type=\"widget\" data-widget_type=\"heading.default\">\n\t\t\t\t<div class=\"elementor-widget-container\">\n\t\t\t\t\t<h3 class=\"elementor-heading-title elementor-size-default\">HHC Moon rocks<\/h3>\t\t\t\t<\/div>\n\t\t\t\t<\/div>\n\t\t\t\t<div class=\"elementor-element elementor-element-5b2a656 elementor-widget elementor-widget-text-editor\" data-id=\"5b2a656\" data-element_type=\"widget\" data-e-type=\"widget\" data-widget_type=\"text-editor.default\">\n\t\t\t\t<div class=\"elementor-widget-container\">\n\t\t\t\t\t\t\t\t\t<p>HHC Moon rocks ist Bl\u00fctchen mit zugesetztem HHC.<\/p>\t\t\t\t\t\t\t\t<\/div>\n\t\t\t\t<\/div>\n\t\t\t\t<div class=\"elementor-element elementor-element-07044f8 elementor-widget elementor-widget-text-editor\" data-id=\"07044f8\" data-element_type=\"widget\" data-e-type=\"widget\" data-widget_type=\"text-editor.default\">\n\t\t\t\t<div class=\"elementor-widget-container\">\n\t\t\t\t\t\t\t\t\t<p><div class=\"woocommerce columns-4 \"><\/div><\/p>\t\t\t\t\t\t\t\t<\/div>\n\t\t\t\t<\/div>\n\t\t\t\t<div class=\"elementor-element elementor-element-0ffcf9e elementor-widget elementor-widget-heading\" data-id=\"0ffcf9e\" data-element_type=\"widget\" data-e-type=\"widget\" data-widget_type=\"heading.default\">\n\t\t\t\t<div class=\"elementor-widget-container\">\n\t\t\t\t\t<h3 class=\"elementor-heading-title elementor-size-default\">HHC Diamond sauce<\/h3>\t\t\t\t<\/div>\n\t\t\t\t<\/div>\n\t\t\t\t<div class=\"elementor-element elementor-element-6e6a915 elementor-widget elementor-widget-text-editor\" data-id=\"6e6a915\" data-element_type=\"widget\" data-e-type=\"widget\" data-widget_type=\"text-editor.default\">\n\t\t\t\t<div class=\"elementor-widget-container\">\n\t\t\t\t\t\t\t\t\t<p><div class=\"woocommerce columns-4 \"><\/div><\/p>\t\t\t\t\t\t\t\t<\/div>\n\t\t\t\t<\/div>\n\t\t\t\t<div class=\"elementor-element elementor-element-d748ee8 elementor-widget elementor-widget-text-editor\" data-id=\"d748ee8\" data-element_type=\"widget\" data-e-type=\"widget\" data-widget_type=\"text-editor.default\">\n\t\t\t\t<div class=\"elementor-widget-container\">\n\t\t\t\t\t\t\t\t\t<h2>HHC Konzentraten<\/h2><p>HHC Konzentrate sind typischerweise HHC Produkte mit einer sehr hohen HHC Konzentration. Es kann zum Beispiel Sei es HHC Diamond Sauce oder HHC Moon Rocks<\/p><h3>Was sind HHC-Saucen?<\/h3><p>Unsere Premium HHC Saucen sind konzentrierte, klebrige \u00d6le, die mit dem starken und preisgekr\u00f6nten HHC \u00d6l von Sun State hergestellt werden.<\/p><p>Nur eine kleine Menge Premium HHC Sauce wird Ihren Tag auf ein neues Niveau bringen.<\/p><p>Es ist Zeit, die neuen Empfindungen und erhebenden Emotionen zu erkunden, die nur diejenigen kennen, die die Premium HHC Produkte von Sun State erlebt haben.<\/p><p>HHC wird aus Hanf gewonnen, enth\u00e4lt aber nicht mehr als 0,3 % Delta 9 THC. HHC unterscheidet sich strukturell von THC, daher enthalten HHC-Produkte von Natur aus nicht mehr als 0,3 % Delta 9, was bedeutet, dass HHC in der EU (jedoch nicht in D\u00e4nemark) legal ist.<\/p><h3>Welche Auswirkungen hat HHC?<\/h3><p>HHC und THC wirken in etwa auf die gleiche Weise, obwohl sie sich auf molekularer Ebene strukturell voneinander unterscheiden.<\/p><p>Es wird beispielsweise allgemein berichtet, dass HHC Wirkungen hat, die zwischen denen bei der Verwendung von Delta 8 und Delta 9 liegen. Benutzer berichten h\u00e4ufig von einem energiegeladenen und euphorischen Gef\u00fchl mit weniger Paranoia im Vergleich zu Delta 9.<\/p><h3>Wie dosiert man HHC Sauce?<\/h3><p>Die Dosierung von HHC Saucen kann etwas kompliziert erscheinen, muss es aber nicht sein. Mit der kleinsten Menge des hochkonzentrierten Produkts zu beginnen, ist der beste Weg, um zu sehen, wie Ihr K\u00f6rper reagiert.<\/p><p>Wenn Sie sich nach einer Weile gut f\u00fchlen und sich wohl dabei f\u00fchlen, mehr zu konsumieren, dann beginnen Sie langsam.<\/p><p>Aber HHC-Sauce ist m\u00f6glicherweise nicht jedermanns Sache.<\/p><p>Wenn Sie neu bei HHC sind und es noch nie probiert haben, empfiehlt es sich, vor den So\u00dfen Vapes und Gummis auszuprobieren.<\/p><p>E-Zigaretten und Gummibonbons sind weniger konzentriert und k\u00f6nnen Ihnen dabei helfen, besser einzusch\u00e4tzen, wie Ihr K\u00f6rper auf eine h\u00f6here Konzentration reagiert.<\/p><h3>Warum Sun State Hemp w\u00e4hlen?<\/h3><p>Sun State ist wahrscheinlich einer der f\u00fchrenden Hersteller von HHC und seinen Folgeprodukten aus den USA. Zus\u00e4tzlich zu ihren mit HHC ausgezeichneten nationalen Auszeichnungen sind sie Pioniere und Branchenf\u00fchrer bei aus Hanf gewonnenen Cannabinoiden wie Delta 8 THC, HHC, Delta 10 und mehr. Sie stellen stets die besten Hanfprodukte auf dem Markt her und testen ihre Produkte auf Apothekenebene. Es handelt sich um hochwertige Produkte.<\/p><p>Wir verkaufen die Produkte von Sun State, da sie unserer Meinung nach zu den sichersten, reinsten und wirksamsten Delta 8 THC-, HHC- und Hanfprodukten auf dem Markt geh\u00f6ren.<\/p><p>Sun State Hemp verwendet nur hochwertigen, in den USA angebauten Hanf. Sie verf\u00fcgen au\u00dferdem \u00fcber einige der fortschrittlichsten und leistungsf\u00e4higsten Cannabis-Forschungs- und Entwicklungsabteilungen der Branche. Ihre Produkte bieten kompromisslose Wirksamkeit und Reinheit und erzielen die hochwertigsten Labortestergebnisse aller f\u00fchrenden Marken.<\/p><p>F\u00fcr die Kategorie <a href=\"\/de\/hhc-konzentraten-cat\/\">HHC Konzentraten<\/a><\/p>\t\t\t\t\t\t\t\t<\/div>\n\t\t\t\t<\/div>\n\t\t\t\t\t<\/div>\n\t\t<\/div>\n\t\t\t\t\t<\/div>\n\t\t<\/section>\n\t\t\t\t<\/div>\n\t\t","protected":false},"excerpt":{"rendered":"<p>HHC konzentraten Bei HHC Konzentraten handelt es sich um hochkonzentriertes HHC in Form von z.B. Diamantsauce oder Moonrocks. Diamond-Sauce wird typischerweise zum Dabben verwendet und wir haben verschiedene Geschmacksrichtungen zur Auswahl. Beste Qualit\u00e4t nat\u00fcrlich aus den USA Alle unsere Produkte enthalten weniger als 0,2 % THC. hhc konzentraten hochkonzentriertes HHC zu. z.B. dabbing . Zur [&hellip;]<\/p>\n","protected":false},"author":1,"featured_media":0,"parent":0,"menu_order":0,"comment_status":"closed","ping_status":"closed","template":"","meta":{"ocean_post_layout":"","ocean_both_sidebars_style":"","ocean_both_sidebars_content_width":0,"ocean_both_sidebars_sidebars_width":0,"ocean_sidebar":"0","ocean_second_sidebar":"0","ocean_disable_margins":"enable","ocean_add_body_class":"","ocean_shortcode_before_top_bar":"","ocean_shortcode_after_top_bar":"","ocean_shortcode_before_header":"","ocean_shortcode_after_header":"","ocean_has_shortcode":"","ocean_shortcode_after_title":"","ocean_shortcode_before_footer_widgets":"","ocean_shortcode_after_footer_widgets":"","ocean_shortcode_before_footer_bottom":"","ocean_shortcode_after_footer_bottom":"","ocean_display_top_bar":"default","ocean_display_header":"default","ocean_header_style":"","ocean_center_header_left_menu":"0","ocean_custom_header_template":"0","ocean_custom_logo":0,"ocean_custom_retina_logo":0,"ocean_custom_logo_max_width":0,"ocean_custom_logo_tablet_max_width":0,"ocean_custom_logo_mobile_max_width":0,"ocean_custom_logo_max_height":0,"ocean_custom_logo_tablet_max_height":0,"ocean_custom_logo_mobile_max_height":0,"ocean_header_custom_menu":"0","ocean_menu_typo_font_family":"0","ocean_menu_typo_font_subset":"","ocean_menu_typo_font_size":0,"ocean_menu_typo_font_size_tablet":0,"ocean_menu_typo_font_size_mobile":0,"ocean_menu_typo_font_size_unit":"px","ocean_menu_typo_font_weight":"","ocean_menu_typo_font_weight_tablet":"","ocean_menu_typo_font_weight_mobile":"","ocean_menu_typo_transform":"","ocean_menu_typo_transform_tablet":"","ocean_menu_typo_transform_mobile":"","ocean_menu_typo_line_height":0,"ocean_menu_typo_line_height_tablet":0,"ocean_menu_typo_line_height_mobile":0,"ocean_menu_typo_line_height_unit":"","ocean_menu_typo_spacing":0,"ocean_menu_typo_spacing_tablet":0,"ocean_menu_typo_spacing_mobile":0,"ocean_menu_typo_spacing_unit":"","ocean_menu_link_color":"","ocean_menu_link_color_hover":"","ocean_menu_link_color_active":"","ocean_menu_link_background":"","ocean_menu_link_hover_background":"","ocean_menu_link_active_background":"","ocean_menu_social_links_bg":"","ocean_menu_social_hover_links_bg":"","ocean_menu_social_links_color":"","ocean_menu_social_hover_links_color":"","ocean_disable_title":"default","ocean_disable_heading":"default","ocean_post_title":"","ocean_post_subheading":"","ocean_post_title_style":"","ocean_post_title_background_color":"","ocean_post_title_background":0,"ocean_post_title_bg_image_position":"","ocean_post_title_bg_image_attachment":"","ocean_post_title_bg_image_repeat":"","ocean_post_title_bg_image_size":"","ocean_post_title_height":0,"ocean_post_title_bg_overlay":0.5,"ocean_post_title_bg_overlay_color":"","ocean_disable_breadcrumbs":"default","ocean_breadcrumbs_color":"","ocean_breadcrumbs_separator_color":"","ocean_breadcrumbs_links_color":"","ocean_breadcrumbs_links_hover_color":"","ocean_display_footer_widgets":"default","ocean_display_footer_bottom":"default","ocean_custom_footer_template":"0","osh_disable_topbar_sticky":"default","osh_disable_header_sticky":"default","osh_sticky_header_style":"default","osh_sticky_header_effect":"","osh_custom_sticky_logo":0,"osh_custom_retina_sticky_logo":0,"osh_custom_sticky_logo_height":0,"osh_background_color":"","osh_links_color":"","osh_links_hover_color":"","osh_links_active_color":"","osh_links_bg_color":"","osh_links_hover_bg_color":"","osh_links_active_bg_color":"","osh_menu_social_links_color":"","osh_menu_social_hover_links_color":"","iawp_total_views":76,"footnotes":""},"class_list":["post-25885","page","type-page","status-publish","hentry","entry","owp-thumbs-layout-vertical","owp-btn-normal","owp-tabs-layout-vertical","has-no-thumbnails","has-product-nav","circle-sale"],"_links":{"self":[{"href":"https:\/\/body-n-soul.com\/de\/wp-json\/wp\/v2\/pages\/25885","targetHints":{"allow":["GET"]}}],"collection":[{"href":"https:\/\/body-n-soul.com\/de\/wp-json\/wp\/v2\/pages"}],"about":[{"href":"https:\/\/body-n-soul.com\/de\/wp-json\/wp\/v2\/types\/page"}],"author":[{"embeddable":true,"href":"https:\/\/body-n-soul.com\/de\/wp-json\/wp\/v2\/users\/1"}],"replies":[{"embeddable":true,"href":"https:\/\/body-n-soul.com\/de\/wp-json\/wp\/v2\/comments?post=25885"}],"version-history":[{"count":24,"href":"https:\/\/body-n-soul.com\/de\/wp-json\/wp\/v2\/pages\/25885\/revisions"}],"predecessor-version":[{"id":25955,"href":"https:\/\/body-n-soul.com\/de\/wp-json\/wp\/v2\/pages\/25885\/revisions\/25955"}],"wp:attachment":[{"href":"https:\/\/body-n-soul.com\/de\/wp-json\/wp\/v2\/media?parent=25885"}],"curies":[{"name":"wp","href":"https:\/\/api.w.org\/{rel}","templated":true}]}}