{"id":24036,"date":"2021-08-25T15:43:41","date_gmt":"2021-08-25T13:43:41","guid":{"rendered":"https:\/\/body-n-soul.com\/hhc-vapes\/"},"modified":"2025-03-22T01:04:28","modified_gmt":"2025-03-22T00:04:28","slug":"hhc-vape","status":"publish","type":"page","link":"https:\/\/body-n-soul.com\/de\/hhc-vape\/","title":{"rendered":"HHC Vapes"},"content":{"rendered":"\t\t<div data-elementor-type=\"wp-page\" data-elementor-id=\"24036\" class=\"elementor elementor-24036 elementor-17345\" data-elementor-post-type=\"page\">\n\t\t\t\t\t\t<section class=\"elementor-section elementor-top-section elementor-element elementor-element-76b9640 elementor-section-full_width elementor-section-height-min-height elementor-section-stretched elementor-section-height-default elementor-section-items-middle\" data-id=\"76b9640\" data-element_type=\"section\" data-e-type=\"section\" data-settings=\"{&quot;stretch_section&quot;:&quot;section-stretched&quot;,&quot;background_background&quot;:&quot;classic&quot;}\">\n\t\t\t\t\t\t\t<div class=\"elementor-background-overlay\"><\/div>\n\t\t\t\t\t\t\t<div class=\"elementor-container elementor-column-gap-default\">\n\t\t\t\t\t<div class=\"elementor-column elementor-col-100 elementor-top-column elementor-element elementor-element-56a17c7\" data-id=\"56a17c7\" data-element_type=\"column\" data-e-type=\"column\" data-settings=\"{&quot;background_background&quot;:&quot;gradient&quot;}\">\n\t\t\t<div class=\"elementor-widget-wrap elementor-element-populated\">\n\t\t\t\t\t<div class=\"elementor-background-overlay\"><\/div>\n\t\t\t\t\t\t<div class=\"elementor-element elementor-element-8892604 elementor-widget elementor-widget-heading\" data-id=\"8892604\" data-element_type=\"widget\" data-e-type=\"widget\" data-widget_type=\"heading.default\">\n\t\t\t\t<div class=\"elementor-widget-container\">\n\t\t\t\t\t<h1 class=\"elementor-heading-title elementor-size-xxl\">HHC vapes und Kartusche \/ Cartridges<\/h1>\t\t\t\t<\/div>\n\t\t\t\t<\/div>\n\t\t\t\t<section class=\"elementor-section elementor-inner-section elementor-element elementor-element-c9eda39 elementor-section-boxed elementor-section-height-default elementor-section-height-default\" data-id=\"c9eda39\" data-element_type=\"section\" data-e-type=\"section\">\n\t\t\t\t\t\t<div class=\"elementor-container elementor-column-gap-default\">\n\t\t\t\t\t<div class=\"elementor-column elementor-col-50 elementor-inner-column elementor-element elementor-element-7cefaf8\" data-id=\"7cefaf8\" data-element_type=\"column\" data-e-type=\"column\">\n\t\t\t<div class=\"elementor-widget-wrap elementor-element-populated\">\n\t\t\t\t\t\t<div class=\"elementor-element elementor-element-c7860a0 elementor-widget elementor-widget-text-editor\" data-id=\"c7860a0\" data-element_type=\"widget\" data-e-type=\"widget\" data-widget_type=\"text-editor.default\">\n\t\t\t\t<div class=\"elementor-widget-container\">\n\t\t\t\t\t\t\t\t\t<p>HHC-Vapes sind in vielen verschiedenen Designs und Modellen erh\u00e4ltlich. Wir haben die traditionellen Einweg-Vapes, bei denen Sie einfach am Vape saugen und sofort Ihre HHC-L\u00f6sung erhalten. Es ist sehr einfach und sie passen gut in eine Tasche oder Innentasche. Die Alternative sind HHC-Pods oder HHC-Kartuschen, wie sie auch genannt werden.<\/p>\n\t\t\t\t\t\t\t\t<\/div>\n\t\t\t\t<\/div>\n\t\t\t\t\t<\/div>\n\t\t<\/div>\n\t\t\t\t<div class=\"elementor-column elementor-col-50 elementor-inner-column elementor-element elementor-element-fd57076\" data-id=\"fd57076\" data-element_type=\"column\" data-e-type=\"column\">\n\t\t\t<div class=\"elementor-widget-wrap elementor-element-populated\">\n\t\t\t\t\t\t<div class=\"elementor-element elementor-element-9afbe01 elementor-widget elementor-widget-text-editor\" data-id=\"9afbe01\" data-element_type=\"widget\" data-e-type=\"widget\" data-widget_type=\"text-editor.default\">\n\t\t\t\t<div class=\"elementor-widget-container\">\n\t\t\t\t\t\t\t\t\t<p>Bei Pods haben Sie den Akku als eigenst\u00e4ndige Einheit und dann eine Kartusche mit der HHC-Fl\u00fcssigkeit darin. Das bedeutet, dass Sie einfach und schnell wechseln k\u00f6nnen, wenn Sie einen anderen Geschmack w\u00fcnschen. Sie sind auf lange Sicht auch g\u00fcnstiger als herk\u00f6mmliche HHC-Vapes. Alle unsere Produkte enthalten &lt; &lt;0,2 % THC. <\/p>\n\t\t\t\t\t\t\t\t<\/div>\n\t\t\t\t<\/div>\n\t\t\t\t\t<\/div>\n\t\t<\/div>\n\t\t\t\t\t<\/div>\n\t\t<\/section>\n\t\t\t\t\t<\/div>\n\t\t<\/div>\n\t\t\t\t\t<\/div>\n\t\t<\/section>\n\t\t\t\t<section class=\"elementor-section elementor-top-section elementor-element elementor-element-1424aac elementor-section-boxed elementor-section-height-default elementor-section-height-default\" data-id=\"1424aac\" data-element_type=\"section\" data-e-type=\"section\">\n\t\t\t\t\t\t<div class=\"elementor-container elementor-column-gap-default\">\n\t\t\t\t\t<div class=\"elementor-column elementor-col-100 elementor-top-column elementor-element elementor-element-8b5c5be\" data-id=\"8b5c5be\" data-element_type=\"column\" data-e-type=\"column\">\n\t\t\t<div class=\"elementor-widget-wrap elementor-element-populated\">\n\t\t\t\t\t\t<div class=\"elementor-element elementor-element-00be693 elementor-widget elementor-widget-woocommerce-breadcrumb\" data-id=\"00be693\" data-element_type=\"widget\" data-e-type=\"widget\" data-widget_type=\"woocommerce-breadcrumb.default\">\n\t\t\t\t<div class=\"elementor-widget-container\">\n\t\t\t\t\t<div class=\"site-breadcrumbs woocommerce-breadcrumbs clr\">Start<\/div>\t\t\t\t<\/div>\n\t\t\t\t<\/div>\n\t\t\t\t\t<\/div>\n\t\t<\/div>\n\t\t\t\t\t<\/div>\n\t\t<\/section>\n\t\t\t\t<section class=\"elementor-section elementor-top-section elementor-element elementor-element-92f2408 elementor-section-boxed elementor-section-height-default elementor-section-height-default\" data-id=\"92f2408\" data-element_type=\"section\" data-e-type=\"section\">\n\t\t\t\t\t\t<div class=\"elementor-container elementor-column-gap-default\">\n\t\t\t\t\t<div class=\"elementor-column elementor-col-100 elementor-top-column elementor-element elementor-element-ad7d14d\" data-id=\"ad7d14d\" data-element_type=\"column\" data-e-type=\"column\">\n\t\t\t<div class=\"elementor-widget-wrap elementor-element-populated\">\n\t\t\t\t\t\t<div class=\"elementor-element elementor-element-f9fe299 elementor-widget elementor-widget-heading\" data-id=\"f9fe299\" data-element_type=\"widget\" data-e-type=\"widget\" data-widget_type=\"heading.default\">\n\t\t\t\t<div class=\"elementor-widget-container\">\n\t\t\t\t\t<h2 class=\"elementor-heading-title elementor-size-large\">HHC Vapes und Kartusche \/ Cartridges<\/h2>\t\t\t\t<\/div>\n\t\t\t\t<\/div>\n\t\t\t\t<div class=\"elementor-element elementor-element-776a69d elementor-widget elementor-widget-text-editor\" data-id=\"776a69d\" data-element_type=\"widget\" data-e-type=\"widget\" data-widget_type=\"text-editor.default\">\n\t\t\t\t<div class=\"elementor-widget-container\">\n\t\t\t\t\t\t\t\t\t<p>Schauen Sie sich hier unsere Auswahl an <em>HHC-Vapes<\/em> und <em>HHC-Pods<\/em> an. Die Produkte werden selbstverst\u00e4ndlich nur zur Aromatherapie verkauft.<\/p><p><a title=\"Zur\u00fcck zur Startseite.\" href=\"\/\">Til Forsiden<\/a> | <a href=\"#hhcpods\">HHC pods<\/a> | <a title=\"HHC hash. L\u00e6kker hash med HHC\" href=\"https:\/\/body-n-soul.com\/de\/hhc-hash\/\">HHC hash<\/a> | <a title=\"Topskud med HHC\" href=\"https:\/\/body-n-soul.com\/hhc-topskud\/\">HHC topskud<\/a> | <a title=\"Vingummi med HHC.\" href=\"https:\/\/body-n-soul.com\/hhc-vingummi\/\">HHC Vingummi<\/a><\/p><h3>Happy Garden HHC vape<\/h3><div><p style=\"font-variant-ligatures: normal; font-variant-caps: normal; font-family: Poppins; font-size: 16px; font-style: normal; font-weight: 400;\">Happy Garden HHC vape ist spitzen klasse. Sie werden in den USA produziert und sowohl die Hardware als auch der Inhalt d\u00fcrften kaum besser sein.<\/p><p style=\"font-variant-ligatures: normal; font-variant-caps: normal; font-family: Poppins; font-size: 16px; font-style: normal; font-weight: 400;\">Wir haben 1 ml auf Lager<\/p><p><div class=\"woocommerce columns-4 \"><\/div><\/p><p><strong data-start=\"0\" data-end=\"18\" data-is-only-node=\"\">Delta Munchies<\/strong><br data-start=\"18\" data-end=\"21\" \/>Diese HHC-Vapes haben uns buchst\u00e4blich umgehauen. Die Qualit\u00e4t zeigt sich in jedem Detail dieses Rauchger\u00e4ts. Von der stabilen Box, in der es geliefert wird und die es sch\u00fctzt, wenn es nicht in Gebrauch ist, bis hin zum Vape selbst, das perfekt in der Hand liegt. Au\u00dferdem gibt es sie in einer Vielzahl k\u00f6stlicher Aromen und D\u00fcfte. Ein super cooles Vape!<\/p><p><div class=\"woocommerce columns-4 \">\r\n<ul class=\"products oceanwp-row clr grid tablet-col tablet-2-col mobile-col mobile-1-col infinite-scroll-wrap\">\r\n<\/ul>\n<\/div><\/p><h3>Iguana Smoke HHC vapes und pods<\/h3><p>Iguana Smoke HHC ist eine neue Marke, die wir hier in Spanien seit einiger Zeit verkaufen Die Leute m\u00f6gen sie sehr und sie haben einige interessante Geschmacksrichtungen. Beachten Sie, dass es auch eine Serie mit HHC Lite gibt. Mit anderen Worten, ein Vape f\u00fcr Sie, der nur einen Hauch der HHC-Wirkung braucht.<\/p><p><div class=\"woocommerce columns-4 \"><\/div><\/p><h3>Elevapes HHC cartridge<\/h3><p>Die HHC Kartusches von Elevape eignen sich hervorragend, wenn Sie den Geschmack von einem Moment auf den anderen wechseln m\u00f6chten. Diese Pods sind auf lange Sicht auch g\u00fcnstiger als normale Einweg-Vapes, da Sie die Batterie wiederverwenden. Und dann geht es los und los.<\/p><p>Diese HHC Kartusches sind auf lange Sicht auch g\u00fcnstiger als normale Einweg-Vapes, da Sie die Batterie wiederverwenden.<\/p><p><div class=\"woocommerce columns-4 \"><\/div><\/p><\/div>\t\t\t\t\t\t\t\t<\/div>\n\t\t\t\t<\/div>\n\t\t\t\t\t<\/div>\n\t\t<\/div>\n\t\t\t\t\t<\/div>\n\t\t<\/section>\n\t\t<div class=\"elementor-element elementor-element-057a879 e-flex e-con-boxed e-con e-parent\" data-id=\"057a879\" data-element_type=\"container\" data-e-type=\"container\">\n\t\t\t\t\t<div class=\"e-con-inner\">\n\t\t\t\t<div class=\"elementor-element elementor-element-aceaef5 elementor-widget elementor-widget-heading\" data-id=\"aceaef5\" data-element_type=\"widget\" data-e-type=\"widget\" data-widget_type=\"heading.default\">\n\t\t\t\t<div class=\"elementor-widget-container\">\n\t\t\t\t\t<h2 class=\"elementor-heading-title elementor-size-default\">HHC Vapes und HHC Kartuchen<\/h2>\t\t\t\t<\/div>\n\t\t\t\t<\/div>\n\t\t\t\t<div class=\"elementor-element elementor-element-826f135 elementor-widget elementor-widget-text-editor\" data-id=\"826f135\" data-element_type=\"widget\" data-e-type=\"widget\" data-widget_type=\"text-editor.default\">\n\t\t\t\t<div class=\"elementor-widget-container\">\n\t\t\t\t\t\t\t\t\t<p>Wenn Sie auf der Suche nach einem HHC Vaporizer \/ <strong>HHC Verdampfer<\/strong> oder HHC Pod von guter Qualit\u00e4t sind, sind Sie bei uns genau richtig.<\/p><p>Wir f\u00fchren nur Produkte der Besten der Branche.<\/p><h3>Happy Garden<\/h3><p>Ein durch und durch erstklassiger HHC Vaporizer, hergestellt in den USA.<\/p><h3>Iguana Vape<\/h3><p>Eine gro\u00dfe \u00dcberraschung f\u00fcr uns. Iguana HHC Vapes \/ HHC verdampfer werden in Spanien hergestellt und wir begannen mit gemischten Gef\u00fchlen, sie zu verkaufen.<\/p><p>Spanien und Qualit\u00e4t?<\/p><p>Ja, vielleicht genug mit Oliven\u00f6l und Schwarzfu\u00dfschinken. Aber das haben wir nicht kommen sehen.<\/p><p>Sie haben unsere Erwartungen und insbesondere die unserer Kunden voll und ganz erf\u00fcllt.<\/p><p>Iguana <strong>HHC Vapes<\/strong> stellt sowohl normale HHC Vapes als auch HHC Pods her.<\/p><p>Sowohl in hoher Qualit\u00e4t als auch mit bis zu 5 verschiedenen Geschmacksrichtungen.<\/p><h3>Elevapes<\/h3><p>Die HHC Kartuchen von Elevape waren seit ihrer Einf\u00fchrung ein voller Erfolg. Es ist ein guter HHC Pod und der Preis ist super vern\u00fcnftig.<\/p><p>Leider werden sie nicht mehr hergestellt, sodass wir sie nicht mehr liefern k\u00f6nnen.<\/p><h3>Was ist HHC?<\/h3><p>HHC oder Hexahydrocannabinol ist ein Cannabinoid, das erstmals vom amerikanischen Chemiker Roger Adams durch Hinzuf\u00fcgen von Wasserstoffmolek\u00fclen zu Delta-9 THC synthetisiert wurde. Dieser als Hydrierung bekannte Prozess wandelt THC in Hexahydrocannabinol oder HHC um.<\/p><p>W\u00e4hrend Adam HHC aus herk\u00f6mmlichem, aus THC gewonnenem Cannabis herstellte, wird das HHC-Molek\u00fcl jetzt aus Hanf gewonnen, wo es in geringen Konzentrationen sowohl in Samen als auch in Bl\u00fcten vorkommt.<\/p><h3>Auswirkungen von HHC<\/h3><p>HHC ist hochgradig kompatibel mit den CB1- und CB2-Rezeptoren in unserem Endocannabinoid-System, und wenn sie mit ihnen interagieren, erzeugen sie \u00e4hnliche Wirkungen wie THC. Benutzer berichten, dass sie weniger unter Paranoia und Nebenwirkungen leiden als bei THC und ein \u201eHigh\u201c-Gef\u00fchl haben:<\/p><p>Euphorie<br \/>Entspannung<br \/>Hunger<br \/>Erh\u00f6htes Sinnesvergn\u00fcgen<\/p><p>Eine weitere \u201eNebenwirkung\u201c von HHC besteht darin, dass Sie sich nicht so lethargisch und m\u00fcde f\u00fchlen, wie wenn Sie HHC eingenommen h\u00e4tten.<\/p><h3><br \/>Vorteile von HHC<\/h3><p>Der Mangel an wissenschaftlichen Beweisen und Forschungsergebnissen f\u00fchrt dazu, dass die Vorteile von HHC haupts\u00e4chlich anekdotisch sind. Studien haben jedoch gezeigt, dass HHC \u00e4hnliche entz\u00fcndungshemmende Eigenschaften wie CBD und THC haben und chronische Schmerzen und Migr\u00e4ne lindern und den Schlaf verl\u00e4ngern kann.<\/p><h3>Ist der HHC-Test positiv?<\/h3><p>Derzeit gibt es keine Hinweise darauf, dass HHC bei einem Drogentest positiv ausf\u00e4llt. Wir empfehlen jedoch, beim Verzehr dieser Produkte vor dem Test Vorsicht walten zu lassen, da dies nicht vollst\u00e4ndig bewiesen ist.<\/p><p>Wir gehen davon aus, dass Sie es noch einmal \u00fcberdenken. Sie d\u00fcrfen weder Auto fahren noch Maschinen bedienen, wenn Sie HHC eingenommen haben. Es ist unverantwortlich und Sie k\u00f6nnen am Ende andere Menschen oder sich selbst verletzen.<\/p><p>Sie m\u00fcssen au\u00dferdem sicherstellen, dass Kinder nicht an Ihre HHC-Produkte gelangen k\u00f6nnen.<\/p><p>Konzipiert f\u00fcr industrielle, technische und g\u00e4rtnerische Zwecke. Dies ist ein Sammlerst\u00fcck. Nicht zum direkten Verzehr oder Rauchen bestimmt und ausschlie\u00dflich zur Aromatherapie verkauft.<\/p>\t\t\t\t\t\t\t\t<\/div>\n\t\t\t\t<\/div>\n\t\t\t\t\t<\/div>\n\t\t\t\t<\/div>\n\t\t\t\t<\/div>\n\t\t","protected":false},"excerpt":{"rendered":"<p>HHC vapes und Kartusche \/ Cartridges HHC-Vapes sind in vielen verschiedenen Designs und Modellen erh\u00e4ltlich. Wir haben die traditionellen Einweg-Vapes, bei denen Sie einfach am Vape saugen und sofort Ihre HHC-L\u00f6sung erhalten. Es ist sehr einfach und sie passen gut in eine Tasche oder Innentasche. Die Alternative sind HHC-Pods oder HHC-Kartuschen, wie sie auch genannt [&hellip;]<\/p>\n","protected":false},"author":1,"featured_media":0,"parent":0,"menu_order":0,"comment_status":"closed","ping_status":"closed","template":"","meta":{"ocean_post_layout":"","ocean_both_sidebars_style":"","ocean_both_sidebars_content_width":0,"ocean_both_sidebars_sidebars_width":0,"ocean_sidebar":"0","ocean_second_sidebar":"0","ocean_disable_margins":"enable","ocean_add_body_class":"","ocean_shortcode_before_top_bar":"","ocean_shortcode_after_top_bar":"","ocean_shortcode_before_header":"","ocean_shortcode_after_header":"","ocean_has_shortcode":"","ocean_shortcode_after_title":"","ocean_shortcode_before_footer_widgets":"","ocean_shortcode_after_footer_widgets":"","ocean_shortcode_before_footer_bottom":"","ocean_shortcode_after_footer_bottom":"","ocean_display_top_bar":"default","ocean_display_header":"default","ocean_header_style":"","ocean_center_header_left_menu":"0","ocean_custom_header_template":"0","ocean_custom_logo":0,"ocean_custom_retina_logo":0,"ocean_custom_logo_max_width":0,"ocean_custom_logo_tablet_max_width":0,"ocean_custom_logo_mobile_max_width":0,"ocean_custom_logo_max_height":0,"ocean_custom_logo_tablet_max_height":0,"ocean_custom_logo_mobile_max_height":0,"ocean_header_custom_menu":"0","ocean_menu_typo_font_family":"0","ocean_menu_typo_font_subset":"","ocean_menu_typo_font_size":0,"ocean_menu_typo_font_size_tablet":0,"ocean_menu_typo_font_size_mobile":0,"ocean_menu_typo_font_size_unit":"px","ocean_menu_typo_font_weight":"","ocean_menu_typo_font_weight_tablet":"","ocean_menu_typo_font_weight_mobile":"","ocean_menu_typo_transform":"","ocean_menu_typo_transform_tablet":"","ocean_menu_typo_transform_mobile":"","ocean_menu_typo_line_height":0,"ocean_menu_typo_line_height_tablet":0,"ocean_menu_typo_line_height_mobile":0,"ocean_menu_typo_line_height_unit":"","ocean_menu_typo_spacing":0,"ocean_menu_typo_spacing_tablet":0,"ocean_menu_typo_spacing_mobile":0,"ocean_menu_typo_spacing_unit":"","ocean_menu_link_color":"","ocean_menu_link_color_hover":"","ocean_menu_link_color_active":"","ocean_menu_link_background":"","ocean_menu_link_hover_background":"","ocean_menu_link_active_background":"","ocean_menu_social_links_bg":"","ocean_menu_social_hover_links_bg":"","ocean_menu_social_links_color":"","ocean_menu_social_hover_links_color":"","ocean_disable_title":"default","ocean_disable_heading":"default","ocean_post_title":"","ocean_post_subheading":"","ocean_post_title_style":"","ocean_post_title_background_color":"","ocean_post_title_background":0,"ocean_post_title_bg_image_position":"","ocean_post_title_bg_image_attachment":"","ocean_post_title_bg_image_repeat":"","ocean_post_title_bg_image_size":"","ocean_post_title_height":0,"ocean_post_title_bg_overlay":0.5,"ocean_post_title_bg_overlay_color":"","ocean_disable_breadcrumbs":"default","ocean_breadcrumbs_color":"","ocean_breadcrumbs_separator_color":"","ocean_breadcrumbs_links_color":"","ocean_breadcrumbs_links_hover_color":"","ocean_display_footer_widgets":"default","ocean_display_footer_bottom":"default","ocean_custom_footer_template":"0","osh_disable_topbar_sticky":"default","osh_disable_header_sticky":"default","osh_sticky_header_style":"default","osh_sticky_header_effect":"","osh_custom_sticky_logo":0,"osh_custom_retina_sticky_logo":0,"osh_custom_sticky_logo_height":0,"osh_background_color":"","osh_links_color":"","osh_links_hover_color":"","osh_links_active_color":"","osh_links_bg_color":"","osh_links_hover_bg_color":"","osh_links_active_bg_color":"","osh_menu_social_links_color":"","osh_menu_social_hover_links_color":"","iawp_total_views":571,"footnotes":""},"class_list":["post-24036","page","type-page","status-publish","hentry","entry","owp-thumbs-layout-vertical","owp-btn-normal","owp-tabs-layout-vertical","has-no-thumbnails","has-product-nav","circle-sale"],"_links":{"self":[{"href":"https:\/\/body-n-soul.com\/de\/wp-json\/wp\/v2\/pages\/24036","targetHints":{"allow":["GET"]}}],"collection":[{"href":"https:\/\/body-n-soul.com\/de\/wp-json\/wp\/v2\/pages"}],"about":[{"href":"https:\/\/body-n-soul.com\/de\/wp-json\/wp\/v2\/types\/page"}],"author":[{"embeddable":true,"href":"https:\/\/body-n-soul.com\/de\/wp-json\/wp\/v2\/users\/1"}],"replies":[{"embeddable":true,"href":"https:\/\/body-n-soul.com\/de\/wp-json\/wp\/v2\/comments?post=24036"}],"version-history":[{"count":35,"href":"https:\/\/body-n-soul.com\/de\/wp-json\/wp\/v2\/pages\/24036\/revisions"}],"predecessor-version":[{"id":27586,"href":"https:\/\/body-n-soul.com\/de\/wp-json\/wp\/v2\/pages\/24036\/revisions\/27586"}],"wp:attachment":[{"href":"https:\/\/body-n-soul.com\/de\/wp-json\/wp\/v2\/media?parent=24036"}],"curies":[{"name":"wp","href":"https:\/\/api.w.org\/{rel}","templated":true}]}}